{"id":903,"date":"2018-08-31T14:24:19","date_gmt":"2018-08-31T17:24:19","guid":{"rendered":"https:\/\/isfd6015-sal.infd.edu.ar\/sitio\/historia-2\/"},"modified":"2018-11-06T00:46:27","modified_gmt":"2018-11-06T03:46:27","slug":"historia-2","status":"publish","type":"page","link":"https:\/\/isfd6015-sal.infd.edu.ar\/sitio\/historia-2\/","title":{"rendered":"Historia"},"content":{"rendered":"<p><strong><img decoding=\"async\" loading=\"lazy\" class=\"wp-image-1028 alignleft\" src=\"https:\/\/isfd6015-sal.infd.edu.ar\/sitio\/wp-content\/uploads\/2018\/11\/22159395.jpg\" alt=\"\" width=\"330\" height=\"247\" srcset=\"https:\/\/isfd6015-sal.infd.edu.ar\/sitio\/wp-content\/uploads\/2018\/11\/22159395.jpg 1024w, https:\/\/isfd6015-sal.infd.edu.ar\/sitio\/wp-content\/uploads\/2018\/11\/22159395-1000x750.jpg 1000w, https:\/\/isfd6015-sal.infd.edu.ar\/sitio\/wp-content\/uploads\/2018\/11\/22159395-768x576.jpg 768w\" sizes=\"(max-width: 330px) 100vw, 330px\" \/>Historia del Instituto Superior de formaci\u00f3n Docente N\u00b0 6015.<\/strong><\/p>\n<p>Comenz\u00f3 a funcionar en el a\u00f1o 1.982 con el nombre de PROFESORADO PARA LA ENSE\u00d1ANZA PRIMARIA, El Decreto 745\/82 autoriz\u00f3 en base a las necesidades del medio, la creaci\u00f3n de la primera carrera docente.-<\/p>\n<p>El Profesor\u00a0 JOSE ORLANDO SARMIENTO fue el primer\u00a0 docente a cargo de la Direcci\u00f3n siendo reemplazado al poco tiempo por la Profesora ZAIRA AREDES quien a su vez fue suplantada, y en el mismo a\u00f1o, por la Profesora MARTA ISABEL BOGARIN. En Junio de 1.984 asume con el cargo de Rectora la Profesora ADRIANA ALICIA SALOMON,\u00a0 en ese mismo a\u00f1o esta casa de estudios extiende su campo educacional y formativo con la implementaci\u00f3n, del PROFESORADO EN CIENCIAS JURIDICAS Y CONTABLES, por ello el establecimiento comenz\u00f3 a conocerse con el nombre de INSTITUTO SUPERIOR DE FORMACION DOCENTE.<\/p>\n<p>En el a\u00f1o 1.991 se incrementa el PROFESORADO EN CIENCIAS NATURALES Y EL PROFESORADO DE GEOGRAFIA. Al comenzar el periodo escolar 1.992 se incorpora al INSTITUTO EL PROFESORADO DE LENGUA Y LITERATURA, y la carrera TECNICO SUPERIOR EN PRODUCCION AGROPECUARIA, en\u00a0 el a\u00f1o 1.993 se implement\u00f3 la carrera PROFESORADO DE HISTORIA, en el a\u00f1o 1.994 se implementa EL\u00a0 PROFESORADO DE JARDIN DE INFANTES. En el a\u00f1o 1.995 se implementa la carrera TECNICO SUPERIOR EN ALIMENTACION.-<\/p>\n<p>En el mes de Febrero del a\u00f1o 1.996 asume como RECTOR\u00a0 DEL INSTITUTO EL PROFESOR\u00a0 OSVALDO JAVIER ALBARI\u00d1O, quien egres\u00f3 de \u00e9sta misma Instituci\u00f3n en la 1ra. Promoci\u00f3n de PROFESORES DE CIENCIAS JURIDICAS Y CONTABLES. En el mismo a\u00f1o se implement\u00f3 la carrera TECNICO SUPERIOR EN ADMINISTRACION E INFORMATICA. En el periodo lectivo 1.997 se implement\u00f3 la carrera PROFESORADO DE EDUCACION ESPECIAL. En el ciclo Lectivo 1.998 inicia la carrera TECNICO SUPERIOR EN ORGANIZACI\u00d3N DE EMPRESAS CON ORIENTACION EN FORMULACION Y EVALUACION DE PROYECTO DE INVERSION.<\/p>\n<p><img decoding=\"async\" loading=\"lazy\" class=\"alignleft wp-image-1029\" src=\"https:\/\/isfd6015-sal.infd.edu.ar\/sitio\/wp-content\/uploads\/2018\/11\/22159421.jpg\" alt=\"\" width=\"330\" height=\"248\" \/>En el a\u00f1o 1.999 se implementa la carrera docente PROFESORADO EN FORMACION ETICA Y CIUDADANA reconvirti\u00e9ndose en el presente ciclo lectivo EN PROFESORADO PARA E.G.B. 3 Y EDUCACION POLIMODAL EN CIENCIA POLITICA, tambi\u00e9n se implementa la carrera TECNICO SUPERIOR EN PRODUCTIVIDAD Y CALIDAD TOTAL reconvirti\u00e9ndose\u00a0 en el presente ciclo lectivo\u00a0 EN TECNICATURA SUPERIOR EN PRODUCTIVIDAD Y CALIDAD TOTAL CON ORIENTACION EN PRODUCCIONES REGIONALES.<\/p>\n<p>En el a\u00f1o 2.002 se implementa ELPROFESORADO PARA EGB 3 NIVEL POLIMODAL EN ECONOMIA. En el a\u00f1o 2.005 se implementa la carrera Tecnicatura Superior en Administraci\u00f3n con Orientaci\u00f3n en Inform\u00e1tica. En el a\u00f1o 2.009 se Implementa la carrera Profesorado de Educaci\u00f3n especial con orientaci\u00f3n en Sordos e Hipoac\u00fasicos. En el a\u00f1o 2.011 se implementa la carrera Profesorado de E.G.B. 3 y Educaci\u00f3n Polimodal en Historia. El 4 de mayo del A\u00f1o 2.012 cesa como Rector del Establecimiento por Res. Ministerial N\u00ba: 1.111\/12, el Profesor Javier Osvaldo Albari\u00f1o. En el a\u00f1o 2.013 se implementa la carrera Profesorado de educaci\u00f3n Especial con Orientaci\u00f3n en Discapacidad Intelectual. En el a\u00f1o 2.014 se implementa la carrera Profesorado de Educaci\u00f3n Secundaria en Historia.<\/p>\n<p>Esta casa de estudios desde Mayo de 2.012 no tiene Rector y el\u00a0 Secretario Profesor: Jos\u00e9 Yebara con la colaboraci\u00f3n de los Sres. Profesores lleva adelante el normal funcionamiento del establecimiento.<\/p>\n<p>Actualmente el Instituto cuenta con 456 alumnos y un cuerpo de Profesores de 36 Docentes, 04 Preceptores, 01 Secretario y 03 personales de maestranza.-<\/p>\n","protected":false},"excerpt":{"rendered":"<p>Historia del Instituto Superior de formaci\u00f3n Docente N\u00b0 6015. Comenz\u00f3 a funcionar en el a\u00f1o 1.982 con el nombre de PROFESORADO PARA LA ENSE\u00d1ANZA PRIMARIA, El Decreto 745\/82 autoriz\u00f3 en base a las necesidades del medio, la creaci\u00f3n de la primera carrera docente.- El Profesor\u00a0 JOSE ORLANDO SARMIENTO fue el primer\u00a0 docente a cargo de &#8230; <a title=\"Historia\" class=\"read-more\" href=\"https:\/\/isfd6015-sal.infd.edu.ar\/sitio\/historia-2\/\" aria-label=\"More on Historia\">[+]<\/a><\/p>\n","protected":false},"author":39,"featured_media":0,"parent":0,"menu_order":0,"comment_status":"closed","ping_status":"closed","template":"","meta":[],"acf":[],"_links":{"self":[{"href":"https:\/\/isfd6015-sal.infd.edu.ar\/sitio\/wp-json\/wp\/v2\/pages\/903"}],"collection":[{"href":"https:\/\/isfd6015-sal.infd.edu.ar\/sitio\/wp-json\/wp\/v2\/pages"}],"about":[{"href":"https:\/\/isfd6015-sal.infd.edu.ar\/sitio\/wp-json\/wp\/v2\/types\/page"}],"author":[{"embeddable":true,"href":"https:\/\/isfd6015-sal.infd.edu.ar\/sitio\/wp-json\/wp\/v2\/users\/39"}],"replies":[{"embeddable":true,"href":"https:\/\/isfd6015-sal.infd.edu.ar\/sitio\/wp-json\/wp\/v2\/comments?post=903"}],"version-history":[{"count":2,"href":"https:\/\/isfd6015-sal.infd.edu.ar\/sitio\/wp-json\/wp\/v2\/pages\/903\/revisions"}],"predecessor-version":[{"id":1078,"href":"https:\/\/isfd6015-sal.infd.edu.ar\/sitio\/wp-json\/wp\/v2\/pages\/903\/revisions\/1078"}],"wp:attachment":[{"href":"https:\/\/isfd6015-sal.infd.edu.ar\/sitio\/wp-json\/wp\/v2\/media?parent=903"}],"curies":[{"name":"wp","href":"https:\/\/api.w.org\/{rel}","templated":true}]}}