{"id":878,"date":"2018-08-31T14:24:10","date_gmt":"2018-08-31T17:24:10","guid":{"rendered":"https:\/\/isfd6015-sal.infd.edu.ar\/sitio\/calendario-academico\/"},"modified":"2024-02-16T11:15:07","modified_gmt":"2024-02-16T14:15:07","slug":"am25","status":"publish","type":"page","link":"https:\/\/isfd6015-sal.infd.edu.ar\/sitio\/am25\/","title":{"rendered":"ALUMNO AM 25"},"content":{"rendered":"<h2 style=\"text-align: center;\">Inscripcion alumnos AM 25<\/h2>\n<p><span class=\"fontstyle0\">Los requerimientos b\u00e1sicos para lograr con car\u00e1cter de excepci\u00f3n la condici\u00f3n de aspirantes ser\u00e1n:<\/span><\/p>\n<p><span class=\"fontstyle0\">a) Tener 25 a\u00f1os cumplidos al momento de su inscripci\u00f3n como postulante.<\/span><\/p>\n<p><span class=\"fontstyle0\">b) Poseer estudios primarios completos.<\/span><\/p>\n<p><span class=\"fontstyle0\">c) Poseer las competencias y conocimientos suficientes para cursar la carrera elegida.<\/span><\/p>\n<p><span class=\"fontstyle0\">d) Tener preparaci\u00f3n y \/o experiencia laboral acorde con la carrera que aspira seguir.<\/span><\/p>\n<p><span class=\"fontstyle0\">e) La inscripci\u00f3n de los aspirantes se realizar\u00e1 durante la segunda quincena del mes de noviembre en <\/span><span class=\"fontstyle0\">cada instituci\u00f3n educativa de Nivel Superior no Universitario.<\/span><\/p>\n<p>Descargar formularios:<\/p>\n<p><a href=\"https:\/\/drive.google.com\/file\/d\/1GPVxQ-HjL0NwC8bzejRiGS5uy-ghlU0F\/view?usp=sharing\" target=\"_blank\" rel=\"noopener\">Nota de solicitud de Inscripcion alumnos AM25<\/a><\/p>\n<p><a href=\"https:\/\/drive.google.com\/file\/d\/1Yj6-OvfDzA8ib1T9bk15_Xzj9R8FgtwP\/view?usp=sharing\" target=\"_blank\" rel=\"noopener\">Formularios de inscripcion AM25<\/a><\/p>\n<p>Descargar Resoluciones:<a href=\"https:\/\/drive.google.com\/file\/d\/1pU3Z7AQzF9OYvD5m18IW0wQxDvDyE42d\/view?usp=sharing\" target=\"_blank\" rel=\"noopener\"> RM 4473\/00<\/a> y <a href=\"https:\/\/drive.google.com\/file\/d\/10qFXNEU1-uUoplfO2IpqIQ7b8baMZbJy\/view?usp=sharing\" target=\"_blank\" rel=\"noopener\">RM 02\/09<\/a><\/p>\n<h4>EVALUACION DE INGRESO AM25 (EVALUACION DE COMPETENCIAS Y CONOCIMIENTOS)<\/h4>\n<p>Para concretar el ingreso, el postulante deber\u00e1 aprobar una evaluaci\u00f3n escrita de conocimientos y competencias generales, las que estar\u00e1n a cargo de la Comisi\u00f3n Evaluadora.<\/p>\n<p>Las Comisiones Evaluadoras ser\u00e1n constituidas por las Direcciones Generales de Educaci\u00f3n Superior. Dado el car\u00e1cter de la prueba se conformar\u00e1n las mismas con un generalista, un especialista en Lengua y un especialista en Matem\u00e1tica. Los temas estar\u00e1n integradas por docentes de las instituciones involucradas en el tema de referencia, quienes se desempe\u00f1ar\u00e1n por extensi\u00f3n de funciones.<\/p>\n<p>Las pruebas de evaluaci\u00f3n se realizar\u00e1n durante la segunda quincena del mes de febrero.<\/p>\n","protected":false},"excerpt":{"rendered":"<p>Inscripcion alumnos AM 25 Los requerimientos b\u00e1sicos para lograr con car\u00e1cter de excepci\u00f3n la condici\u00f3n de aspirantes ser\u00e1n: a) Tener 25 a\u00f1os cumplidos al momento de su inscripci\u00f3n como postulante. b) Poseer estudios primarios completos. c) Poseer las competencias y conocimientos suficientes para cursar la carrera elegida. d) Tener preparaci\u00f3n y \/o experiencia laboral acorde &#8230; <a title=\"ALUMNO AM 25\" class=\"read-more\" href=\"https:\/\/isfd6015-sal.infd.edu.ar\/sitio\/am25\/\" aria-label=\"More on ALUMNO AM 25\">[+]<\/a><\/p>\n","protected":false},"author":39,"featured_media":0,"parent":0,"menu_order":0,"comment_status":"closed","ping_status":"closed","template":"","meta":[],"acf":[],"_links":{"self":[{"href":"https:\/\/isfd6015-sal.infd.edu.ar\/sitio\/wp-json\/wp\/v2\/pages\/878"}],"collection":[{"href":"https:\/\/isfd6015-sal.infd.edu.ar\/sitio\/wp-json\/wp\/v2\/pages"}],"about":[{"href":"https:\/\/isfd6015-sal.infd.edu.ar\/sitio\/wp-json\/wp\/v2\/types\/page"}],"author":[{"embeddable":true,"href":"https:\/\/isfd6015-sal.infd.edu.ar\/sitio\/wp-json\/wp\/v2\/users\/39"}],"replies":[{"embeddable":true,"href":"https:\/\/isfd6015-sal.infd.edu.ar\/sitio\/wp-json\/wp\/v2\/comments?post=878"}],"version-history":[{"count":13,"href":"https:\/\/isfd6015-sal.infd.edu.ar\/sitio\/wp-json\/wp\/v2\/pages\/878\/revisions"}],"predecessor-version":[{"id":2646,"href":"https:\/\/isfd6015-sal.infd.edu.ar\/sitio\/wp-json\/wp\/v2\/pages\/878\/revisions\/2646"}],"wp:attachment":[{"href":"https:\/\/isfd6015-sal.infd.edu.ar\/sitio\/wp-json\/wp\/v2\/media?parent=878"}],"curies":[{"name":"wp","href":"https:\/\/api.w.org\/{rel}","templated":true}]}}