{"id":874,"date":"2018-08-31T14:24:09","date_gmt":"2018-08-31T17:24:09","guid":{"rendered":"https:\/\/isfd6015-sal.infd.edu.ar\/sitio\/ingresantes\/"},"modified":"2025-12-01T13:23:59","modified_gmt":"2025-12-01T16:23:59","slug":"ingresantes","status":"publish","type":"page","link":"https:\/\/isfd6015-sal.infd.edu.ar\/sitio\/ingresantes\/","title":{"rendered":"PRE-INSCRIPCI\u00d3N 2026"},"content":{"rendered":"\n<h1 class=\"wp-block-heading\">ALUMNOS INGRESANTES<\/h1>\n\n\n<div id=\"metaslider-id-1011\" style=\"width: 100%;\" class=\"ml-slider-3-33-0 metaslider metaslider-flex metaslider-1011 ml-slider ms-theme-default\" role=\"region\" aria-roledescription=\"Slideshow\" aria-label=\"Slideshow\">\n    <div id=\"metaslider_container_1011\">\n        <div id=\"metaslider_1011\" class=\"flexslider\">\n            <ul aria-live=\"polite\" class=\"slides\">\n                <li style=\"display: block; width: 100%;\" class=\"slide-1341 ms-image\" aria-roledescription=\"slide\" aria-label=\"slide-1341\"><a href=\"https:\/\/isfd6015-sal.infd.edu.ar\/sitio\/carrera-profesorado-de-educacion-secundaria-en-biologia\/\" target=\"_self\"><img src=\"https:\/\/isfd6015-sal.infd.edu.ar\/sitio\/wp-content\/uploads\/2019\/11\/profbiologia-650x118.jpg\" height=\"200\" width=\"1100\" alt=\"\" class=\"slider-1011 slide-1341\" title=\"profbiologia\" \/><\/a><div class=\"caption-wrap\"><div class=\"caption\">Profesorado de Educaci\u00f3n Secundaria en Biolog\u00eda<\/div><\/div><\/li>\n                <li style=\"display: none; width: 100%;\" class=\"slide-1013 ms-image\" aria-roledescription=\"slide\" aria-label=\"slide-1013\"><a href=\"https:\/\/isfd6015-sal.infd.edu.ar\/sitio\/carrera-tecnicatura-superior-en-gestion-de-recursos-humanos\/\" target=\"_blank\"><img src=\"https:\/\/isfd6015-sal.infd.edu.ar\/sitio\/wp-content\/uploads\/2018\/12\/funciones_recursos_humanos_figura_principal2-1100x200.jpg\" height=\"200\" width=\"1100\" alt=\"\" class=\"slider-1011 slide-1013\" title=\"funciones_recursos_humanos_figura_principal2\" \/><\/a><div class=\"caption-wrap\"><div class=\"caption\">Tecnicatura Superior en Gesti\u00f3n de Recursos Humanos<\/div><\/div><\/li>\n                <li style=\"display: none; width: 100%;\" class=\"slide-1014 ms-image\" aria-roledescription=\"slide\" aria-label=\"slide-1014\"><a href=\"https:\/\/isfd6015-sal.infd.edu.ar\/sitio\/profesorado-en-educacion-especial-con-orientacion-en-discapacidad-intelectual-res-4300-19\/\" target=\"_blank\"><img src=\"https:\/\/isfd6015-sal.infd.edu.ar\/sitio\/wp-content\/uploads\/2018\/08\/educacionespecial-500x90.png\" height=\"200\" width=\"1100\" alt=\"\" class=\"slider-1011 slide-1014\" title=\"educacionespecial\" \/><\/a><div class=\"caption-wrap\"><div class=\"caption\">Profesorado en Educaci\u00f3n Especial con Orientaci\u00f3n en discapacidad Intelectual<\/div><\/div><\/li>\n            <\/ul>\n        <\/div>\n        \n    <\/div>\n<\/div>\n\n\n\n<p class=\"has-large-font-size\"><strong><br><\/strong>DOCUMENTACI\u00d3N A PRESENTAR:<\/p>\n\n\n\n<p class=\"has-large-font-size\"><strong><img decoding=\"async\" loading=\"lazy\" width=\"16\" height=\"16\" src=\"\" alt=\"&#x2611;&#xfe0f;\">Formulario de pre-inscripcion<\/strong><\/p>\n\n\n\n<p class=\"has-large-font-size\"><strong><img decoding=\"async\" loading=\"lazy\" width=\"16\" height=\"16\" src=\"\" alt=\"&#x2611;&#xfe0f;\"> Fotocopia DNI<\/strong><\/p>\n\n\n\n<p class=\"has-large-font-size\"><strong><img decoding=\"async\" loading=\"lazy\" width=\"16\" height=\"16\" src=\"\" alt=\"&#x2611;&#xfe0f;\"> Fotocopia T\u00edtulo\/ Secundario (autenticada) o Constancia de T\u00edtulo en Tramite (original)<\/strong><\/p>\n\n\n\n<p class=\"has-large-font-size\"><strong><img decoding=\"async\" loading=\"lazy\" width=\"16\" height=\"16\" src=\"\" alt=\"&#x2611;&#xfe0f;\"> Folio A4<\/strong><\/p>\n\n\n\n<p class=\"has-large-font-size\"><strong><img decoding=\"async\" loading=\"lazy\" width=\"16\" height=\"16\" src=\"\" alt=\"&#x2611;&#xfe0f;\"> CUD (si correspondiera)<\/strong><\/p>\n\n\n\n<p><strong>Fecha y requisitos de pre- inscripci\u00f3n<\/strong><\/p>\n\n\n\n<p class=\"has-medium-font-size\"><strong><img decoding=\"async\" loading=\"lazy\" height=\"16\" width=\"16\" src=\"https:\/\/static.xx.fbcdn.net\/images\/emoji.php\/v9\/t7e\/1\/16\/1f4c5.png\" alt=\"&#x1f4c5;\"> \u00daNICOS D\u00cdAS 22 y 23 de DICIEMBRE 19 a 22 hs.<\/strong><\/p>\n\n\n\n<p><strong>Se realizara de forma presencial hasta completar cupo<\/strong><\/p>\n\n\n\n<p><img decoding=\"async\" loading=\"lazy\" height=\"16\" width=\"16\" src=\"https:\/\/static.xx.fbcdn.net\/images\/emoji.php\/v9\/tcc\/1\/16\/1f4dd.png\" alt=\"&#x1f4dd;\">Descargar formulario: <\/p>\n\n\n\n<figure class=\"wp-block-image size-full is-resized\"><a href=\"https:\/\/drive.google.com\/file\/d\/1-ZtKDcgta6rXrjLGpfXke03-X1ceMavo\/view?usp=sharing\" target=\"_blank\" rel=\"noreferrer noopener\"><img decoding=\"async\" loading=\"lazy\" src=\"https:\/\/isfd6015-sal.infd.edu.ar\/sitio\/wp-content\/uploads\/2025\/11\/Captura-de-pantalla-de-2025-11-28-17-09-01.png\" alt=\"\" class=\"wp-image-3389\" width=\"376\" height=\"390\"\/><\/a><\/figure>\n\n\n\n<h3 class=\"wp-block-heading\">SEDE EMBARCACI\u00d3N<\/h3>\n\n\n\n<p><strong>Carreras:<\/strong><\/p>\n\n\n\n<p><strong>PROFESORADO EN EDUCACI\u00d3N SECUNDARIA EN BIOLOG\u00cdA &#8211; Duraci\u00f3n:4 a\u00f1os<\/strong><\/p>\n\n\n\n<p><strong>PROFESORADO EN EDUCACI\u00d3N ESPECIAL CON ORIENTACI\u00d3N EN DISCAPACIDAD INTELECTUAL &#8211; Duraci\u00f3n:4 a\u00f1os<\/strong><\/p>\n\n\n\n<p><strong>TECNICATURA SUPERIOR EN GESTI\u00d3N DE RECURSOS HUMANOS &#8211; Duraci\u00f3n:4 a\u00f1os<\/strong><\/p>\n\n\n\n<ul>\n<li>Fecha: \u00daNICOS D\u00cdAS DE PRE-INSCRIPCI\u00d3N: 22 y 23 de DICIEMBRE<\/li>\n\n\n\n<li>Localidad: Embarcaci\u00f3n<\/li>\n\n\n\n<li>Lugar: Hipolito Yrigoyen y calle San Luis<\/li>\n\n\n\n<li>Horario de inscripci\u00f3n: 19 a 22 horas<\/li>\n\n\n\n<li><strong>Pre- inscripci\u00f3n presencia<\/strong>l<\/li>\n<\/ul>\n\n\n\n<h3 class=\"wp-block-heading\">EXTENSI\u00d3N AULICA: Misi\u00f3n Carboncito (Localidad: Misi\u00f3n carboncito)<\/h3>\n\n\n\n<p><strong>PROFESORADO EN EDUCACI\u00d3N PRIMARIA EN CON ORIENTACI\u00d3N INTERCULTURAL BILING\u00dcE<\/strong><\/p>\n\n\n\n<ul>\n<li>Fecha: \u00daNICOS D\u00cdAS DE PRE-INSCRIPCI\u00d3N: <strong>A CONFIRMAR<\/strong><\/li>\n\n\n\n<li>Localidad: de Misi\u00f3n carboncito<\/li>\n\n\n\n<li>Lugar: Escuela N\u00b0 4266 rio bermejo<\/li>\n\n\n\n<li>Horario de inscripci\u00f3n: 16 a 21 horas<\/li>\n\n\n\n<li><a rel=\"noopener\" href=\"https:\/\/maps.app.goo.gl\/4cr45RmMnoHB1kAAA\" target=\"_blank\">Posici\u00f3n GPS en google maps<\/a><\/li>\n\n\n\n<li><strong>Pre- inscripci\u00f3n presencial<\/strong><\/li>\n<\/ul>\n\n\n\n<p>DOCUMENTACI\u00d3N A PRESENTAR:<\/p>\n\n\n\n<ul>\n<li><img decoding=\"async\" loading=\"lazy\" height=\"16\" width=\"16\" src=\"https:\/\/static.xx.fbcdn.net\/images\/emoji.php\/v9\/t8d\/1\/16\/2611.png\" alt=\"&#x2611;&#xfe0f;\"> Formulario de pre-inscripcion<\/li>\n\n\n\n<li><img decoding=\"async\" loading=\"lazy\" height=\"16\" width=\"16\" src=\"https:\/\/static.xx.fbcdn.net\/images\/emoji.php\/v9\/t8d\/1\/16\/2611.png\" alt=\"&#x2611;&#xfe0f;\"> Fotocopia DNI<\/li>\n\n\n\n<li><img decoding=\"async\" loading=\"lazy\" height=\"16\" width=\"16\" src=\"https:\/\/static.xx.fbcdn.net\/images\/emoji.php\/v9\/t8d\/1\/16\/2611.png\" alt=\"&#x2611;&#xfe0f;\"> Fotocopia T\u00edtulo\/ Secundario (autenticada) o Constancia de T\u00edtulo en Tramite (original)<\/li>\n\n\n\n<li><img decoding=\"async\" loading=\"lazy\" height=\"16\" width=\"16\" src=\"https:\/\/static.xx.fbcdn.net\/images\/emoji.php\/v9\/t8d\/1\/16\/2611.png\" alt=\"&#x2611;&#xfe0f;\"> Folio A4<\/li>\n\n\n\n<li><img decoding=\"async\" loading=\"lazy\" height=\"16\" width=\"16\" src=\"https:\/\/static.xx.fbcdn.net\/images\/emoji.php\/v9\/t8d\/1\/16\/2611.png\" alt=\"&#x2611;&#xfe0f;\"> CUD (si correspondiera)<\/li>\n<\/ul>\n\n\n\n<h3 class=\"wp-block-heading\">Extensi\u00f3n \u00e1ulica: Misi\u00f3n Chaque\u00f1a (Localidad: Misi\u00f3n Chaque\u00f1a)<\/h3>\n\n\n\n<p><strong>TECNICATURA SUPERIOR EN ARTE TEXTIL E INDUMENTARIA<\/strong><\/p>\n\n\n\n<ul>\n<li>fecha: \u00daNICOS D\u00cdAS DE PRE-INSCRIPCI\u00d3N: <strong>A CONFIRMAR<\/strong><\/li>\n\n\n\n<li>Localidad: de Misi\u00f3n Chaque\u00f1a<\/li>\n\n\n\n<li>Lugar: colegio Secundario N\u00b0 5165<\/li>\n\n\n\n<li>Horario de inscripcion:&nbsp; 9 a 12 horas<\/li>\n\n\n\n<li><a rel=\"noopener\" href=\"https:\/\/maps.app.goo.gl\/NXC862KVZte69HQz7\" target=\"_blank\">Posicion GPS en google maps<\/a><\/li>\n\n\n\n<li><strong>Pre- inscripci\u00f3n presencial<\/strong><\/li>\n<\/ul>\n\n\n\n<p>DOCUMENTACI\u00d3N A PRESENTAR:<\/p>\n\n\n\n<ul>\n<li><img decoding=\"async\" loading=\"lazy\" height=\"16\" width=\"16\" src=\"https:\/\/static.xx.fbcdn.net\/images\/emoji.php\/v9\/t8d\/1\/16\/2611.png\" alt=\"&#x2611;&#xfe0f;\"> Formulario de pre- inscripci\u00d3n<\/li>\n\n\n\n<li><img decoding=\"async\" loading=\"lazy\" height=\"16\" width=\"16\" src=\"https:\/\/static.xx.fbcdn.net\/images\/emoji.php\/v9\/t8d\/1\/16\/2611.png\" alt=\"&#x2611;&#xfe0f;\"> Fotocopia DNI<\/li>\n\n\n\n<li><img decoding=\"async\" loading=\"lazy\" height=\"16\" width=\"16\" src=\"https:\/\/static.xx.fbcdn.net\/images\/emoji.php\/v9\/t8d\/1\/16\/2611.png\" alt=\"&#x2611;&#xfe0f;\"> Fotocopia T\u00edtulo\/ Secundario (autenticada) o Constancia de T\u00edtulo en Tramite (original)<\/li>\n\n\n\n<li><img decoding=\"async\" loading=\"lazy\" height=\"16\" width=\"16\" src=\"https:\/\/static.xx.fbcdn.net\/images\/emoji.php\/v9\/t8d\/1\/16\/2611.png\" alt=\"&#x2611;&#xfe0f;\"> Folio A4<\/li>\n\n\n\n<li><img decoding=\"async\" loading=\"lazy\" height=\"16\" width=\"16\" src=\"https:\/\/static.xx.fbcdn.net\/images\/emoji.php\/v9\/t8d\/1\/16\/2611.png\" alt=\"&#x2611;&#xfe0f;\"> CUD (si correspondiera)<\/li>\n<\/ul>\n\n\n\n<p class=\"has-large-font-size\"><strong>ALUMNOS AM25<\/strong><\/p>\n\n\n\n<p><strong>REQUISITOS PARA LA INSCRIPCI\u00d3N<\/strong><\/p>\n\n\n\n<p>Alumnos mayores de 25 a\u00f1os sin titulo secundario<a href=\"https:\/\/isfd6015-sal.infd.edu.ar\/sitio\/am25\/\"> requisitos aqui : Alumnos AM 25<\/a><\/p>\n\n\n\n<figure class=\"wp-block-embed is-type-wp-embed is-provider-instituto-superior-de-formacion-docente-n-6015 wp-block-embed-instituto-superior-de-formacion-docente-n-6015\"><div class=\"wp-block-embed__wrapper\">\n<blockquote class=\"wp-embedded-content\" data-secret=\"upwSq4jbCI\"><a href=\"https:\/\/isfd6015-sal.infd.edu.ar\/sitio\/am25\/\">ALUMNO AM 25<\/a><\/blockquote><iframe class=\"wp-embedded-content\" sandbox=\"allow-scripts\" security=\"restricted\" style=\"position: absolute; clip: rect(1px, 1px, 1px, 1px);\" title=\"\u00abALUMNO AM 25\u00bb \u2014 Instituto Superior de Formaci\u00f3n Docente N\u00ba 6015\" src=\"https:\/\/isfd6015-sal.infd.edu.ar\/sitio\/am25\/embed\/#?secret=BpcgKfNpIC#?secret=upwSq4jbCI\" data-secret=\"upwSq4jbCI\" width=\"600\" height=\"338\" frameborder=\"0\" marginwidth=\"0\" marginheight=\"0\" scrolling=\"no\"><\/iframe>\n<\/div><\/figure>\n\n\n\n<p class=\"has-large-font-size\"><strong>CURSO DE INGRESO O AMBIENTACI\u00d3N EN LA SEDE CENTRAL EMBARCACI\u00d3N<\/strong><\/p>\n\n\n\n<p><strong><i>\u00bfCu\u00e1ndo<\/i><em>&nbsp;inicia el curso de ingreso o curso de nivelaci\u00f3n de la carrera?<\/em><\/strong><\/p>\n\n\n\n<p>9 de febrero 2026<\/p>\n\n\n\n<p><em><strong>\u00bfCu\u00e1l es el horario?<\/strong><\/em><\/p>\n\n\n\n<p>a partir de las 19hs asistir con la cartilla al curso de ingreso<\/p>\n\n\n\n<p><em><strong>\u00bfEn donde se dicta el curso?<\/strong><\/em><\/p>\n\n\n\n<p>En la sede del instituto embarcaci\u00f3n<\/p>\n\n\n\n<p><em><strong>\u00bfD\u00f3nde consigo la Cartilla del curso de ambientaci\u00f3n?<\/strong><\/em><\/p>\n\n\n\n<p>Profesorado de Educaci\u00f3n Especial con orientaci\u00f3n en discapacidad intelectual (<em>fecha de disponibilidad a confirmar<\/em>)<\/p>\n\n\n\n<p>Tecnicatura Superior en Recursos Humanos. (<em>fecha de disponibilidad a confirmar<\/em>)<\/p>\n\n\n\n<p>Profesorado de Educaci\u00f3n Secundaria en Biolog\u00eda. (<em>fecha de disponibilidad a confirmar<\/em>)<\/p>\n\n\n\n<p><em>&nbsp;Profesorado en Educaci\u00f3n Especial con orientaci\u00f3n en Discapacidad Intelectual (fecha de disponibilidad a confirmar)<\/em><\/p>\n\n\n\n<p><strong><em>\u00bfEs obligatorio asistir y rendir el examen?<\/em><\/strong><\/p>\n\n\n\n<p><strong>Si es un requisito para continuar en la carrera.<\/strong><\/p>\n\n\n\n<p><em>\u00bfUna vez que apruebo el examen que hago?<\/em><\/p>\n\n\n\n<p>Una vez aprobado el examen de ingreso a fines del mes de febrero, se deber\u00e1 completar el legajo presentando en un folio oficio:<\/p>\n\n\n\n<ul>\n<li>2 (dos) fotos 4&#215;4 y Apto<\/li>\n\n\n\n<li>Apto \u2013 Psico &#8211; f\u00edsico y fonoaudiol\u00f3gico<\/li>\n<\/ul>\n\n\n\n<p>\u00bfD\u00f3nde descargo el <a rel=\"noopener\" href=\"https:\/\/drive.google.com\/file\/d\/1dZLsjE65LcSea7D9xOwYCCJbskHcU82s\/view?usp=share_link\" target=\"_blank\"><strong>Apto \u2013 Psico &#8211; f\u00edsico y fonoaudiol\u00f3gico<\/strong><\/a>?<\/p>\n\n\n\n<h3 class=\"wp-block-heading\"><a rel=\"noopener\" href=\"https:\/\/drive.google.com\/file\/d\/1dZLsjE65LcSea7D9xOwYCCJbskHcU82s\/view\" target=\"_blank\"><strong>Descargar el Psico &#8211; f\u00edsico y fonoaudiol\u00f3gico<\/strong><\/a><\/h3>\n\n\n\n<p><a href=\"https:\/\/drive.google.com\/file\/d\/1dZLsjE65LcSea7D9xOwYCCJbskHcU82s\/view?usp=share_link\" target=\"_blank\" rel=\"noopener\"><strong>Descarga aqui Apto \u2013 Psico &#8211; f\u00edsico y fonoaudiol\u00f3gico<\/strong><\/a><\/p>\n\n\n\n<figure class=\"wp-block-image\"><a href=\"https:\/\/drive.google.com\/file\/d\/1dZLsjE65LcSea7D9xOwYCCJbskHcU82s\/view?usp=share_link\" target=\"_blank\" rel=\"noopener\"><img decoding=\"async\" loading=\"lazy\" width=\"409\" height=\"663\" src=\"https:\/\/isfd6015-sal.infd.edu.ar\/sitio\/wp-content\/uploads\/2018\/12\/cetificado_medico.png\" alt=\"\" class=\"wp-image-1158\"\/><\/a><\/figure>\n\n\n\n<p><a href=\"https:\/\/drive.google.com\/file\/d\/1dZLsjE65LcSea7D9xOwYCCJbskHcU82s\/view?usp=share_link\" target=\"_blank\" rel=\"noopener\"><strong>Descargar aqui<\/strong><\/a><\/p>\n\n\n\n<p>LA PRE- INSCRIPCI\u00d3N QUEDAR\u00c1 FINALIZADA CON TODA LA DOCUMENTACI\u00d3N PRESENTADA<\/p>\n","protected":false},"excerpt":{"rendered":"<p>ALUMNOS INGRESANTES DOCUMENTACI\u00d3N A PRESENTAR: Formulario de pre-inscripcion Fotocopia DNI Fotocopia T\u00edtulo\/ Secundario (autenticada) o Constancia de T\u00edtulo en Tramite (original) Folio A4 CUD (si correspondiera) Fecha y requisitos de pre- inscripci\u00f3n \u00daNICOS D\u00cdAS 22 y 23 de DICIEMBRE 19 a 22 hs. Se realizara de forma presencial hasta completar cupo Descargar formulario: SEDE EMBARCACI\u00d3N &#8230; <a title=\"PRE-INSCRIPCI\u00d3N 2026\" class=\"read-more\" href=\"https:\/\/isfd6015-sal.infd.edu.ar\/sitio\/ingresantes\/\" aria-label=\"More on PRE-INSCRIPCI\u00d3N 2026\">[+]<\/a><\/p>\n","protected":false},"author":39,"featured_media":0,"parent":0,"menu_order":0,"comment_status":"closed","ping_status":"closed","template":"","meta":[],"acf":[],"_links":{"self":[{"href":"https:\/\/isfd6015-sal.infd.edu.ar\/sitio\/wp-json\/wp\/v2\/pages\/874"}],"collection":[{"href":"https:\/\/isfd6015-sal.infd.edu.ar\/sitio\/wp-json\/wp\/v2\/pages"}],"about":[{"href":"https:\/\/isfd6015-sal.infd.edu.ar\/sitio\/wp-json\/wp\/v2\/types\/page"}],"author":[{"embeddable":true,"href":"https:\/\/isfd6015-sal.infd.edu.ar\/sitio\/wp-json\/wp\/v2\/users\/39"}],"replies":[{"embeddable":true,"href":"https:\/\/isfd6015-sal.infd.edu.ar\/sitio\/wp-json\/wp\/v2\/comments?post=874"}],"version-history":[{"count":304,"href":"https:\/\/isfd6015-sal.infd.edu.ar\/sitio\/wp-json\/wp\/v2\/pages\/874\/revisions"}],"predecessor-version":[{"id":3428,"href":"https:\/\/isfd6015-sal.infd.edu.ar\/sitio\/wp-json\/wp\/v2\/pages\/874\/revisions\/3428"}],"wp:attachment":[{"href":"https:\/\/isfd6015-sal.infd.edu.ar\/sitio\/wp-json\/wp\/v2\/media?parent=874"}],"curies":[{"name":"wp","href":"https:\/\/api.w.org\/{rel}","templated":true}]}}