{"id":857,"date":"2018-08-31T14:24:02","date_gmt":"2018-08-31T17:24:02","guid":{"rendered":"https:\/\/isfd6015-sal.infd.edu.ar\/sitio\/carrera-profesorado-en-educacion-especial\/"},"modified":"2021-12-15T19:06:07","modified_gmt":"2021-12-15T22:06:07","slug":"carrera-profesorado-en-educacion-especial","status":"publish","type":"page","link":"https:\/\/isfd6015-sal.infd.edu.ar\/sitio\/carrera-profesorado-en-educacion-especial\/","title":{"rendered":"Profesorado en Educaci\u00f3n Especial con Orientaci\u00f3n en discapacidad Intelectual"},"content":{"rendered":"<p><span style=\"font-size: 12pt;\" data-mce-mark=\"1\"><strong>Titulo que otorga: <\/strong><\/span><span style=\"font-size: 12pt;\" data-mce-mark=\"1\">Profesorado en Educaci\u00f3n Especial con Orientaci\u00f3n en discapacidad Intelectual.<\/span><\/p>\n<p><span style=\"font-size: 12pt;\" data-mce-mark=\"1\"><strong>Duracion de la Carrera:<\/strong> 4 a\u00f1os<\/span><\/p>\n<p><span style=\"font-size: 12pt;\" data-mce-mark=\"1\"><span style=\"font-size: 12pt;\" data-mce-mark=\"1\"><strong>Modalidad:<\/strong> Presencial<\/span><\/span><\/p>\n<p><span style=\"font-size: 12pt;\" data-mce-mark=\"1\"><strong>Ambito a desempe\u00f1arse:<\/strong>\u00a0Todos a los niveles<\/span><\/p>\n<ul>\n<li><span style=\"font-size: 12pt;\">Nivel Inicial<\/span><\/li>\n<li><span style=\"font-size: 12pt;\">Nivel\u00a0Primario<\/span><\/li>\n<li><span style=\"font-size: 12pt;\">Nivel\u00a0Secundario<\/span><\/li>\n<\/ul>\n<p><strong style=\"font-size: 12pt;\">Objetivo de la carrera:<\/strong><\/p>\n<p><span style=\"font-size: 12pt;\" data-mce-mark=\"1\">El profesorado de Educaci\u00f3n Especial tendr\u00e1 como\u00a0<strong>objetivos<\/strong>\u00a0que los futuros docentes:<\/span><\/p>\n<ul>\n<li><span style=\"font-size: 12pt;\" data-mce-mark=\"1\">Reconozcan al sujeto de la educaci\u00f3n especial,\u00a0con una visi\u00f3n integral, reconociendo sus posibilidades de v\u00ednculos e\u00a0interacci\u00f3n con Otros.<\/span><\/li>\n<li><span style=\"font-size: 12pt;\" data-mce-mark=\"1\">Construyan un marco interpretativo sobre el campo\u00a0de la educaci\u00f3n especial y los distintos paradigmas, con sus consecuentes\u00a0derivaciones sociales, culturales, institucionales y metodol\u00f3gicas,\u00a0profundizando en el conocimiento\u00a0 y\u00a0la comprensi\u00f3n de las principales problem\u00e1ticas que caracterizan los\u00a0contextos espec\u00edficos de actuaci\u00f3n profesional.<\/span><\/li>\n<li><span style=\"font-size: 12pt;\" data-mce-mark=\"1\">Desarrollen una actitud reflexiva respecto de su\u00a0rol y del sentido que cobra la ense\u00f1anza en los distintos \u00e1mbitos de\u00a0incidencia de la educaci\u00f3n especial, con conciencia del car\u00e1cter pol\u00edtico,\u00a0social y \u00e9tico de su tarea docente, en la b\u00fasqueda de estrategias\u00a0educativas adecuadas para abordar la diversidad con las m\u00e1s altas\u00a0expectativas de logro para cada uno de los alumnos y con miras a la superaci\u00f3n de las desigualdades.<\/span><\/li>\n<\/ul>\n<p><span style=\"font-size: 12pt;\"><strong><a title=\"Plan de estudios\" href=\"index.cgi?wid_item=4&amp;wid_seccion=2\">Plan de estudio de la carrera\u00a0<\/a><a title=\"Plan de estudios\" href=\"https:\/\/isfd6015-sal.infd.edu.ar\/sitio\/plan-de-estudios-pee-res-4300-19\/\"><img decoding=\"async\" loading=\"lazy\" class=\"\" style=\"border: 0;\" src=\"https:\/\/isfd6015-sal.infd.edu.ar\/sitio\/wp-content\/uploads\/2018\/08\/Clic_aqui.png\" alt=\"clic aqui\" width=\"111\" height=\"37\" border=\"0\" \/><\/a><\/strong><\/span><\/p>\n","protected":false},"excerpt":{"rendered":"<p>Titulo que otorga: Profesorado en Educaci\u00f3n Especial con Orientaci\u00f3n en discapacidad Intelectual. Duracion de la Carrera: 4 a\u00f1os Modalidad: Presencial Ambito a desempe\u00f1arse:\u00a0Todos a los niveles Nivel Inicial Nivel\u00a0Primario Nivel\u00a0Secundario Objetivo de la carrera: El profesorado de Educaci\u00f3n Especial tendr\u00e1 como\u00a0objetivos\u00a0que los futuros docentes: Reconozcan al sujeto de la educaci\u00f3n especial,\u00a0con una visi\u00f3n integral, reconociendo &#8230; <a title=\"Profesorado en Educaci\u00f3n Especial con Orientaci\u00f3n en discapacidad Intelectual\" class=\"read-more\" href=\"https:\/\/isfd6015-sal.infd.edu.ar\/sitio\/carrera-profesorado-en-educacion-especial\/\" aria-label=\"More on Profesorado en Educaci\u00f3n Especial con Orientaci\u00f3n en discapacidad Intelectual\">[+]<\/a><\/p>\n","protected":false},"author":39,"featured_media":0,"parent":0,"menu_order":0,"comment_status":"closed","ping_status":"closed","template":"","meta":[],"acf":[],"_links":{"self":[{"href":"https:\/\/isfd6015-sal.infd.edu.ar\/sitio\/wp-json\/wp\/v2\/pages\/857"}],"collection":[{"href":"https:\/\/isfd6015-sal.infd.edu.ar\/sitio\/wp-json\/wp\/v2\/pages"}],"about":[{"href":"https:\/\/isfd6015-sal.infd.edu.ar\/sitio\/wp-json\/wp\/v2\/types\/page"}],"author":[{"embeddable":true,"href":"https:\/\/isfd6015-sal.infd.edu.ar\/sitio\/wp-json\/wp\/v2\/users\/39"}],"replies":[{"embeddable":true,"href":"https:\/\/isfd6015-sal.infd.edu.ar\/sitio\/wp-json\/wp\/v2\/comments?post=857"}],"version-history":[{"count":4,"href":"https:\/\/isfd6015-sal.infd.edu.ar\/sitio\/wp-json\/wp\/v2\/pages\/857\/revisions"}],"predecessor-version":[{"id":2226,"href":"https:\/\/isfd6015-sal.infd.edu.ar\/sitio\/wp-json\/wp\/v2\/pages\/857\/revisions\/2226"}],"wp:attachment":[{"href":"https:\/\/isfd6015-sal.infd.edu.ar\/sitio\/wp-json\/wp\/v2\/media?parent=857"}],"curies":[{"name":"wp","href":"https:\/\/api.w.org\/{rel}","templated":true}]}}