{"id":2694,"date":"2024-04-29T16:19:11","date_gmt":"2024-04-29T19:19:11","guid":{"rendered":"https:\/\/isfd6015-sal.infd.edu.ar\/sitio\/?page_id=2694"},"modified":"2026-03-27T12:59:10","modified_gmt":"2026-03-27T15:59:10","slug":"equivalencias","status":"publish","type":"page","link":"https:\/\/isfd6015-sal.infd.edu.ar\/sitio\/equivalencias\/","title":{"rendered":"Equivalencias"},"content":{"rendered":"\n<p>Se podr\u00e1n acreditar Unidades Curriculares mediante el r\u00e9gimen de&nbsp;<strong>equivalencia<\/strong>, es decir,&nbsp;&nbsp;saberes acreditados en nuestro instituto (en planes anteriores al vigente o de otras carreras) o en otras instituciones del mismo nivel.&nbsp;Las equivalencias podr\u00e1n comprender la Unidad&nbsp; Curricular completa (<strong>equivalencia total<\/strong>) o una parte de la misma (<strong>equivalencia parcial<\/strong>).&nbsp;<\/p>\n\n\n\n<pre class=\"wp-block-verse has-text-align-center has-large-font-size\"><strong><em>Resultados equivalencias 2025 Cl\u00edck aqu\u00ed<\/em><\/strong><\/pre>\n\n\n\n<p class=\"has-medium-font-size\"><br>Requisitos y Formulario de solicitud de Equivalencias<\/p>\n\n\n\n<p class=\"has-text-align-center has-accent-color has-text-color has-large-font-size\">Para solicitar equivalencias de materias del 1er cuatrimestre y materias anuales lo podr\u00e1 realizar desde el 1 al 30 de abril. Para solicitar equivalencias de materias del 2er cuatrimestre realizarlo lo podr\u00e1 hacerlo desde el 1 al 30 de agosto.<\/p>\n\n\n\n<p>Ingrese y complete el formulario para solicitar equivalencias:<\/p>\n\n\n\n<p class=\"has-text-align-center has-medium-font-size\"><a href=\"https:\/\/forms.gle\/i8ezmVwmWEberSdz5\" target=\"_blank\" rel=\"noreferrer noopener\"><img decoding=\"async\" loading=\"lazy\" width=\"296\" height=\"109\" class=\"wp-image-2699\" style=\"width: 250px;\" src=\"https:\/\/isfd6015-sal.infd.edu.ar\/sitio\/wp-content\/uploads\/2024\/04\/Captura-de-pantalla-2024-04-29-162332-1.png\" alt=\"formulario\"><\/a><\/p>\n\n\n\n<p class=\"has-text-align-center has-large-font-size\"><a href=\"https:\/\/forms.gle\/i8ezmVwmWEberSdz5\" target=\"_blank\" rel=\"noreferrer noopener\">clic aqui para completar el formulario<\/a><\/p>\n\n\n\n<p>Una vez completado el formulario recibir\u00e1 en su correo electr\u00f3nico con el PDF para imprimir y adjuntar junto a la siguiente documentaci\u00f3n. <\/p>\n\n\n\n<p>REQUISITOS No olvidar que adem\u00e1s de presentar el formulario debe adjuntar:<\/p>\n\n\n\n<pre class=\"wp-block-preformatted\">Estado curricular o fotocopia del titulo (autenticada por el Instituto de procedencia, sin excepci\u00f3n).<\/pre>\n\n\n\n<pre class=\"wp-block-preformatted\">Programa de la materia que va solicita equivalencia (autenticada por el Instituto de procedencia, sin excepci\u00f3n).<\/pre>\n\n\n\n<pre class=\"wp-block-preformatted\">Por cada materia que solicita debe presentar un formulario con su copia de estado curricular y programa.<\/pre>\n\n\n\n<pre class=\"wp-block-preformatted\">La documentaci\u00f3n y el formulario se debe presentar en un folio A4.<\/pre>\n\n\n\n<p>Una vez todos los requisitos completos presentar en la secretaria del instituto<\/p>\n\n\n\n<p><\/p>\n","protected":false},"excerpt":{"rendered":"<p>Se podr\u00e1n acreditar Unidades Curriculares mediante el r\u00e9gimen de&nbsp;equivalencia, es decir,&nbsp;&nbsp;saberes acreditados en nuestro instituto (en planes anteriores al vigente o de otras carreras) o en otras instituciones del mismo nivel.&nbsp;Las equivalencias podr\u00e1n comprender la Unidad&nbsp; Curricular completa (equivalencia total) o una parte de la misma (equivalencia parcial).&nbsp; Resultados equivalencias 2025 Cl\u00edck aqu\u00ed Requisitos y &#8230; <a title=\"Equivalencias\" class=\"read-more\" href=\"https:\/\/isfd6015-sal.infd.edu.ar\/sitio\/equivalencias\/\" aria-label=\"More on Equivalencias\">[+]<\/a><\/p>\n","protected":false},"author":9,"featured_media":0,"parent":0,"menu_order":0,"comment_status":"closed","ping_status":"closed","template":"","meta":[],"acf":[],"_links":{"self":[{"href":"https:\/\/isfd6015-sal.infd.edu.ar\/sitio\/wp-json\/wp\/v2\/pages\/2694"}],"collection":[{"href":"https:\/\/isfd6015-sal.infd.edu.ar\/sitio\/wp-json\/wp\/v2\/pages"}],"about":[{"href":"https:\/\/isfd6015-sal.infd.edu.ar\/sitio\/wp-json\/wp\/v2\/types\/page"}],"author":[{"embeddable":true,"href":"https:\/\/isfd6015-sal.infd.edu.ar\/sitio\/wp-json\/wp\/v2\/users\/9"}],"replies":[{"embeddable":true,"href":"https:\/\/isfd6015-sal.infd.edu.ar\/sitio\/wp-json\/wp\/v2\/comments?post=2694"}],"version-history":[{"count":10,"href":"https:\/\/isfd6015-sal.infd.edu.ar\/sitio\/wp-json\/wp\/v2\/pages\/2694\/revisions"}],"predecessor-version":[{"id":3491,"href":"https:\/\/isfd6015-sal.infd.edu.ar\/sitio\/wp-json\/wp\/v2\/pages\/2694\/revisions\/3491"}],"wp:attachment":[{"href":"https:\/\/isfd6015-sal.infd.edu.ar\/sitio\/wp-json\/wp\/v2\/media?parent=2694"}],"curies":[{"name":"wp","href":"https:\/\/api.w.org\/{rel}","templated":true}]}}