{"id":2399,"date":"2023-03-29T12:03:30","date_gmt":"2023-03-29T15:03:30","guid":{"rendered":"https:\/\/isfd6015-sal.infd.edu.ar\/sitio\/?page_id=2399"},"modified":"2026-03-11T11:05:07","modified_gmt":"2026-03-11T14:05:07","slug":"horarios-de-cursado","status":"publish","type":"page","link":"https:\/\/isfd6015-sal.infd.edu.ar\/sitio\/horarios-de-cursado\/","title":{"rendered":"HORARIOS DE CURSADO"},"content":{"rendered":"\n<p>Descargar dias y horario de cursado<\/p>\n\n\n\n<figure class=\"wp-block-table is-style-stripes has-medium-font-size\"><table><tbody><tr><td class=\"has-text-align-center\" data-align=\"center\"><strong>Carreras<\/strong><\/td><td class=\"has-text-align-center\" data-align=\"center\"><strong>Descargar las fechas<\/strong><\/td><\/tr><tr><td class=\"has-text-align-center\" data-align=\"center\">Profesroado en Educaci\u00f3n Especial con Orientaci\u00f3n en Discapacidad Intelectual<\/td><td class=\"has-text-align-center\" data-align=\"center\"><a href=\"https:\/\/isfd6015-sal.infd.edu.ar\/sitio\/wp-content\/uploads\/2026\/03\/PEE-Horarios-1\u00b0-cuatr_-2026_080239.pdf\" target=\"_blank\" rel=\"noreferrer noopener\">1\u00b0 Cuatrimestre<\/a><br>2\u00b0 Cuatrimestre<\/td><\/tr><tr><td class=\"has-text-align-center\" data-align=\"center\">Profesorado en Educaci\u00f3n Secundaria en Biolog\u00eda <\/td><td class=\"has-text-align-center\" data-align=\"center\"><a href=\"https:\/\/isfd6015-sal.infd.edu.ar\/sitio\/wp-content\/uploads\/2026\/03\/PBIOL-Horarios-1o-Cuatr-2026_115215.pdf\" target=\"_blank\" rel=\"noreferrer noopener\">1\u00b0 Cuatrimestre<\/a><br>2\u00b0 Cuatrimestre<\/td><\/tr><tr><td class=\"has-text-align-center\" data-align=\"center\">Tecnicatura Superior en Gesti\u00f3n Recursos Humanos<\/td><td class=\"has-text-align-center\" data-align=\"center\"><a href=\"https:\/\/isfd6015-sal.infd.edu.ar\/sitio\/wp-content\/uploads\/2026\/03\/TRRHH-.-Horarios-1o-CUAT-2026_071514.pdf\" target=\"_blank\" rel=\"noreferrer noopener\">1\u00b0 Cuatrimestre<\/a><br>2\u00b0 Cuatrimestre<\/td><\/tr><\/tbody><\/table><\/figure>\n\n\n\n<p class=\"has-text-align-center has-large-font-size\">HORARIOS DE CURSADO EXTENSI\u00d3N AULICA<\/p>\n\n\n\n<figure class=\"wp-block-table is-style-stripes has-medium-font-size\"><table><tbody><tr><td class=\"has-text-align-center\" data-align=\"center\"><strong>Carreras<\/strong><\/td><td class=\"has-text-align-center\" data-align=\"center\"><strong>Descargar las fechas<\/strong><\/td><\/tr><tr><td class=\"has-text-align-center\" data-align=\"center\">Tecnicatura Superior en Enfermeria Intercultural Bilingue<\/td><td class=\"has-text-align-center\" data-align=\"center\">1\u00b0 Cuatrimestre<br>2\u00b0 Cuatrimestre<\/td><\/tr><tr><td class=\"has-text-align-center\" data-align=\"center\">Tecnicatura Superior en Arte Textil e Indumentaria<\/td><td class=\"has-text-align-center\" data-align=\"center\">1\u00b0 Cuatrimestre<br>2\u00b0 Cuatrimestre<\/td><\/tr><tr><td class=\"has-text-align-center\" data-align=\"center\">Profesorado en Educaci\u00f3n Primaria con Orientaci\u00f3n en Educaci\u00f3n Intercultural Bilingue<\/td><td class=\"has-text-align-center\" data-align=\"center\"><a href=\"https:\/\/isfd6015-sal.infd.edu.ar\/sitio\/wp-content\/uploads\/2026\/03\/PEP-EIB-Horarios-1\u00b0-cuatr_-2026_080034.pdf\" target=\"_blank\" rel=\"noreferrer noopener\">1\u00b0 Cuatrimestre<\/a><br>2\u00b0 Cuatrimestre<\/td><\/tr><\/tbody><\/table><\/figure>\n","protected":false},"excerpt":{"rendered":"<p>Descargar dias y horario de cursado Carreras Descargar las fechas Profesroado en Educaci\u00f3n Especial con Orientaci\u00f3n en Discapacidad Intelectual 1\u00b0 Cuatrimestre2\u00b0 Cuatrimestre Profesorado en Educaci\u00f3n Secundaria en Biolog\u00eda 1\u00b0 Cuatrimestre2\u00b0 Cuatrimestre Tecnicatura Superior en Gesti\u00f3n Recursos Humanos 1\u00b0 Cuatrimestre2\u00b0 Cuatrimestre HORARIOS DE CURSADO EXTENSI\u00d3N AULICA Carreras Descargar las fechas Tecnicatura Superior en Enfermeria Intercultural Bilingue &#8230; <a title=\"HORARIOS DE CURSADO\" class=\"read-more\" href=\"https:\/\/isfd6015-sal.infd.edu.ar\/sitio\/horarios-de-cursado\/\" aria-label=\"More on HORARIOS DE CURSADO\">[+]<\/a><\/p>\n","protected":false},"author":9,"featured_media":0,"parent":0,"menu_order":0,"comment_status":"closed","ping_status":"closed","template":"","meta":[],"acf":[],"_links":{"self":[{"href":"https:\/\/isfd6015-sal.infd.edu.ar\/sitio\/wp-json\/wp\/v2\/pages\/2399"}],"collection":[{"href":"https:\/\/isfd6015-sal.infd.edu.ar\/sitio\/wp-json\/wp\/v2\/pages"}],"about":[{"href":"https:\/\/isfd6015-sal.infd.edu.ar\/sitio\/wp-json\/wp\/v2\/types\/page"}],"author":[{"embeddable":true,"href":"https:\/\/isfd6015-sal.infd.edu.ar\/sitio\/wp-json\/wp\/v2\/users\/9"}],"replies":[{"embeddable":true,"href":"https:\/\/isfd6015-sal.infd.edu.ar\/sitio\/wp-json\/wp\/v2\/comments?post=2399"}],"version-history":[{"count":11,"href":"https:\/\/isfd6015-sal.infd.edu.ar\/sitio\/wp-json\/wp\/v2\/pages\/2399\/revisions"}],"predecessor-version":[{"id":3481,"href":"https:\/\/isfd6015-sal.infd.edu.ar\/sitio\/wp-json\/wp\/v2\/pages\/2399\/revisions\/3481"}],"wp:attachment":[{"href":"https:\/\/isfd6015-sal.infd.edu.ar\/sitio\/wp-json\/wp\/v2\/media?parent=2399"}],"curies":[{"name":"wp","href":"https:\/\/api.w.org\/{rel}","templated":true}]}}