{"id":2108,"date":"2021-08-02T14:29:54","date_gmt":"2021-08-02T17:29:54","guid":{"rendered":"https:\/\/isfd6015-sal.infd.edu.ar\/sitio\/?page_id=2108"},"modified":"2021-08-02T14:29:55","modified_gmt":"2021-08-02T17:29:55","slug":"programas-de-las-materias-del-profesorado-en-historia","status":"publish","type":"page","link":"https:\/\/isfd6015-sal.infd.edu.ar\/sitio\/programas-de-las-materias-del-profesorado-en-historia\/","title":{"rendered":"Programas de las materias del Profesorado en Historia"},"content":{"rendered":"\n<p><strong>Programas de las materias del Profesorado en Historia<\/strong><\/p>\n\n\n\n<p>Aqu\u00ed podr\u00e1s descargar los programas de la materias de la carrera del Profesorado de Educaci\u00f3n Secundaria en Historia.&nbsp;Selecciona la materia y hacer clic en descargar.<\/p>\n\n\n\n<figure class=\"wp-block-table\"><table><tbody><tr><td>#<\/td><td><strong>Materia<\/strong><\/td><td><strong>Descargar programas<\/strong><\/td><\/tr><tr><td>1.1<\/td><td>Pedagog\u00eda<\/td><td>No disponible<\/td><\/tr><tr><td>1.2<\/td><td>Did\u00e1ctica General<\/td><td>No disponible<\/td><\/tr><tr><td>1.3<\/td><td>Psicolog\u00eda Educacional<\/td><td>No disponible<\/td><\/tr><tr><td>1.4<\/td><td>Lectura y Escritura Acad\u00e9mica<\/td><td>No disponible<\/td><\/tr><tr><td>1.5<\/td><td>Prehistoria General \u2013 Civilizaciones americanas<\/td><td>No disponible<\/td><\/tr><tr><td>1.6<\/td><td>Historia Antigua y Medieval<\/td><td><a rel=\"noreferrer noopener\" href=\"https:\/\/drive.google.com\/file\/d\/1KjyUHZtG2UWO2Es5pAfBmJOTxUZVcmNL\/view?usp=sharing\" target=\"_blank\">Descargar<\/a><\/td><\/tr><tr><td>1.7<\/td><td>Historia de las Ideas Pol\u00edticas<\/td><td>No disponible<\/td><\/tr><tr><td>1.8<\/td><td>Espacio y sociedad<\/td><td>No disponible<\/td><\/tr><tr><td>1.9<\/td><td>Pr\u00e1ctica Docente 1: Contexto, Comunidad y Escuela*<\/td><td>No disponible<\/td><\/tr><tr><td>2.10<\/td><td>Sociolog\u00eda de La Educaci\u00f3n<\/td><td><a rel=\"noreferrer noopener\" href=\"https:\/\/drive.google.com\/file\/d\/1ARVW8VlOPKGCValo7jWTfO8gOyS-3dW_\/view?usp=sharing\" target=\"_blank\">Descargar<\/a><\/td><\/tr><tr><td>2.11<\/td><td>Filosof\u00eda<\/td><td><a rel=\"noreferrer noopener\" href=\"https:\/\/drive.google.com\/file\/d\/1J2ipYrrryGuxpTEazIn4kpuyi83ayAzx\/view?usp=sharing\" target=\"_blank\">Descargar<\/a><\/td><\/tr><tr><td>2.12<\/td><td>Tecnolog\u00edas de la Informaci\u00f3n y la Comunicaci\u00f3n \u2013 TICs<\/td><td>No disponible<\/td><\/tr><tr><td>2.13<\/td><td>Sujetos de la Educaci\u00f3n Secundaria<\/td><td><a rel=\"noreferrer noopener\" href=\"https:\/\/drive.google.com\/file\/d\/1groLophdprhesSaGFFDLJ2wsNqin0oqo\/view?usp=sharing\" target=\"_blank\">Descargar<\/a><\/td><\/tr><tr><td>2.14<\/td><td>Historia Moderna<\/td><td><a rel=\"noreferrer noopener\" href=\"https:\/\/drive.google.com\/file\/d\/1jnlqxXYdQTgZHyR0l_do7TZJ6NfRkPJZ\/view?usp=sharing\" target=\"_blank\">Descargar<\/a>&nbsp;<\/td><\/tr><tr><td>2.15<\/td><td>Historia Americana 1<\/td><td>No disponible<\/td><\/tr><tr><td>2.16<\/td><td>Historia Argentina 1<\/td><td>No disponible<\/td><\/tr><tr><td>2.17<\/td><td>Did\u00e1ctica Especial de la Historia<\/td><td><a rel=\"noreferrer noopener\" href=\"https:\/\/drive.google.com\/file\/d\/1OAar_JMKrOUrpuZXxnb4iIo70TErbeHv\/view?usp=sharing\" target=\"_blank\">Descargar<\/a><\/td><\/tr><tr><td>2.18<\/td><td>Pr\u00e1ctica Docente II: Gesti\u00f3n Institucional, Curr\u00edculum y<br>Ense\u00f1anza*<\/td><td><a rel=\"noreferrer noopener\" href=\"https:\/\/drive.google.com\/file\/d\/1lpJg6gP3tZ2yav2I82Y7D61s9z_twMVb\/view?usp=sharing\" target=\"_blank\">Descargar<\/a><\/td><\/tr><tr><td>3.19<\/td><td>Historia y Pol\u00edtica de la Educaci\u00f3n Argentina<\/td><td>No disponible<\/td><\/tr><tr><td>3.20<\/td><td>Epistemolog\u00eda de las Ciencias<\/td><td>No disponible<\/td><\/tr><tr><td>3.21<\/td><td>Inclusi\u00f3n Educativa en el Nivel Secundario<\/td><td><a rel=\"noreferrer noopener\" href=\"https:\/\/drive.google.com\/file\/d\/1OT6EMTlCpGbO65RodUjXN_pjhwxImCox\/view?usp=sharing\" target=\"_blank\">Descargar<\/a><\/td><\/tr><tr><td>3.22<\/td><td>Historia Contempor\u00e1nea<\/td><td><a rel=\"noreferrer noopener\" href=\"https:\/\/drive.google.com\/file\/d\/1C3HBM-VrUacssztjzNBVBkfBlvHDLx2m\/view?usp=sharing\" target=\"_blank\">Descargar<\/a><\/td><\/tr><tr><td>3.23<\/td><td>Historia Americana II<\/td><td><a rel=\"noreferrer noopener\" href=\"https:\/\/drive.google.com\/file\/d\/1Xk_Bub20-Z3KWZ0h8Ij0YuYtZlo5CVXW\/view?usp=sharing\" target=\"_blank\">Descargar<\/a><\/td><\/tr><tr><td>3.24<\/td><td>Historia Argentina II<\/td><td><a rel=\"noreferrer noopener\" href=\"https:\/\/drive.google.com\/file\/d\/1s_YOIG-RwG7PrZ9NEenQXwQmmt7XKPpx\/view?usp=sharing\" target=\"_blank\">Descargar<\/a><\/td><\/tr><tr><td>3.25<\/td><td>E.D.I. Historia del arte<\/td><td><a rel=\"noreferrer noopener\" href=\"https:\/\/drive.google.com\/file\/d\/1BA5zX9GgEeB4BmPUkXAPNZ3FPu4Uy3vL\/view?usp=sharing\" target=\"_blank\">Descargar<\/a><\/td><\/tr><tr><td>3.26<\/td><td>Pr\u00e1ctica Docente III: Pr\u00e1cticas de Ense\u00f1anza***<\/td><td>No disponible<\/td><\/tr><tr><td>4.27<\/td><td>Formaci\u00f3n \u00c9tica Ciudadana<\/td><td>No disponible<\/td><\/tr><tr><td>4.28<\/td><td>Educaci\u00f3n Sexual Integral<\/td><td><a rel=\"noreferrer noopener\" href=\"https:\/\/drive.google.com\/file\/d\/1LM4j3zy9R9VFMUvApXiz1wBMtqrT4qJl\/view?usp=sharing\" target=\"_blank\">Descargar<\/a><\/td><\/tr><tr><td>4.29<\/td><td>Problem\u00e1tica de la ense\u00f1anza de la Historia en la escuela secundada<\/td><td>No disponible<\/td><\/tr><tr><td>4.30<\/td><td>Historia Regional<\/td><td>No disponible<\/td><\/tr><tr><td>4.31<\/td><td>Historia Americana III<\/td><td><a rel=\"noreferrer noopener\" href=\"https:\/\/drive.google.com\/file\/d\/1TybCeAvGteeZ1i2-KBTTQby5hBiWOx0E\/view?usp=sharing\" target=\"_blank\">Descargar<\/a><\/td><\/tr><tr><td>4.32<\/td><td>Historia Argentina III<\/td><td>No disponible<\/td><\/tr><tr><td>4.33<\/td><td>E.D.I.&nbsp;Metodolog\u00eda de la investigaci\u00f3n<\/td><td>No disponible<\/td><\/tr><tr><td>4.34<\/td><td>Pr\u00e1ctica Docente IV: Residencia&nbsp;<\/td><td><a rel=\"noreferrer noopener\" href=\"https:\/\/drive.google.com\/file\/d\/1YmmKSrSd05L3waQ2QM1GiZKXasInttC8\/view?usp=sharing\" target=\"_blank\">Descargar<\/a><\/td><\/tr><\/tbody><\/table><\/figure>\n","protected":false},"excerpt":{"rendered":"<p>Programas de las materias del Profesorado en Historia Aqu\u00ed podr\u00e1s descargar los programas de la materias de la carrera del Profesorado de Educaci\u00f3n Secundaria en Historia.&nbsp;Selecciona la materia y hacer clic en descargar. # Materia Descargar programas 1.1 Pedagog\u00eda No disponible 1.2 Did\u00e1ctica General No disponible 1.3 Psicolog\u00eda Educacional No disponible 1.4 Lectura y Escritura &#8230; <a title=\"Programas de las materias del Profesorado en Historia\" class=\"read-more\" href=\"https:\/\/isfd6015-sal.infd.edu.ar\/sitio\/programas-de-las-materias-del-profesorado-en-historia\/\" aria-label=\"More on Programas de las materias del Profesorado en Historia\">[+]<\/a><\/p>\n","protected":false},"author":9,"featured_media":0,"parent":0,"menu_order":0,"comment_status":"closed","ping_status":"closed","template":"","meta":[],"acf":[],"_links":{"self":[{"href":"https:\/\/isfd6015-sal.infd.edu.ar\/sitio\/wp-json\/wp\/v2\/pages\/2108"}],"collection":[{"href":"https:\/\/isfd6015-sal.infd.edu.ar\/sitio\/wp-json\/wp\/v2\/pages"}],"about":[{"href":"https:\/\/isfd6015-sal.infd.edu.ar\/sitio\/wp-json\/wp\/v2\/types\/page"}],"author":[{"embeddable":true,"href":"https:\/\/isfd6015-sal.infd.edu.ar\/sitio\/wp-json\/wp\/v2\/users\/9"}],"replies":[{"embeddable":true,"href":"https:\/\/isfd6015-sal.infd.edu.ar\/sitio\/wp-json\/wp\/v2\/comments?post=2108"}],"version-history":[{"count":1,"href":"https:\/\/isfd6015-sal.infd.edu.ar\/sitio\/wp-json\/wp\/v2\/pages\/2108\/revisions"}],"predecessor-version":[{"id":2112,"href":"https:\/\/isfd6015-sal.infd.edu.ar\/sitio\/wp-json\/wp\/v2\/pages\/2108\/revisions\/2112"}],"wp:attachment":[{"href":"https:\/\/isfd6015-sal.infd.edu.ar\/sitio\/wp-json\/wp\/v2\/media?parent=2108"}],"curies":[{"name":"wp","href":"https:\/\/api.w.org\/{rel}","templated":true}]}}