{"id":2017,"date":"2021-03-17T20:09:10","date_gmt":"2021-03-17T23:09:10","guid":{"rendered":"https:\/\/isfd6015-sal.infd.edu.ar\/sitio\/?page_id=2017"},"modified":"2021-06-11T20:18:19","modified_gmt":"2021-06-11T23:18:19","slug":"preceptoria-2","status":"publish","type":"page","link":"https:\/\/isfd6015-sal.infd.edu.ar\/sitio\/preceptoria-2\/","title":{"rendered":"Preceptoria"},"content":{"rendered":"<h3><img decoding=\"async\" loading=\"lazy\" class=\"alignnone size-full wp-image-2018\" src=\"https:\/\/isfd6015-sal.infd.edu.ar\/sitio\/wp-content\/uploads\/2021\/03\/PRECEPTORIA.png\" alt=\"\" width=\"391\" height=\"155\" \/><\/h3>\n<h3>Estimados Estudiantes del IES 6015<\/h3>\n<p>Aqu\u00ed\u00a0encontraran el formulario de solicitud de\u00a0Constancia de Alumno Regular<\/p>\n<p>Debido una disposici\u00f3n de la supervisi\u00f3n el certificado anal\u00edtico se entrega impreso con firmas escritas de las autoridades de la instituci\u00f3n (ya no se entregan de forma virtual). El alumnos se debe acercar al instituto para solicitar la constancia de titulo en tramite y su estado curricular con 24hs de anticipaci\u00f3n.<\/p>\n<p>para ingresar\u00a0\u00a0<a href=\"https:\/\/isfd6015-sal.infd.edu.ar\/aula\/index.cgi?id_curso=186\"><img decoding=\"async\" loading=\"lazy\" class=\"alignnone size-full wp-image-821\" src=\"https:\/\/isfd6015-sal.infd.edu.ar\/sitio\/wp-content\/uploads\/2018\/08\/images3.jpeg\" alt=\"\" width=\"150\" height=\"45\" \/><\/a><\/p>\n<p>&nbsp;<\/p>\n<p><em>Si no tenes el usuario y la contrase\u00f1a env\u00eda un WhatsApp al 3878344095<\/em><\/p>\n","protected":false},"excerpt":{"rendered":"<p>Estimados Estudiantes del IES 6015 Aqu\u00ed\u00a0encontraran el formulario de solicitud de\u00a0Constancia de Alumno Regular Debido una disposici\u00f3n de la supervisi\u00f3n el certificado anal\u00edtico se entrega impreso con firmas escritas de las autoridades de la instituci\u00f3n (ya no se entregan de forma virtual). El alumnos se debe acercar al instituto para solicitar la constancia de titulo &#8230; <a title=\"Preceptoria\" class=\"read-more\" href=\"https:\/\/isfd6015-sal.infd.edu.ar\/sitio\/preceptoria-2\/\" aria-label=\"More on Preceptoria\">[+]<\/a><\/p>\n","protected":false},"author":9,"featured_media":0,"parent":0,"menu_order":0,"comment_status":"closed","ping_status":"closed","template":"","meta":[],"acf":[],"_links":{"self":[{"href":"https:\/\/isfd6015-sal.infd.edu.ar\/sitio\/wp-json\/wp\/v2\/pages\/2017"}],"collection":[{"href":"https:\/\/isfd6015-sal.infd.edu.ar\/sitio\/wp-json\/wp\/v2\/pages"}],"about":[{"href":"https:\/\/isfd6015-sal.infd.edu.ar\/sitio\/wp-json\/wp\/v2\/types\/page"}],"author":[{"embeddable":true,"href":"https:\/\/isfd6015-sal.infd.edu.ar\/sitio\/wp-json\/wp\/v2\/users\/9"}],"replies":[{"embeddable":true,"href":"https:\/\/isfd6015-sal.infd.edu.ar\/sitio\/wp-json\/wp\/v2\/comments?post=2017"}],"version-history":[{"count":9,"href":"https:\/\/isfd6015-sal.infd.edu.ar\/sitio\/wp-json\/wp\/v2\/pages\/2017\/revisions"}],"predecessor-version":[{"id":2074,"href":"https:\/\/isfd6015-sal.infd.edu.ar\/sitio\/wp-json\/wp\/v2\/pages\/2017\/revisions\/2074"}],"wp:attachment":[{"href":"https:\/\/isfd6015-sal.infd.edu.ar\/sitio\/wp-json\/wp\/v2\/media?parent=2017"}],"curies":[{"name":"wp","href":"https:\/\/api.w.org\/{rel}","templated":true}]}}