{"id":1720,"date":"2020-08-20T18:50:04","date_gmt":"2020-08-20T21:50:04","guid":{"rendered":"https:\/\/isfd6015-sal.infd.edu.ar\/sitio\/?page_id=1720"},"modified":"2024-07-29T16:01:57","modified_gmt":"2024-07-29T19:01:57","slug":"programa-de-las-materias","status":"publish","type":"page","link":"https:\/\/isfd6015-sal.infd.edu.ar\/sitio\/programa-de-las-materias\/","title":{"rendered":"Programa de las materias"},"content":{"rendered":"\n<h3 class=\"wp-block-heading\">Selecciona la carrera para ingresar a la plataforma educativa y poder descargar los programas.<\/h3>\n\n\n\n<p>Para ingresar a la plataforma y descargar los programas el alumno debe contar con el usuario y la contrase\u00f1a de la plataforma educativa del instituto. Si no tienes cuenta comun\u00edcate con el RTI para solicitar tu acceso canales de comunicaci\u00f3n:<\/p>\n\n\n\n<p>email: ifd6015@gmail.com<\/p>\n\n\n\n<p>whatsapp: 3878619915<\/p>\n\n\n\n<figure class=\"wp-block-table is-style-stripes has-medium-font-size\"><table><tbody><tr><td><strong>Carreras<\/strong><\/td><td class=\"has-text-align-center\" data-align=\"center\">Descargar<\/td><\/tr><tr><td><a href=\"https:\/\/isfd6015-sal.infd.edu.ar\/sitio\/programas-de-las-materias-de-la-tecnicatura-superior-en-enfermeria-intercultural-bilingue\/\">Tecnicatura Superior en Enfermer\u00eda Intercultural Biling\u00fce (Resoluci\u00f3n. 091\/22)<\/a><\/td><td class=\"has-text-align-center\" data-align=\"center\"><a href=\"https:\/\/isfd6015-sal.infd.edu.ar\/sitio\/programas-de-las-materias-de-la-tecnicatura-superior-en-enfermeria-intercultural-bilingue\/\"><img decoding=\"async\" loading=\"lazy\" width=\"512\" height=\"512\" class=\"wp-image-2779\" style=\"width: 75px;\" src=\"https:\/\/isfd6015-sal.infd.edu.ar\/sitio\/wp-content\/uploads\/2024\/07\/imagen_2024-07-29_150408787.png\" alt=\"icono descarga\" srcset=\"https:\/\/isfd6015-sal.infd.edu.ar\/sitio\/wp-content\/uploads\/2024\/07\/imagen_2024-07-29_150408787.png 512w, https:\/\/isfd6015-sal.infd.edu.ar\/sitio\/wp-content\/uploads\/2024\/07\/imagen_2024-07-29_150408787-500x500.png 500w\" sizes=\"(max-width: 512px) 100vw, 512px\" \/><\/a><\/td><\/tr><tr><td><a href=\"https:\/\/isfd6015-sal.infd.edu.ar\/sitio\/programas-de-las-materias-de-la-tecnicatura-superior-en-indumentaria-e-arte-textil\/\">Tecnicatura Superior en Indumentaria y Arte Textil (Resoluci\u00f3n. 360\/05 )<\/a><\/td><td class=\"has-text-align-center\" data-align=\"center\"><a href=\"https:\/\/isfd6015-sal.infd.edu.ar\/sitio\/programas-de-las-materias-de-la-tecnicatura-superior-en-indumentaria-e-arte-textil\/\"><img decoding=\"async\" loading=\"lazy\" width=\"512\" height=\"512\" class=\"wp-image-2779\" style=\"width: 75px;\" src=\"https:\/\/isfd6015-sal.infd.edu.ar\/sitio\/wp-content\/uploads\/2024\/07\/imagen_2024-07-29_150408787.png\" alt=\"icono descarga\" srcset=\"https:\/\/isfd6015-sal.infd.edu.ar\/sitio\/wp-content\/uploads\/2024\/07\/imagen_2024-07-29_150408787.png 512w, https:\/\/isfd6015-sal.infd.edu.ar\/sitio\/wp-content\/uploads\/2024\/07\/imagen_2024-07-29_150408787-500x500.png 500w\" sizes=\"(max-width: 512px) 100vw, 512px\" \/><\/a><\/td><\/tr><tr><td><a href=\"https:\/\/isfd6015-sal.infd.edu.ar\/sitio\/programas-de-las-materias-del-profesorado-de-educacion-secundaria-en-biologia\/\">Profesorado en Educaci\u00f3n Secundaria en Biolog\u00eda (Resoluci\u00f3n. 510\/14)<\/a><\/td><td class=\"has-text-align-center\" data-align=\"center\"><a href=\"https:\/\/isfd6015-sal.infd.edu.ar\/sitio\/programas-de-las-materias-del-profesorado-de-educacion-secundaria-en-biologia\/\"><img decoding=\"async\" loading=\"lazy\" width=\"512\" height=\"512\" class=\"wp-image-2779\" style=\"width: 75px;\" src=\"https:\/\/isfd6015-sal.infd.edu.ar\/sitio\/wp-content\/uploads\/2024\/07\/imagen_2024-07-29_150408787.png\" alt=\"icono descarga\" srcset=\"https:\/\/isfd6015-sal.infd.edu.ar\/sitio\/wp-content\/uploads\/2024\/07\/imagen_2024-07-29_150408787.png 512w, https:\/\/isfd6015-sal.infd.edu.ar\/sitio\/wp-content\/uploads\/2024\/07\/imagen_2024-07-29_150408787-500x500.png 500w\" sizes=\"(max-width: 512px) 100vw, 512px\" \/><\/a><\/td><\/tr><tr><td><a href=\"https:\/\/isfd6015-sal.infd.edu.ar\/sitio\/programas-de-las-materias-del-profesorado-de-educacion-especial\/\">Profesorado en Educaci\u00f3n Especial Con Orientaci\u00f3n en Discapacidad Intelectual (Res. 4273\/19)<\/a><br><a href=\"https:\/\/isfd6015-sal.infd.edu.ar\/sitio\/programas-de-las-materias-del-profesorado-de-educacion-especial\/\">Profesorado de Educaci\u00f3n Especial Con Orientaci\u00f3n en Discapacidad Intelectual (Resoluci\u00f3n. 539\/09 y Resoluci\u00f3n. 1170\/14)<\/a><\/td><td class=\"has-text-align-center\" data-align=\"center\"><a href=\"https:\/\/isfd6015-sal.infd.edu.ar\/sitio\/programas-de-las-materias-del-profesorado-de-educacion-especial\/\"><img decoding=\"async\" loading=\"lazy\" width=\"512\" height=\"512\" class=\"wp-image-2779\" style=\"width: 75px;\" src=\"https:\/\/isfd6015-sal.infd.edu.ar\/sitio\/wp-content\/uploads\/2024\/07\/imagen_2024-07-29_150408787.png\" alt=\"icono descarga\" srcset=\"https:\/\/isfd6015-sal.infd.edu.ar\/sitio\/wp-content\/uploads\/2024\/07\/imagen_2024-07-29_150408787.png 512w, https:\/\/isfd6015-sal.infd.edu.ar\/sitio\/wp-content\/uploads\/2024\/07\/imagen_2024-07-29_150408787-500x500.png 500w\" sizes=\"(max-width: 512px) 100vw, 512px\" \/><\/a><a href=\"https:\/\/isfd6015-sal.infd.edu.ar\/sitio\/programas-de-las-materias-del-profesorado-de-educacion-especial\/\"><\/a><\/td><\/tr><tr><td><a href=\"https:\/\/isfd6015-sal.infd.edu.ar\/sitio\/programas-de-la-materias-de-la-carreras-de-tecnicatura\/\">Tecnicatura Superior en Gesti\u00f3n de Recursos Humanos (Resoluci\u00f3n. 8966\/18)<\/a><\/td><td class=\"has-text-align-center\" data-align=\"center\"><a href=\"https:\/\/isfd6015-sal.infd.edu.ar\/sitio\/programas-de-la-materias-de-la-carreras-de-tecnicatura\/\"><img decoding=\"async\" loading=\"lazy\" width=\"512\" height=\"512\" class=\"wp-image-2779\" style=\"width: 75px;\" src=\"https:\/\/isfd6015-sal.infd.edu.ar\/sitio\/wp-content\/uploads\/2024\/07\/imagen_2024-07-29_150408787.png\" alt=\"icono descarga\" srcset=\"https:\/\/isfd6015-sal.infd.edu.ar\/sitio\/wp-content\/uploads\/2024\/07\/imagen_2024-07-29_150408787.png 512w, https:\/\/isfd6015-sal.infd.edu.ar\/sitio\/wp-content\/uploads\/2024\/07\/imagen_2024-07-29_150408787-500x500.png 500w\" sizes=\"(max-width: 512px) 100vw, 512px\" \/><\/a><a href=\"https:\/\/isfd6015-sal.infd.edu.ar\/sitio\/programas-de-la-materias-de-la-carreras-de-tecnicatura\/\"><\/a><\/td><\/tr><tr><td><a href=\"https:\/\/isfd6015-sal.infd.edu.ar\/sitio\/programas-de-las-materias-del-profesorado-en-historia\/\">Profesorado de Educaci\u00f3n Secundaria en Historia (Resoluci\u00f3n. 798\/14)<\/a><\/td><td class=\"has-text-align-center\" data-align=\"center\"><a href=\"https:\/\/isfd6015-sal.infd.edu.ar\/sitio\/programas-de-las-materias-del-profesorado-en-historia\/\"><img decoding=\"async\" loading=\"lazy\" width=\"512\" height=\"512\" class=\"wp-image-2779\" style=\"width: 75px;\" src=\"https:\/\/isfd6015-sal.infd.edu.ar\/sitio\/wp-content\/uploads\/2024\/07\/imagen_2024-07-29_150408787.png\" alt=\"icono descarga\" srcset=\"https:\/\/isfd6015-sal.infd.edu.ar\/sitio\/wp-content\/uploads\/2024\/07\/imagen_2024-07-29_150408787.png 512w, https:\/\/isfd6015-sal.infd.edu.ar\/sitio\/wp-content\/uploads\/2024\/07\/imagen_2024-07-29_150408787-500x500.png 500w\" sizes=\"(max-width: 512px) 100vw, 512px\" \/><\/a><a href=\"https:\/\/isfd6015-sal.infd.edu.ar\/sitio\/programas-de-las-materias-del-profesorado-en-historia\/\"><\/a><\/td><\/tr><\/tbody><\/table><\/figure>\n\n\n\n<p><\/p>\n","protected":false},"excerpt":{"rendered":"<p>Selecciona la carrera para ingresar a la plataforma educativa y poder descargar los programas. Para ingresar a la plataforma y descargar los programas el alumno debe contar con el usuario y la contrase\u00f1a de la plataforma educativa del instituto. Si no tienes cuenta comun\u00edcate con el RTI para solicitar tu acceso canales de comunicaci\u00f3n: email: &#8230; <a title=\"Programa de las materias\" class=\"read-more\" href=\"https:\/\/isfd6015-sal.infd.edu.ar\/sitio\/programa-de-las-materias\/\" aria-label=\"More on Programa de las materias\">[+]<\/a><\/p>\n","protected":false},"author":9,"featured_media":0,"parent":0,"menu_order":0,"comment_status":"closed","ping_status":"closed","template":"","meta":[],"acf":[],"_links":{"self":[{"href":"https:\/\/isfd6015-sal.infd.edu.ar\/sitio\/wp-json\/wp\/v2\/pages\/1720"}],"collection":[{"href":"https:\/\/isfd6015-sal.infd.edu.ar\/sitio\/wp-json\/wp\/v2\/pages"}],"about":[{"href":"https:\/\/isfd6015-sal.infd.edu.ar\/sitio\/wp-json\/wp\/v2\/types\/page"}],"author":[{"embeddable":true,"href":"https:\/\/isfd6015-sal.infd.edu.ar\/sitio\/wp-json\/wp\/v2\/users\/9"}],"replies":[{"embeddable":true,"href":"https:\/\/isfd6015-sal.infd.edu.ar\/sitio\/wp-json\/wp\/v2\/comments?post=1720"}],"version-history":[{"count":43,"href":"https:\/\/isfd6015-sal.infd.edu.ar\/sitio\/wp-json\/wp\/v2\/pages\/1720\/revisions"}],"predecessor-version":[{"id":2821,"href":"https:\/\/isfd6015-sal.infd.edu.ar\/sitio\/wp-json\/wp\/v2\/pages\/1720\/revisions\/2821"}],"wp:attachment":[{"href":"https:\/\/isfd6015-sal.infd.edu.ar\/sitio\/wp-json\/wp\/v2\/media?parent=1720"}],"curies":[{"name":"wp","href":"https:\/\/api.w.org\/{rel}","templated":true}]}}