{"id":1403,"date":"2019-11-28T02:04:42","date_gmt":"2019-11-28T05:04:42","guid":{"rendered":"https:\/\/isfd6015-sal.infd.edu.ar\/sitio\/?page_id=1403"},"modified":"2025-05-21T20:46:33","modified_gmt":"2025-05-21T23:46:33","slug":"plan-de-estudios-pee-res-4300-19","status":"publish","type":"page","link":"https:\/\/isfd6015-sal.infd.edu.ar\/sitio\/plan-de-estudios-pee-res-4300-19\/","title":{"rendered":"Plan de estudios PEE Res. 4273\/19"},"content":{"rendered":"<p align=\"center\"><strong>Estructura Curricular<\/strong><\/p>\n<p><strong>Descargar: <a href=\"https:\/\/drive.google.com\/file\/d\/1uO4CS0pxM3mLCtXfgd2GhPBE7nH2ZrRd\/view?usp=sharing\">Resoluci\u00f3n 4273\/19<\/a> &#8211;\u00a0 Nueva correlatividad : <a href=\"https:\/\/drive.google.com\/file\/d\/1SeEJ746WXJfk02QIg69mGq7rgWB_lOs0\/view?usp=sharing\" target=\"_blank\" rel=\"noopener\">Disposici\u00f3n 97\/25<\/a><\/strong><\/p>\n<p>Fuente: <a href=\"https:\/\/dges-sal.infd.edu.ar\/sitio\/disenos-curriculares\/\" target=\"_blank\" rel=\"noopener\">Direcci\u00f3n General de Educaci\u00f3n Superior Salta<\/a><\/p>\n<table border=\"0\" cellspacing=\"0\">\n<colgroup width=\"85\"><\/colgroup>\n<colgroup width=\"260\"><\/colgroup>\n<colgroup span=\"3\" width=\"85\"><\/colgroup>\n<tbody>\n<tr>\n<td colspan=\"5\" align=\"center\" valign=\"middle\" bgcolor=\"#FFFFFF\" height=\"32\"><b><span style=\"font-family: Liberation Serif;\">Profesorado de Educaci\u00f3n Especial Con Orientaci\u00f3n en Discapacidad Intelectual (Descargar: Resoluci\u00f3n 4300\/19 &#8211; Disp. 185\/19 y Disp 97\/25)<\/span><\/b><\/td>\n<\/tr>\n<tr>\n<td align=\"center\" bgcolor=\"#7DA7D8\" height=\"17\"><span style=\"font-family: Liberation Serif;\">#<\/span><\/td>\n<td align=\"center\" bgcolor=\"#7DA7D8\"><b><span style=\"font-family: Liberation Serif;\">PRIMER A\u00d1O<\/span><\/b><\/td>\n<td align=\"center\" bgcolor=\"#7DA7D8\"><b><span style=\"font-family: Liberation Serif;\">ANUAL<\/span><\/b><\/td>\n<td align=\"center\" bgcolor=\"#7DA7D8\"><b><span style=\"font-family: Liberation Serif;\">1\u00b0 CUAT.<\/span><\/b><\/td>\n<td align=\"center\" bgcolor=\"#7DA7D8\"><b><span style=\"font-family: Liberation Serif;\">2\u00b0 CUAT..<\/span><\/b><\/td>\n<\/tr>\n<tr>\n<td align=\"center\" bgcolor=\"#FFFFFF\" height=\"17\"><span style=\"font-family: Liberation Serif;\">1.1<\/span><\/td>\n<td align=\"center\" bgcolor=\"#FFFFFF\"><span style=\"font-family: Liberation Serif;\">Psicolog\u00eda Educacional<\/span><\/td>\n<td align=\"center\" bgcolor=\"#FFFFFF\"><span style=\"font-family: Liberation Serif;\">\u00a0<\/span><\/td>\n<td align=\"center\" bgcolor=\"#FFFFFF\"><span style=\"font-family: Liberation Serif;\">6<\/span><\/td>\n<td align=\"center\" bgcolor=\"#FFFFFF\"><span style=\"font-family: Liberation Serif;\">\u00a0<\/span><\/td>\n<\/tr>\n<tr>\n<td align=\"center\" bgcolor=\"#FFFFFF\" height=\"17\"><span style=\"font-family: Liberation Serif;\">1.2<\/span><\/td>\n<td align=\"center\" bgcolor=\"#FFFFFF\"><span style=\"font-family: Liberation Serif;\">Lectura y Escritura acad\u00e9mica<\/span><\/td>\n<td align=\"center\" bgcolor=\"#FFFFFF\"><span style=\"font-family: Liberation Serif;\">\u00a0<\/span><\/td>\n<td align=\"center\" bgcolor=\"#FFFFFF\"><span style=\"font-family: Liberation Serif;\">\u00a0<\/span><\/td>\n<td align=\"center\" bgcolor=\"#FFFFFF\"><span style=\"font-family: Liberation Serif;\">3<\/span><\/td>\n<\/tr>\n<tr>\n<td align=\"center\" bgcolor=\"#FFFFFF\" height=\"17\"><span style=\"font-family: Liberation Serif;\">1.3<\/span><\/td>\n<td align=\"center\" bgcolor=\"#FFFFFF\"><span style=\"font-family: Liberation Serif;\">Did\u00e1ctica General<\/span><\/td>\n<td align=\"center\" bgcolor=\"#FFFFFF\"><span style=\"font-family: Liberation Serif;\">\u00a0<\/span><\/td>\n<td align=\"center\" bgcolor=\"#FFFFFF\"><span style=\"font-family: Liberation Serif;\">\u00a0<\/span><\/td>\n<td align=\"center\" bgcolor=\"#FFFFFF\"><span style=\"font-family: Liberation Serif;\">3<\/span><\/td>\n<\/tr>\n<tr>\n<td align=\"center\" bgcolor=\"#FFFFFF\" height=\"17\"><span style=\"font-family: Liberation Serif;\">1.4<\/span><\/td>\n<td align=\"center\" bgcolor=\"#FFFFFF\"><span style=\"font-family: Liberation Serif;\">Historia Argentina y Latinoamericana<\/span><\/td>\n<td align=\"center\" bgcolor=\"#FFFFFF\"><span style=\"font-family: Liberation Serif;\">5<\/span><\/td>\n<td align=\"center\" bgcolor=\"#FFFFFF\"><span style=\"font-family: Liberation Serif;\">\u00a0<\/span><\/td>\n<td align=\"center\" bgcolor=\"#FFFFFF\"><span style=\"font-family: Liberation Serif;\">\u00a0<\/span><\/td>\n<\/tr>\n<tr>\n<td align=\"center\" bgcolor=\"#FFFFFF\" height=\"32\"><span style=\"font-family: Liberation Serif;\">1.5<\/span><\/td>\n<td align=\"center\" bgcolor=\"#FFFFFF\"><span style=\"font-family: Liberation Serif;\">Educaci\u00f3n Especial: Perspectivas y Estado Actual<\/span><\/td>\n<td align=\"center\" bgcolor=\"#FFFFFF\"><span style=\"font-family: Liberation Serif;\">\u00a0<\/span><\/td>\n<td align=\"center\" bgcolor=\"#FFFFFF\"><span style=\"font-family: Liberation Serif;\">\u00a0<\/span><\/td>\n<td align=\"center\" bgcolor=\"#FFFFFF\"><span style=\"font-family: Liberation Serif;\">4<\/span><\/td>\n<\/tr>\n<tr>\n<td align=\"center\" bgcolor=\"#FFFFFF\" height=\"17\"><span style=\"font-family: Liberation Serif;\">1.6<\/span><\/td>\n<td align=\"center\" bgcolor=\"#FFFFFF\"><span style=\"font-family: Liberation Serif;\">Bases Neuropsicobiol\u00f3gicas del Desarrollo<\/span><\/td>\n<td align=\"center\" bgcolor=\"#FFFFFF\"><span style=\"font-family: Liberation Serif;\">\u00a0<\/span><\/td>\n<td align=\"center\" bgcolor=\"#FFFFFF\"><span style=\"font-family: Liberation Serif;\">\u00a0<\/span><\/td>\n<td align=\"center\" bgcolor=\"#FFFFFF\"><span style=\"font-family: Liberation Serif;\">3<\/span><\/td>\n<\/tr>\n<tr>\n<td align=\"center\" bgcolor=\"#FFFFFF\" height=\"17\"><span style=\"font-family: Liberation Serif;\">1.7<\/span><\/td>\n<td align=\"center\" bgcolor=\"#FFFFFF\"><span style=\"font-family: Liberation Serif;\">Sujeto de la Educaci\u00f3n Especial<\/span><\/td>\n<td align=\"center\" bgcolor=\"#FFFFFF\"><span style=\"font-family: Liberation Serif;\">\u00a0<\/span><\/td>\n<td align=\"center\" bgcolor=\"#FFFFFF\"><span style=\"font-family: Liberation Serif;\">\u00a0<\/span><\/td>\n<td align=\"center\" bgcolor=\"#FFFFFF\"><span style=\"font-family: Liberation Serif;\">4<\/span><\/td>\n<\/tr>\n<tr>\n<td align=\"center\" bgcolor=\"#FFFFFF\" height=\"17\"><span style=\"font-family: Liberation Serif;\">1.8<\/span><\/td>\n<td align=\"center\" bgcolor=\"#FFFFFF\"><span style=\"font-family: Liberation Serif;\">Comunicaci\u00f3n y Lenguaje<\/span><\/td>\n<td align=\"center\" bgcolor=\"#FFFFFF\"><span style=\"font-family: Liberation Serif;\">4<\/span><\/td>\n<td align=\"center\" bgcolor=\"#FFFFFF\"><span style=\"font-family: Liberation Serif;\">\u00a0<\/span><\/td>\n<td align=\"center\" bgcolor=\"#FFFFFF\"><span style=\"font-family: Liberation Serif;\">\u00a0<\/span><\/td>\n<\/tr>\n<tr>\n<td align=\"center\" bgcolor=\"#FFFFFF\" height=\"17\"><span style=\"font-family: Liberation Serif;\">1.9<\/span><\/td>\n<td align=\"left\">Expresi\u00f3n Dram\u00e1tica y comunicaci\u00f3n<\/td>\n<td align=\"center\" bgcolor=\"#FFFFFF\"><span style=\"font-family: Liberation Serif;\">\u00a0<\/span><\/td>\n<td align=\"center\" bgcolor=\"#FFFFFF\"><span style=\"font-family: Liberation Serif;\">4<\/span><\/td>\n<td align=\"center\" bgcolor=\"#FFFFFF\"><span style=\"font-family: Liberation Serif;\">\u00a0<\/span><\/td>\n<\/tr>\n<tr>\n<td align=\"center\" bgcolor=\"#FFFFFF\" height=\"32\"><span style=\"font-family: Liberation Serif;\">1.10<\/span><\/td>\n<td align=\"center\" bgcolor=\"#FFFFFF\"><span style=\"font-family: Liberation Serif;\">Pr\u00e1ctica Docente I: Contexto, Comunidad y Escuela <\/span><\/td>\n<td align=\"center\" bgcolor=\"#FFFFFF\"><span style=\"font-family: Liberation Serif;\">\u00a0<\/span><\/td>\n<td align=\"center\" bgcolor=\"#FFFFFF\"><span style=\"font-family: Liberation Serif;\">\u00a0<\/span><\/td>\n<td align=\"center\" bgcolor=\"#FFFFFF\"><span style=\"font-family: Liberation Serif;\">3<\/span><\/td>\n<\/tr>\n<tr>\n<td style=\"text-align: center;\" align=\"left\" bgcolor=\"#7DA7D8\" height=\"17\">#<\/td>\n<td align=\"center\" bgcolor=\"#7DA7D8\"><b><span style=\"font-family: Liberation Serif;\">SEGUNDO A\u00d1O<\/span><\/b><\/td>\n<td align=\"center\" bgcolor=\"#7DA7D8\"><b><span style=\"font-family: Liberation Serif;\">ANUAL<\/span><\/b><\/td>\n<td align=\"center\" bgcolor=\"#7DA7D8\"><b><span style=\"font-family: Liberation Serif;\">1\u00b0 CUAT.<\/span><\/b><\/td>\n<td align=\"center\" bgcolor=\"#7DA7D8\"><b><span style=\"font-family: Liberation Serif;\">2\u00b0 CUAT.<\/span><\/b><\/td>\n<\/tr>\n<tr>\n<td align=\"center\" bgcolor=\"#FFFFFF\" height=\"17\"><span style=\"font-family: Liberation Serif;\">2.11<\/span><\/td>\n<td align=\"center\" bgcolor=\"#FFFFFF\"><span style=\"font-family: Liberation Serif;\">Pedagog\u00eda<\/span><\/td>\n<td align=\"center\" bgcolor=\"#FFFFFF\"><span style=\"font-family: Liberation Serif;\">5<\/span><\/td>\n<td align=\"center\" bgcolor=\"#FFFFFF\"><span style=\"font-family: Liberation Serif;\">\u00a0<\/span><\/td>\n<td align=\"center\" bgcolor=\"#FFFFFF\"><span style=\"font-family: Liberation Serif;\">\u00a0<\/span><\/td>\n<\/tr>\n<tr>\n<td align=\"center\" bgcolor=\"#FFFFFF\" height=\"32\"><span style=\"font-family: Liberation Serif;\">2.12<\/span><\/td>\n<td align=\"center\" bgcolor=\"#FFFFFF\"><span style=\"font-family: Liberation Serif;\">Tecnolog\u00eda de la Informaci\u00f3n y la Comunicaci\u00f3n &#8211; TICs<\/span><\/td>\n<td align=\"center\" bgcolor=\"#FFFFFF\"><span style=\"font-family: Liberation Serif;\">4<\/span><\/td>\n<td align=\"center\" bgcolor=\"#FFFFFF\"><span style=\"font-family: Liberation Serif;\">\u00a0<\/span><\/td>\n<td align=\"center\" bgcolor=\"#FFFFFF\"><span style=\"font-family: Liberation Serif;\">\u00a0<\/span><\/td>\n<\/tr>\n<tr>\n<td align=\"center\" bgcolor=\"#FFFFFF\" height=\"17\"><span style=\"font-family: Liberation Serif;\">2.13<\/span><\/td>\n<td align=\"center\" bgcolor=\"#FFFFFF\"><span style=\"font-family: Liberation Serif;\">Historia y Pol\u00edtica de la Educaci\u00f3n Argentina<\/span><\/td>\n<td align=\"center\" bgcolor=\"#FFFFFF\"><span style=\"font-family: Liberation Serif;\">\u00a0<\/span><\/td>\n<td align=\"center\" bgcolor=\"#FFFFFF\"><span style=\"font-family: Liberation Serif;\">5<\/span><\/td>\n<td align=\"center\" bgcolor=\"#FFFFFF\"><span style=\"font-family: Liberation Serif;\">\u00a0<\/span><\/td>\n<\/tr>\n<tr>\n<td align=\"center\" bgcolor=\"#FFFFFF\" height=\"17\"><span style=\"font-family: Liberation Serif;\">2.14<\/span><\/td>\n<td align=\"center\" bgcolor=\"#FFFFFF\"><span style=\"font-family: Liberation Serif;\">Lengua y Literatura y su did\u00e1ctica<\/span><\/td>\n<td align=\"center\" bgcolor=\"#FFFFFF\"><span style=\"font-family: Liberation Serif;\">\u00a0<\/span><\/td>\n<td align=\"center\" bgcolor=\"#FFFFFF\"><span style=\"font-family: Liberation Serif;\">\u00a0<\/span><\/td>\n<td align=\"center\" bgcolor=\"#FFFFFF\"><span style=\"font-family: Liberation Serif;\">4<\/span><\/td>\n<\/tr>\n<tr>\n<td align=\"center\" bgcolor=\"#FFFFFF\" height=\"17\"><span style=\"font-family: Liberation Serif;\">2.15<\/span><\/td>\n<td align=\"center\" bgcolor=\"#FFFFFF\"><span style=\"font-family: Liberation Serif;\">Matem\u00e1tica y su did\u00e1ctica<\/span><\/td>\n<td align=\"center\" bgcolor=\"#FFFFFF\"><span style=\"font-family: Liberation Serif;\">\u00a0<\/span><\/td>\n<td align=\"center\" bgcolor=\"#FFFFFF\"><span style=\"font-family: Liberation Serif;\">\u00a0<\/span><\/td>\n<td align=\"center\" bgcolor=\"#FFFFFF\"><span style=\"font-family: Liberation Serif;\">4<\/span><\/td>\n<\/tr>\n<tr>\n<td align=\"center\" bgcolor=\"#FFFFFF\" height=\"32\"><span style=\"font-family: Liberation Serif;\">2.16<\/span><\/td>\n<td align=\"center\" bgcolor=\"#FFFFFF\"><span style=\"font-family: Liberation Serif;\">Abordaje Pedag\u00f3gico en Sujetos con Discapacidad Intelectual I<\/span><\/td>\n<td align=\"center\" bgcolor=\"#FFFFFF\"><span style=\"font-family: Liberation Serif;\">\u00a0<\/span><\/td>\n<td align=\"center\" bgcolor=\"#FFFFFF\"><span style=\"font-family: Liberation Serif;\">\u00a0<\/span><\/td>\n<td align=\"center\" bgcolor=\"#FFFFFF\"><span style=\"font-family: Liberation Serif;\">4<\/span><\/td>\n<\/tr>\n<tr>\n<td align=\"center\" bgcolor=\"#FFFFFF\" height=\"32\"><span style=\"font-family: Liberation Serif;\">2.17<\/span><\/td>\n<td align=\"center\"><span style=\"font-family: Liberation Serif;\">Educaci\u00f3n Art\u00edstica y su Did\u00e1ctica: Lenguaje Pl\u00e1stico Visual<\/span><\/td>\n<td align=\"center\" bgcolor=\"#FFFFFF\"><span style=\"font-family: Liberation Serif;\">\u00a0<\/span><\/td>\n<td align=\"center\" bgcolor=\"#FFFFFF\"><span style=\"font-family: Liberation Serif;\">4<\/span><\/td>\n<td align=\"center\" bgcolor=\"#FFFFFF\"><span style=\"font-family: Liberation Serif;\">\u00a0<\/span><\/td>\n<\/tr>\n<tr>\n<td align=\"center\" bgcolor=\"#FFFFFF\" height=\"32\"><span style=\"font-family: Liberation Serif;\">2.18<\/span><\/td>\n<td align=\"center\" bgcolor=\"#FFFFFF\"><span style=\"font-family: Liberation Serif;\">Pr\u00e1ctica Docente II: Gesti\u00f3n Institucional, Curr\u00edculum y Ense\u00f1anza<\/span><\/td>\n<td align=\"center\" bgcolor=\"#FFFFFF\"><span style=\"font-family: Liberation Serif;\">\u00a0<\/span><\/td>\n<td align=\"center\" bgcolor=\"#FFFFFF\"><span style=\"font-family: Liberation Serif;\">\u00a0<\/span><\/td>\n<td align=\"center\" bgcolor=\"#FFFFFF\"><span style=\"font-family: Liberation Serif;\">3<\/span><\/td>\n<\/tr>\n<tr>\n<td align=\"center\" bgcolor=\"#7DA7D8\" height=\"17\"><span style=\"font-family: Liberation Serif;\">\u00a0<\/span><\/td>\n<td align=\"center\" bgcolor=\"#7DA7D8\"><b><span style=\"font-family: Liberation Serif;\">TERCER A\u00d1O<\/span><\/b><\/td>\n<td align=\"center\" bgcolor=\"#7DA7D8\"><b><span style=\"font-family: Liberation Serif;\">ANUAL<\/span><\/b><\/td>\n<td align=\"center\" bgcolor=\"#7DA7D8\"><b><span style=\"font-family: Liberation Serif;\">1\u00b0 CUAT.<\/span><\/b><\/td>\n<td align=\"center\" bgcolor=\"#7DA7D8\"><b><span style=\"font-family: Liberation Serif;\">2\u00b0 CUAT.<\/span><\/b><\/td>\n<\/tr>\n<tr>\n<td align=\"center\" bgcolor=\"#FFFFFF\" height=\"17\"><span style=\"font-family: Liberation Serif;\">3.19<\/span><\/td>\n<td align=\"center\" bgcolor=\"#FFFFFF\"><span style=\"font-family: Liberation Serif;\">Sociolog\u00eda de la educaci\u00f3n<\/span><\/td>\n<td align=\"center\" bgcolor=\"#FFFFFF\"><span style=\"font-family: Liberation Serif;\">5<\/span><\/td>\n<td align=\"center\" bgcolor=\"#FFFFFF\"><span style=\"font-family: Liberation Serif;\">\u00a0<\/span><\/td>\n<td align=\"center\" bgcolor=\"#FFFFFF\"><span style=\"font-family: Liberation Serif;\">\u00a0<\/span><\/td>\n<\/tr>\n<tr>\n<td align=\"center\" bgcolor=\"#FFFFFF\" height=\"17\"><span style=\"font-family: Liberation Serif;\">3.20<\/span><\/td>\n<td align=\"center\"><span style=\"font-family: Liberation Serif;\">Educaci\u00f3n Sexual Integral<\/span><\/td>\n<td align=\"center\" bgcolor=\"#FFFFFF\"><span style=\"font-family: Liberation Serif;\">\u00a0<\/span><\/td>\n<td align=\"center\" bgcolor=\"#FFFFFF\"><span style=\"font-family: Liberation Serif;\">\u00a0<\/span><\/td>\n<td align=\"center\" bgcolor=\"#FFFFFF\"><span style=\"font-family: Liberation Serif;\">3<\/span><\/td>\n<\/tr>\n<tr>\n<td align=\"center\" bgcolor=\"#FFFFFF\" height=\"17\"><span style=\"font-family: Liberation Serif;\">3.21<\/span><\/td>\n<td align=\"center\" bgcolor=\"#FFFFFF\"><span style=\"font-family: Liberation Serif;\">Ciencias Naturales y su Did\u00e1ctica<\/span><\/td>\n<td align=\"center\" bgcolor=\"#FFFFFF\"><span style=\"font-family: Liberation Serif;\">\u00a0<\/span><\/td>\n<td align=\"center\" bgcolor=\"#FFFFFF\"><span style=\"font-family: Liberation Serif;\">\u00a0<\/span><\/td>\n<td align=\"center\" bgcolor=\"#FFFFFF\"><span style=\"font-family: Liberation Serif;\">4<\/span><\/td>\n<\/tr>\n<tr>\n<td align=\"center\" bgcolor=\"#FFFFFF\" height=\"17\"><span style=\"font-family: Liberation Serif;\">3.22<\/span><\/td>\n<td align=\"left\">Ciencias Sociales y su Did\u00e1ctica<\/td>\n<td align=\"center\" bgcolor=\"#FFFFFF\"><span style=\"font-family: Liberation Serif;\">\u00a0<\/span><\/td>\n<td align=\"center\" bgcolor=\"#FFFFFF\"><span style=\"font-family: Liberation Serif;\">\u00a0<\/span><\/td>\n<td align=\"center\" bgcolor=\"#FFFFFF\"><span style=\"font-family: Liberation Serif;\">4<\/span><\/td>\n<\/tr>\n<tr>\n<td align=\"center\" bgcolor=\"#FFFFFF\" height=\"32\"><span style=\"font-family: Liberation Serif;\">3.23<\/span><\/td>\n<td align=\"center\" bgcolor=\"#FFFFFF\"><span style=\"font-family: Liberation Serif;\">Abordaje Pedag\u00f3gico en Sujetos con Discapacidad Intelectual II<\/span><\/td>\n<td align=\"center\" bgcolor=\"#FFFFFF\"><span style=\"font-family: Liberation Serif;\">\u00a0<\/span><\/td>\n<td align=\"center\" bgcolor=\"#FFFFFF\"><span style=\"font-family: Liberation Serif;\">\u00a0<\/span><\/td>\n<td align=\"center\" bgcolor=\"#FFFFFF\"><span style=\"font-family: Liberation Serif;\">4<\/span><\/td>\n<\/tr>\n<tr>\n<td align=\"center\" bgcolor=\"#FFFFFF\" height=\"17\"><span style=\"font-family: Liberation Serif;\">3.24<\/span><\/td>\n<td align=\"center\" bgcolor=\"#FFFFFF\"><span style=\"font-family: Liberation Serif;\">Inclusi\u00f3n Educativa<\/span><\/td>\n<td align=\"center\" bgcolor=\"#FFFFFF\"><span style=\"font-family: Liberation Serif;\">\u00a0<\/span><\/td>\n<td align=\"center\" bgcolor=\"#FFFFFF\"><span style=\"font-family: Liberation Serif;\">\u00a0<\/span><\/td>\n<td align=\"center\" bgcolor=\"#FFFFFF\"><span style=\"font-family: Liberation Serif;\">4<\/span><\/td>\n<\/tr>\n<tr>\n<td align=\"center\" bgcolor=\"#FFFFFF\" height=\"17\"><span style=\"font-family: Liberation Serif;\">3.25<\/span><\/td>\n<td align=\"center\" bgcolor=\"#FFFFFF\"><span style=\"font-family: Liberation Serif;\">Educaci\u00f3n Temprana<\/span><\/td>\n<td align=\"center\" bgcolor=\"#FFFFFF\"><span style=\"font-family: Liberation Serif;\">\u00a0<\/span><\/td>\n<td align=\"center\" bgcolor=\"#FFFFFF\"><span style=\"font-family: Liberation Serif;\">4<\/span><\/td>\n<td align=\"center\" bgcolor=\"#FFFFFF\"><span style=\"font-family: Liberation Serif;\">\u00a0<\/span><\/td>\n<\/tr>\n<tr>\n<td align=\"center\" bgcolor=\"#FFFFFF\" height=\"17\"><span style=\"font-family: Liberation Serif;\">3.26<\/span><\/td>\n<td align=\"center\"><span style=\"font-family: Liberation Serif;\">Alfabetizaci\u00f3n Inicial<\/span><\/td>\n<td align=\"center\" bgcolor=\"#FFFFFF\"><span style=\"font-family: Liberation Serif;\">\u00a0<\/span><\/td>\n<td align=\"center\" bgcolor=\"#FFFFFF\"><span style=\"font-family: Liberation Serif;\">\u00a0<\/span><\/td>\n<td align=\"center\" bgcolor=\"#FFFFFF\"><span style=\"font-family: Liberation Serif;\">2<\/span><\/td>\n<\/tr>\n<tr>\n<td align=\"center\" bgcolor=\"#FFFFFF\" height=\"32\"><span style=\"font-family: Liberation Serif;\">3.27<\/span><\/td>\n<td align=\"center\" bgcolor=\"#FFFFFF\"><span style=\"font-family: Liberation Serif;\">Pr\u00e1ctica Docente III: Practica de la ense\u00f1anza<\/span><\/td>\n<td align=\"center\" bgcolor=\"#FFFFFF\"><span style=\"font-family: Liberation Serif;\">\u00a0<\/span><\/td>\n<td align=\"center\" bgcolor=\"#FFFFFF\"><span style=\"font-family: Liberation Serif;\">\u00a0<\/span><\/td>\n<td align=\"center\" bgcolor=\"#FFFFFF\"><span style=\"font-family: Liberation Serif;\">7<\/span><\/td>\n<\/tr>\n<tr>\n<td align=\"center\" bgcolor=\"#7DA7D8\" height=\"17\"><span style=\"font-family: Liberation Serif;\">\u00a0<\/span><\/td>\n<td align=\"center\" bgcolor=\"#7DA7D8\"><b><span style=\"font-family: Liberation Serif;\">CUARTO A\u00d1O<\/span><\/b><\/td>\n<td align=\"center\" bgcolor=\"#7DA7D8\"><b><span style=\"font-family: Liberation Serif;\">ANUAL<\/span><\/b><\/td>\n<td align=\"center\" bgcolor=\"#7DA7D8\"><b><span style=\"font-family: Liberation Serif;\">1\u00b0 CUAT.<\/span><\/b><\/td>\n<td align=\"center\" bgcolor=\"#7DA7D8\"><b><span style=\"font-family: Liberation Serif;\">2\u00b0 CUAT.<\/span><\/b><\/td>\n<\/tr>\n<tr>\n<td align=\"center\" bgcolor=\"#FFFFFF\" height=\"17\"><span style=\"font-family: Liberation Serif;\">4.28<\/span><\/td>\n<td align=\"center\" bgcolor=\"#FFFFFF\"><span style=\"font-family: Liberation Serif;\">Filosof\u00eda<\/span><\/td>\n<td align=\"center\" bgcolor=\"#FFFFFF\"><span style=\"font-family: Liberation Serif;\">4<\/span><\/td>\n<td align=\"center\" bgcolor=\"#FFFFFF\"><span style=\"font-family: Liberation Serif;\">\u00a0<\/span><\/td>\n<td align=\"center\" bgcolor=\"#FFFFFF\"><span style=\"font-family: Liberation Serif;\">\u00a0<\/span><\/td>\n<\/tr>\n<tr>\n<td align=\"center\" bgcolor=\"#FFFFFF\" height=\"17\"><span style=\"font-family: Liberation Serif;\">4.29<\/span><\/td>\n<td align=\"center\" bgcolor=\"#FFFFFF\"><span style=\"font-family: Liberation Serif;\">\u00c9tica y Deontolog\u00eda de la profesi\u00f3n Docente<\/span><\/td>\n<td align=\"center\" bgcolor=\"#FFFFFF\"><span style=\"font-family: Liberation Serif;\">\u00a0<\/span><\/td>\n<td align=\"center\" bgcolor=\"#FFFFFF\"><span style=\"font-family: Liberation Serif;\">4<\/span><\/td>\n<td align=\"center\" bgcolor=\"#FFFFFF\"><span style=\"font-family: Liberation Serif;\">\u00a0<\/span><\/td>\n<\/tr>\n<tr>\n<td align=\"center\" bgcolor=\"#FFFFFF\" height=\"32\"><span style=\"font-family: Liberation Serif;\">4.30<\/span><\/td>\n<td align=\"center\"><span style=\"font-family: Liberation Serif;\">Educaci\u00f3n Art\u00edstica y su Did\u00e1ctica: Lenguaje Musical<\/span><\/td>\n<td align=\"center\" bgcolor=\"#FFFFFF\"><span style=\"font-family: Liberation Serif;\">3<\/span><\/td>\n<td align=\"center\" bgcolor=\"#FFFFFF\"><span style=\"font-family: Liberation Serif;\">\u00a0<\/span><\/td>\n<td align=\"center\" bgcolor=\"#FFFFFF\"><span style=\"font-family: Liberation Serif;\">\u00a0<\/span><\/td>\n<\/tr>\n<tr>\n<td align=\"center\" bgcolor=\"#FFFFFF\" height=\"32\"><span style=\"font-family: Liberation Serif;\">4.31<\/span><\/td>\n<td align=\"center\" bgcolor=\"#FFFFFF\"><span style=\"font-family: Liberation Serif;\">Talleres rotativos de la Educaci\u00f3n Art\u00edstica y su Did\u00e1ctica: Lenguaje Corporal M\u00faltiple<\/span><\/td>\n<td align=\"center\" bgcolor=\"#FFFFFF\"><span style=\"font-family: Liberation Serif;\">\u00a0<\/span><\/td>\n<td align=\"center\" bgcolor=\"#FFFFFF\"><span style=\"font-family: Liberation Serif;\">\u00a0<\/span><\/td>\n<td align=\"center\" bgcolor=\"#FFFFFF\"><span style=\"font-family: Liberation Serif;\">2<\/span><\/td>\n<\/tr>\n<tr>\n<td align=\"center\" bgcolor=\"#FFFFFF\" height=\"32\"><span style=\"font-family: Liberation Serif;\">4.32<\/span><\/td>\n<td align=\"center\" bgcolor=\"#FFFFFF\"><span style=\"font-family: Liberation Serif;\">Abordaje Pedag\u00f3gico en Sujetos con Discapacidad M\u00faltiple<\/span><\/td>\n<td align=\"center\" bgcolor=\"#FFFFFF\"><span style=\"font-family: Liberation Serif;\">\u00a0<\/span><\/td>\n<td align=\"center\" bgcolor=\"#FFFFFF\"><span style=\"font-family: Liberation Serif;\">\u00a0<\/span><\/td>\n<td align=\"center\" bgcolor=\"#FFFFFF\"><span style=\"font-family: Liberation Serif;\">2<\/span><\/td>\n<\/tr>\n<tr>\n<td align=\"center\" bgcolor=\"#FFFFFF\" height=\"17\"><span style=\"font-family: Liberation Serif;\">4.33<\/span><\/td>\n<td align=\"center\" bgcolor=\"#FFFFFF\"><span style=\"font-family: Liberation Serif;\">Tecnolog\u00eda Educativa Inclusiva<\/span><\/td>\n<td align=\"center\" bgcolor=\"#FFFFFF\"><span style=\"font-family: Liberation Serif;\">3<\/span><\/td>\n<td align=\"center\" bgcolor=\"#FFFFFF\"><span style=\"font-family: Liberation Serif;\">\u00a0<\/span><\/td>\n<td align=\"center\" bgcolor=\"#FFFFFF\"><span style=\"font-family: Liberation Serif;\">\u00a0<\/span><\/td>\n<\/tr>\n<tr>\n<td align=\"center\" bgcolor=\"#FFFFFF\" height=\"32\"><span style=\"font-family: Liberation Serif;\">4.34<\/span><\/td>\n<td align=\"center\" bgcolor=\"#FFFFFF\"><span style=\"font-family: Liberation Serif;\">Trayectorias Educativas en Adolescentes y J\u00f3venes con Discapacidad<\/span><\/td>\n<td align=\"center\" bgcolor=\"#FFFFFF\"><span style=\"font-family: Liberation Serif;\">4<\/span><\/td>\n<td align=\"center\" bgcolor=\"#FFFFFF\"><span style=\"font-family: Liberation Serif;\">\u00a0<\/span><\/td>\n<td align=\"center\" bgcolor=\"#FFFFFF\"><span style=\"font-family: Liberation Serif;\">\u00a0<\/span><\/td>\n<\/tr>\n<tr>\n<td align=\"center\" bgcolor=\"#FFFFFF\" height=\"17\"><span style=\"font-family: Liberation Serif;\">4.35<\/span><\/td>\n<td align=\"center\" bgcolor=\"#FFFFFF\"><span style=\"font-family: Liberation Serif;\">EDI<\/span><\/td>\n<td align=\"center\" bgcolor=\"#FFFFFF\"><span style=\"font-family: Liberation Serif;\">\u00a0<\/span><\/td>\n<td align=\"center\" bgcolor=\"#FFFFFF\"><span style=\"font-family: Liberation Serif;\">4<\/span><\/td>\n<td align=\"center\" bgcolor=\"#FFFFFF\"><span style=\"font-family: Liberation Serif;\">\u00a0<\/span><\/td>\n<\/tr>\n<tr>\n<td align=\"center\" bgcolor=\"#FFFFFF\" height=\"17\"><span style=\"font-family: Liberation Serif;\">4.36<\/span><\/td>\n<td align=\"center\" bgcolor=\"#FFFFFF\"><span style=\"font-family: Liberation Serif;\">Pr\u00e1ctica Docente IV: Residencia<\/span><\/td>\n<td align=\"center\" bgcolor=\"#FFFFFF\"><span style=\"font-family: Liberation Serif;\">\u00a0<\/span><\/td>\n<td align=\"center\" bgcolor=\"#FFFFFF\"><span style=\"font-family: Liberation Serif;\">\u00a0<\/span><\/td>\n<td align=\"center\" bgcolor=\"#FFFFFF\"><span style=\"font-family: Liberation Serif;\">8<\/span><\/td>\n<\/tr>\n<\/tbody>\n<\/table>\n","protected":false},"excerpt":{"rendered":"<p>Estructura Curricular Descargar: Resoluci\u00f3n 4273\/19 &#8211;\u00a0 Nueva correlatividad : Disposici\u00f3n 97\/25 Fuente: Direcci\u00f3n General de Educaci\u00f3n Superior Salta Profesorado de Educaci\u00f3n Especial Con Orientaci\u00f3n en Discapacidad Intelectual (Descargar: Resoluci\u00f3n 4300\/19 &#8211; Disp. 185\/19 y Disp 97\/25) # PRIMER A\u00d1O ANUAL 1\u00b0 CUAT. 2\u00b0 CUAT.. 1.1 Psicolog\u00eda Educacional \u00a0 6 \u00a0 1.2 Lectura y Escritura acad\u00e9mica &#8230; <a title=\"Plan de estudios PEE Res. 4273\/19\" class=\"read-more\" href=\"https:\/\/isfd6015-sal.infd.edu.ar\/sitio\/plan-de-estudios-pee-res-4300-19\/\" aria-label=\"More on Plan de estudios PEE Res. 4273\/19\">[+]<\/a><\/p>\n","protected":false},"author":9,"featured_media":0,"parent":0,"menu_order":0,"comment_status":"closed","ping_status":"closed","template":"","meta":[],"acf":[],"_links":{"self":[{"href":"https:\/\/isfd6015-sal.infd.edu.ar\/sitio\/wp-json\/wp\/v2\/pages\/1403"}],"collection":[{"href":"https:\/\/isfd6015-sal.infd.edu.ar\/sitio\/wp-json\/wp\/v2\/pages"}],"about":[{"href":"https:\/\/isfd6015-sal.infd.edu.ar\/sitio\/wp-json\/wp\/v2\/types\/page"}],"author":[{"embeddable":true,"href":"https:\/\/isfd6015-sal.infd.edu.ar\/sitio\/wp-json\/wp\/v2\/users\/9"}],"replies":[{"embeddable":true,"href":"https:\/\/isfd6015-sal.infd.edu.ar\/sitio\/wp-json\/wp\/v2\/comments?post=1403"}],"version-history":[{"count":9,"href":"https:\/\/isfd6015-sal.infd.edu.ar\/sitio\/wp-json\/wp\/v2\/pages\/1403\/revisions"}],"predecessor-version":[{"id":3252,"href":"https:\/\/isfd6015-sal.infd.edu.ar\/sitio\/wp-json\/wp\/v2\/pages\/1403\/revisions\/3252"}],"wp:attachment":[{"href":"https:\/\/isfd6015-sal.infd.edu.ar\/sitio\/wp-json\/wp\/v2\/media?parent=1403"}],"curies":[{"name":"wp","href":"https:\/\/api.w.org\/{rel}","templated":true}]}}