{"id":1375,"date":"2019-11-28T00:45:47","date_gmt":"2019-11-28T03:45:47","guid":{"rendered":"https:\/\/isfd6015-sal.infd.edu.ar\/sitio\/?page_id=1375"},"modified":"2019-11-28T01:45:45","modified_gmt":"2019-11-28T04:45:45","slug":"plan-de-estudios-pesb","status":"publish","type":"page","link":"https:\/\/isfd6015-sal.infd.edu.ar\/sitio\/plan-de-estudios-pesb\/","title":{"rendered":"Plan de estudios PB"},"content":{"rendered":"<h2 align=\"center\">Estructura Curricular<\/h2>\n<p><strong><span style=\"font-family: Arial, sans-serif;\"><span style=\"font-size: medium;\">Descargar:\u00a0<a href=\"https:\/\/drive.google.com\/file\/d\/1gcqw_XH7b3E3BHnlrKe4YQehmghGP6zg\/view?usp=sharing\">Resoluci\u00f3n 510\/14<\/a> y <a href=\"https:\/\/drive.google.com\/file\/d\/1Qo7uknE-omi7Y-EnQW_6wi6FM9ouCBAb\/view?usp=sharing\">Res. 4132\/14<\/a><\/span><\/span><\/strong><\/p>\n<p><span style=\"font-family: Arial, sans-serif;\"><span style=\"font-size: medium;\">Fuente: <a href=\"https:\/\/dges-sal.infd.edu.ar\/sitio\/profesorados\/\" target=\"_blank\" rel=\"noopener\">Direcci\u00f3n General de Educaci\u00f3n Superior Salta<\/a><\/span><\/span><\/p>\n<table border=\"0\" cellspacing=\"0\">\n<colgroup width=\"60\"><\/colgroup>\n<colgroup width=\"327\"><\/colgroup>\n<colgroup width=\"71\"><\/colgroup>\n<colgroup width=\"65\"><\/colgroup>\n<colgroup width=\"78\"><\/colgroup>\n<tbody>\n<tr>\n<td colspan=\"5\" align=\"center\" valign=\"middle\" bgcolor=\"#FFFFFF\" height=\"32\">\n<h2 style=\"text-align: center;\"><b><span style=\"font-family: Liberation Serif;\">Profesorado de Educaci\u00f3n Secundaria en Biolog\u00eda (Resoluci\u00f3n 510\/14 y Res. 4132\/14 modificatoria al sistema de correltividades)<\/span><\/b><\/h2>\n<\/td>\n<\/tr>\n<tr>\n<td align=\"center\" bgcolor=\"#7DA7D8\" height=\"17\"><span style=\"font-family: Liberation Serif;\">#<\/span><\/td>\n<td align=\"center\" bgcolor=\"#7DA7D8\"><b><span style=\"font-family: Liberation Serif;\">PRIMER A\u00d1O<\/span><\/b><\/td>\n<td style=\"text-align: center;\" align=\"center\" bgcolor=\"#7DA7D8\"><b><span style=\"font-family: Liberation Serif;\">ANUAL<\/span><\/b><\/td>\n<td align=\"center\" bgcolor=\"#7DA7D8\"><b><span style=\"font-family: Liberation Serif;\">1\u00b0 CUAT.<\/span><\/b><\/td>\n<td align=\"center\" bgcolor=\"#7DA7D8\"><b><span style=\"font-family: Liberation Serif;\">2\u00b0 CUAT.<\/span><\/b><\/td>\n<\/tr>\n<tr>\n<td align=\"center\" bgcolor=\"#FFFFFF\" height=\"17\"><span style=\"font-family: Liberation Serif;\">1.1<\/span><\/td>\n<td align=\"center\" bgcolor=\"#FFFFFF\"><span style=\"font-family: Liberation Serif;\">Pedagog\u00eda<\/span><\/td>\n<td align=\"center\" bgcolor=\"#FFFFFF\"><span style=\"font-family: Liberation Serif;\">6<\/span><\/td>\n<td align=\"center\" bgcolor=\"#FFFFFF\"><span style=\"font-family: Liberation Serif;\">\u00a0<\/span><\/td>\n<td align=\"center\" bgcolor=\"#FFFFFF\"><span style=\"font-family: Liberation Serif;\">\u00a0<\/span><\/td>\n<\/tr>\n<tr>\n<td align=\"center\" bgcolor=\"#FFFFFF\" height=\"17\"><span style=\"font-family: Liberation Serif;\">1.2<\/span><\/td>\n<td align=\"center\" bgcolor=\"#FFFFFF\"><span style=\"font-family: Liberation Serif;\">Did\u00e1ctica General<\/span><\/td>\n<td align=\"center\" bgcolor=\"#FFFFFF\"><span style=\"font-family: Liberation Serif;\">\u00a0<\/span><\/td>\n<td align=\"center\" bgcolor=\"#FFFFFF\"><span style=\"font-family: Liberation Serif;\">\u00a0<\/span><\/td>\n<td align=\"center\" bgcolor=\"#FFFFFF\"><span style=\"font-family: Liberation Serif;\">3<\/span><\/td>\n<\/tr>\n<tr>\n<td align=\"center\" bgcolor=\"#FFFFFF\" height=\"17\"><span style=\"font-family: Liberation Serif;\">1.3<\/span><\/td>\n<td align=\"center\" bgcolor=\"#FFFFFF\"><span style=\"font-family: Liberation Serif;\">Psicolog\u00eda Educacional<\/span><\/td>\n<td align=\"center\" bgcolor=\"#FFFFFF\"><span style=\"font-family: Liberation Serif;\">\u00a0<\/span><\/td>\n<td align=\"center\" bgcolor=\"#FFFFFF\"><span style=\"font-family: Liberation Serif;\">3<\/span><\/td>\n<td align=\"center\" bgcolor=\"#FFFFFF\"><span style=\"font-family: Liberation Serif;\">\u00a0<\/span><\/td>\n<\/tr>\n<tr>\n<td align=\"center\" bgcolor=\"#FFFFFF\" height=\"17\"><span style=\"font-family: Liberation Serif;\">1.4<\/span><\/td>\n<td align=\"center\" bgcolor=\"#FFFFFF\"><span style=\"font-family: Liberation Serif;\">Lectura y Escritura Acad\u00e9mica<\/span><\/td>\n<td align=\"center\" bgcolor=\"#FFFFFF\"><span style=\"font-family: Liberation Serif;\">\u00a0<\/span><\/td>\n<td align=\"center\" bgcolor=\"#FFFFFF\"><span style=\"font-family: Liberation Serif;\">\u00a0<\/span><\/td>\n<td align=\"center\" bgcolor=\"#FFFFFF\"><span style=\"font-family: Liberation Serif;\">3<\/span><\/td>\n<\/tr>\n<tr>\n<td align=\"center\" bgcolor=\"#FFFFFF\" height=\"17\"><span style=\"font-family: Liberation Serif;\">1.5<\/span><\/td>\n<td align=\"center\" bgcolor=\"#FFFFFF\"><span style=\"font-family: Liberation Serif;\">Biolog\u00eda General<\/span><\/td>\n<td align=\"center\" bgcolor=\"#FFFFFF\"><span style=\"font-family: Liberation Serif;\">\u00a0<\/span><\/td>\n<td align=\"center\" bgcolor=\"#FFFFFF\"><span style=\"font-family: Liberation Serif;\">\u00a0<\/span><\/td>\n<td align=\"center\" bgcolor=\"#FFFFFF\"><span style=\"font-family: Liberation Serif;\">5<\/span><\/td>\n<\/tr>\n<tr>\n<td align=\"center\" bgcolor=\"#FFFFFF\" height=\"17\"><span style=\"font-family: Liberation Serif;\">1.6<\/span><\/td>\n<td align=\"center\" bgcolor=\"#FFFFFF\"><span style=\"font-family: Liberation Serif;\">Matem\u00e1tica y estad\u00edstica<\/span><\/td>\n<td align=\"center\" bgcolor=\"#FFFFFF\"><span style=\"font-family: Liberation Serif;\">6<\/span><\/td>\n<td align=\"center\" bgcolor=\"#FFFFFF\"><span style=\"font-family: Liberation Serif;\">\u00a0<\/span><\/td>\n<td align=\"center\" bgcolor=\"#FFFFFF\"><span style=\"font-family: Liberation Serif;\">\u00a0<\/span><\/td>\n<\/tr>\n<tr>\n<td align=\"center\" bgcolor=\"#FFFFFF\" height=\"17\"><span style=\"font-family: Liberation Serif;\">1.7<\/span><\/td>\n<td align=\"center\" bgcolor=\"#FFFFFF\"><span style=\"font-family: Liberation Serif;\">Qu\u00edmica General<\/span><\/td>\n<td align=\"center\" bgcolor=\"#FFFFFF\"><span style=\"font-family: Liberation Serif;\">\u00a0<\/span><\/td>\n<td align=\"center\" bgcolor=\"#FFFFFF\"><span style=\"font-family: Liberation Serif;\">\u00a0<\/span><\/td>\n<td align=\"center\" bgcolor=\"#FFFFFF\"><span style=\"font-family: Liberation Serif;\">4<\/span><\/td>\n<\/tr>\n<tr>\n<td align=\"center\" bgcolor=\"#FFFFFF\" height=\"17\"><span style=\"font-family: Liberation Serif;\">1.8<\/span><\/td>\n<td align=\"center\" bgcolor=\"#FFFFFF\"><span style=\"font-family: Liberation Serif;\">F\u00edsica aplicada a la Biolog\u00eda <\/span><\/td>\n<td align=\"center\" bgcolor=\"#FFFFFF\"><span style=\"font-family: Liberation Serif;\">\u00a0<\/span><\/td>\n<td align=\"center\" bgcolor=\"#FFFFFF\"><span style=\"font-family: Liberation Serif;\">6<\/span><\/td>\n<td align=\"center\" bgcolor=\"#FFFFFF\"><span style=\"font-family: Liberation Serif;\">\u00a0<\/span><\/td>\n<\/tr>\n<tr>\n<td align=\"center\" bgcolor=\"#FFFFFF\" height=\"17\"><span style=\"font-family: Liberation Serif;\">1.9<\/span><\/td>\n<td align=\"center\" bgcolor=\"#FFFFFF\"><span style=\"font-family: Liberation Serif;\">Practica Docente 1: Contexto Comunidad y Escuela<\/span><\/td>\n<td align=\"center\" bgcolor=\"#FFFFFF\"><span style=\"font-family: Liberation Serif;\">\u00a0<\/span><\/td>\n<td align=\"center\" bgcolor=\"#FFFFFF\"><span style=\"font-family: Liberation Serif;\">\u00a0<\/span><\/td>\n<td align=\"center\" bgcolor=\"#FFFFFF\"><span style=\"font-family: Liberation Serif;\">3<\/span><\/td>\n<\/tr>\n<tr>\n<td align=\"left\" bgcolor=\"#7DA7D8\" height=\"17\"><\/td>\n<td align=\"center\" bgcolor=\"#7DA7D8\"><b><span style=\"font-family: Liberation Serif;\">SEGUNDO A\u00d1O<\/span><\/b><\/td>\n<td align=\"center\" bgcolor=\"#7DA7D8\"><b><span style=\"font-family: Liberation Serif;\">ANUAL<\/span><\/b><\/td>\n<td align=\"center\" bgcolor=\"#7DA7D8\"><b><span style=\"font-family: Liberation Serif;\">1\u00b0 CUAT.<\/span><\/b><\/td>\n<td align=\"center\" bgcolor=\"#7DA7D8\"><b><span style=\"font-family: Liberation Serif;\">2\u00b0 CUAT.<\/span><\/b><\/td>\n<\/tr>\n<tr>\n<td align=\"center\" bgcolor=\"#FFFFFF\" height=\"17\"><span style=\"font-family: Liberation Serif;\">2.10<\/span><\/td>\n<td align=\"center\" bgcolor=\"#FFFFFF\"><span style=\"font-family: Liberation Serif;\">Sociolog\u00eda de la Educaci\u00f3n<\/span><\/td>\n<td align=\"center\" bgcolor=\"#FFFFFF\"><span style=\"font-family: Liberation Serif;\">\u00a0<\/span><\/td>\n<td align=\"center\" bgcolor=\"#FFFFFF\"><span style=\"font-family: Liberation Serif;\">6<\/span><\/td>\n<td align=\"center\" bgcolor=\"#FFFFFF\"><span style=\"font-family: Liberation Serif;\">\u00a0<\/span><\/td>\n<\/tr>\n<tr>\n<td align=\"center\" bgcolor=\"#FFFFFF\" height=\"17\"><span style=\"font-family: Liberation Serif;\">2.11<\/span><\/td>\n<td align=\"center\" bgcolor=\"#FFFFFF\"><span style=\"font-family: Liberation Serif;\">Historia Argentina y Latinoam\u00e9rica<\/span><\/td>\n<td align=\"center\" bgcolor=\"#FFFFFF\"><span style=\"font-family: Liberation Serif;\">6<\/span><\/td>\n<td align=\"center\" bgcolor=\"#FFFFFF\"><span style=\"font-family: Liberation Serif;\">\u00a0<\/span><\/td>\n<td align=\"center\" bgcolor=\"#FFFFFF\"><span style=\"font-family: Liberation Serif;\">\u00a0<\/span><\/td>\n<\/tr>\n<tr>\n<td align=\"center\" bgcolor=\"#FFFFFF\" height=\"17\"><span style=\"font-family: Liberation Serif;\">2.12<\/span><\/td>\n<td align=\"center\" bgcolor=\"#FFFFFF\"><span style=\"font-family: Liberation Serif;\">Tecnolog\u00edas de la Informaci\u00f3n y la Comunicaci\u00f3n \u2013 TICs<\/span><\/td>\n<td align=\"center\" bgcolor=\"#FFFFFF\"><span style=\"font-family: Liberation Serif;\">\u00a0<\/span><\/td>\n<td align=\"center\" bgcolor=\"#FFFFFF\"><span style=\"font-family: Liberation Serif;\">3<\/span><\/td>\n<td align=\"center\" bgcolor=\"#FFFFFF\"><span style=\"font-family: Liberation Serif;\">\u00a0<\/span><\/td>\n<\/tr>\n<tr>\n<td align=\"center\" bgcolor=\"#FFFFFF\" height=\"17\"><span style=\"font-family: Liberation Serif;\">2.13<\/span><\/td>\n<td align=\"center\" bgcolor=\"#FFFFFF\"><span style=\"font-family: Liberation Serif;\">Sujetos de la Educaci\u00f3n<\/span><\/td>\n<td align=\"center\" bgcolor=\"#FFFFFF\"><span style=\"font-family: Liberation Serif;\">\u00a0<\/span><\/td>\n<td align=\"center\" bgcolor=\"#FFFFFF\"><span style=\"font-family: Liberation Serif;\">\u00a0<\/span><\/td>\n<td align=\"center\" bgcolor=\"#FFFFFF\"><span style=\"font-family: Liberation Serif;\">3<\/span><\/td>\n<\/tr>\n<tr>\n<td align=\"center\" bgcolor=\"#FFFFFF\" height=\"17\"><span style=\"font-family: Liberation Serif;\">2.14<\/span><\/td>\n<td align=\"center\" bgcolor=\"#FFFFFF\"><span style=\"font-family: Liberation Serif;\">Morfolog\u00eda y diversidad vegetal<\/span><\/td>\n<td align=\"center\" bgcolor=\"#FFFFFF\"><span style=\"font-family: Liberation Serif;\">\u00a0<\/span><\/td>\n<td align=\"center\" bgcolor=\"#FFFFFF\"><span style=\"font-family: Liberation Serif;\">\u00a0<\/span><\/td>\n<td align=\"center\" bgcolor=\"#FFFFFF\"><span style=\"font-family: Liberation Serif;\">5<\/span><\/td>\n<\/tr>\n<tr>\n<td align=\"center\" bgcolor=\"#FFFFFF\" height=\"17\"><span style=\"font-family: Liberation Serif;\">2.15<\/span><\/td>\n<td align=\"center\" bgcolor=\"#FFFFFF\"><span style=\"font-family: Liberation Serif;\">Ciencias de la Tierra<\/span><\/td>\n<td align=\"center\" bgcolor=\"#FFFFFF\"><span style=\"font-family: Liberation Serif;\">4<\/span><\/td>\n<td align=\"center\" bgcolor=\"#FFFFFF\"><span style=\"font-family: Liberation Serif;\">\u00a0<\/span><\/td>\n<td align=\"center\" bgcolor=\"#FFFFFF\"><span style=\"font-family: Liberation Serif;\">\u00a0<\/span><\/td>\n<\/tr>\n<tr>\n<td align=\"center\" bgcolor=\"#FFFFFF\" height=\"17\"><span style=\"font-family: Liberation Serif;\">2.16<\/span><\/td>\n<td align=\"center\" bgcolor=\"#FFFFFF\"><span style=\"font-family: Liberation Serif;\">Qu\u00edmica Org\u00e1nica y Biol\u00f3gica<\/span><\/td>\n<td align=\"center\" bgcolor=\"#FFFFFF\"><span style=\"font-family: Liberation Serif;\">\u00a0<\/span><\/td>\n<td align=\"center\" bgcolor=\"#FFFFFF\"><span style=\"font-family: Liberation Serif;\">\u00a0<\/span><\/td>\n<td align=\"center\" bgcolor=\"#FFFFFF\"><span style=\"font-family: Liberation Serif;\">5<\/span><\/td>\n<\/tr>\n<tr>\n<td align=\"center\" bgcolor=\"#FFFFFF\" height=\"17\"><span style=\"font-family: Liberation Serif;\">2.17<\/span><\/td>\n<td align=\"center\" bgcolor=\"#FFFFFF\"><span style=\"font-family: Liberation Serif;\">Did\u00e1ctica de la Biolog\u00eda y de las Ciencias Naturales<\/span><\/td>\n<td align=\"center\" bgcolor=\"#FFFFFF\"><span style=\"font-family: Liberation Serif;\">\u00a0<\/span><\/td>\n<td align=\"center\" bgcolor=\"#FFFFFF\"><span style=\"font-family: Liberation Serif;\">\u00a0<\/span><\/td>\n<td align=\"center\" bgcolor=\"#FFFFFF\"><span style=\"font-family: Liberation Serif;\">5<\/span><\/td>\n<\/tr>\n<tr>\n<td align=\"center\" bgcolor=\"#FFFFFF\" height=\"32\"><span style=\"font-family: Liberation Serif;\">2.18<\/span><\/td>\n<td align=\"center\" bgcolor=\"#FFFFFF\"><span style=\"font-family: Liberation Serif;\">Pr\u00e1ctica Docente II: Gesti\u00f3n Institucional, Curriculum y Ense\u00f1anza<\/span><\/td>\n<td align=\"center\" bgcolor=\"#FFFFFF\"><span style=\"font-family: Liberation Serif;\">\u00a0<\/span><\/td>\n<td align=\"center\" bgcolor=\"#FFFFFF\"><span style=\"font-family: Liberation Serif;\">\u00a0<\/span><\/td>\n<td align=\"center\" bgcolor=\"#FFFFFF\"><span style=\"font-family: Liberation Serif;\">4<\/span><\/td>\n<\/tr>\n<tr>\n<td align=\"left\" bgcolor=\"#7DA7D8\" height=\"17\"><\/td>\n<td align=\"center\" bgcolor=\"#7DA7D8\"><b><span style=\"font-family: Liberation Serif;\">TERCER A\u00d1O<\/span><\/b><\/td>\n<td align=\"center\" bgcolor=\"#7DA7D8\"><b><span style=\"font-family: Liberation Serif;\">ANUAL<\/span><\/b><\/td>\n<td align=\"center\" bgcolor=\"#7DA7D8\"><b><span style=\"font-family: Liberation Serif;\">1\u00b0 CUAT.<\/span><\/b><\/td>\n<td align=\"center\" bgcolor=\"#7DA7D8\"><b><span style=\"font-family: Liberation Serif;\">2\u00b0 CUAT.<\/span><\/b><\/td>\n<\/tr>\n<tr>\n<td align=\"center\" bgcolor=\"#FFFFFF\" height=\"17\"><span style=\"font-family: Liberation Serif;\">3.19<\/span><\/td>\n<td align=\"center\" bgcolor=\"#FFFFFF\"><span style=\"font-family: Liberation Serif;\">Historia y Pol\u00edtica de la Educaci\u00f3n Argentina<\/span><\/td>\n<td align=\"center\" bgcolor=\"#FFFFFF\"><span style=\"font-family: Liberation Serif;\">6<\/span><\/td>\n<td align=\"center\" bgcolor=\"#FFFFFF\"><span style=\"font-family: Liberation Serif;\">\u00a0<\/span><\/td>\n<td align=\"center\" bgcolor=\"#FFFFFF\"><span style=\"font-family: Liberation Serif;\">\u00a0<\/span><\/td>\n<\/tr>\n<tr>\n<td align=\"center\" bgcolor=\"#FFFFFF\" height=\"17\"><span style=\"font-family: Liberation Serif;\">3.20<\/span><\/td>\n<td align=\"center\" bgcolor=\"#FFFFFF\"><span style=\"font-family: Liberation Serif;\">Filosof\u00eda<\/span><\/td>\n<td align=\"center\" bgcolor=\"#FFFFFF\"><span style=\"font-family: Liberation Serif;\">\u00a0<\/span><\/td>\n<td align=\"center\" bgcolor=\"#FFFFFF\"><span style=\"font-family: Liberation Serif;\">6<\/span><\/td>\n<td align=\"center\" bgcolor=\"#FFFFFF\"><span style=\"font-family: Liberation Serif;\">\u00a0<\/span><\/td>\n<\/tr>\n<tr>\n<td align=\"center\" bgcolor=\"#FFFFFF\" height=\"17\"><span style=\"font-family: Liberation Serif;\">3.21<\/span><\/td>\n<td align=\"center\" bgcolor=\"#FFFFFF\"><span style=\"font-family: Liberation Serif;\">Inclusi\u00f3n Educativa en el Nivel Secundario<\/span><\/td>\n<td align=\"center\" bgcolor=\"#FFFFFF\"><span style=\"font-family: Liberation Serif;\">3<\/span><\/td>\n<td align=\"center\" bgcolor=\"#FFFFFF\"><span style=\"font-family: Liberation Serif;\">\u00a0<\/span><\/td>\n<td align=\"center\" bgcolor=\"#FFFFFF\"><span style=\"font-family: Liberation Serif;\">\u00a0<\/span><\/td>\n<\/tr>\n<tr>\n<td align=\"center\" bgcolor=\"#FFFFFF\" height=\"17\"><span style=\"font-family: Liberation Serif;\">3.22<\/span><\/td>\n<td align=\"center\" bgcolor=\"#FFFFFF\"><span style=\"font-family: Liberation Serif;\">Morfolog\u00eda y diversidad animal<\/span><\/td>\n<td align=\"center\" bgcolor=\"#FFFFFF\"><span style=\"font-family: Liberation Serif;\">\u00a0<\/span><\/td>\n<td align=\"center\" bgcolor=\"#FFFFFF\"><span style=\"font-family: Liberation Serif;\">\u00a0<\/span><\/td>\n<td align=\"center\" bgcolor=\"#FFFFFF\"><span style=\"font-family: Liberation Serif;\">5<\/span><\/td>\n<\/tr>\n<tr>\n<td align=\"center\" bgcolor=\"#FFFFFF\" height=\"17\"><span style=\"font-family: Liberation Serif;\">3.23<\/span><\/td>\n<td align=\"center\" bgcolor=\"#FFFFFF\"><span style=\"font-family: Liberation Serif;\">Gen\u00e9tica<\/span><\/td>\n<td align=\"center\" bgcolor=\"#FFFFFF\"><span style=\"font-family: Liberation Serif;\">\u00a0<\/span><\/td>\n<td align=\"center\" bgcolor=\"#FFFFFF\"><span style=\"font-family: Liberation Serif;\">\u00a0<\/span><\/td>\n<td align=\"center\" bgcolor=\"#FFFFFF\"><span style=\"font-family: Liberation Serif;\">4<\/span><\/td>\n<\/tr>\n<tr>\n<td align=\"center\" bgcolor=\"#FFFFFF\" height=\"17\"><span style=\"font-family: Liberation Serif;\">3.24<\/span><\/td>\n<td align=\"center\" bgcolor=\"#FFFFFF\"><span style=\"font-family: Liberation Serif;\">Biolog\u00eda Celular y Molecular<\/span><\/td>\n<td align=\"center\" bgcolor=\"#FFFFFF\"><span style=\"font-family: Liberation Serif;\">4<\/span><\/td>\n<td align=\"center\" bgcolor=\"#FFFFFF\"><span style=\"font-family: Liberation Serif;\">\u00a0<\/span><\/td>\n<td align=\"center\" bgcolor=\"#FFFFFF\"><span style=\"font-family: Liberation Serif;\">\u00a0<\/span><\/td>\n<\/tr>\n<tr>\n<td align=\"center\" bgcolor=\"#FFFFFF\" height=\"17\"><span style=\"font-family: Liberation Serif;\">3.25<\/span><\/td>\n<td align=\"center\" bgcolor=\"#FFFFFF\"><span style=\"font-family: Liberation Serif;\">Microbiolog\u00eda y Micolog\u00eda<\/span><\/td>\n<td align=\"center\" bgcolor=\"#FFFFFF\"><span style=\"font-family: Liberation Serif;\">\u00a0<\/span><\/td>\n<td align=\"center\" bgcolor=\"#FFFFFF\"><span style=\"font-family: Liberation Serif;\">5<\/span><\/td>\n<td align=\"center\" bgcolor=\"#FFFFFF\"><span style=\"font-family: Liberation Serif;\">\u00a0<\/span><\/td>\n<\/tr>\n<tr>\n<td align=\"center\" bgcolor=\"#FFFFFF\" height=\"17\"><span style=\"font-family: Liberation Serif;\">3.26<\/span><\/td>\n<td align=\"center\" bgcolor=\"#FFFFFF\"><span style=\"font-family: Liberation Serif;\">Fisiolog\u00eda vegetal<\/span><\/td>\n<td align=\"center\" bgcolor=\"#FFFFFF\"><span style=\"font-family: Liberation Serif;\">\u00a0<\/span><\/td>\n<td align=\"center\" bgcolor=\"#FFFFFF\"><span style=\"font-family: Liberation Serif;\">\u00a0<\/span><\/td>\n<td align=\"center\" bgcolor=\"#FFFFFF\"><span style=\"font-family: Liberation Serif;\">4<\/span><\/td>\n<\/tr>\n<tr>\n<td align=\"center\" bgcolor=\"#FFFFFF\" height=\"17\"><span style=\"font-family: Liberation Serif;\">3.27<\/span><\/td>\n<td align=\"center\" bgcolor=\"#FFFFFF\"><span style=\"font-family: Liberation Serif;\">Practica Docente III: Practicas de Ense\u00f1anza<\/span><\/td>\n<td align=\"center\" bgcolor=\"#FFFFFF\"><span style=\"font-family: Liberation Serif;\">\u00a0<\/span><\/td>\n<td align=\"center\" bgcolor=\"#FFFFFF\"><span style=\"font-family: Liberation Serif;\">\u00a0<\/span><\/td>\n<td align=\"center\" bgcolor=\"#FFFFFF\"><span style=\"font-family: Liberation Serif;\">6<\/span><\/td>\n<\/tr>\n<tr>\n<td align=\"left\" bgcolor=\"#7DA7D8\" height=\"17\"><\/td>\n<td align=\"center\" bgcolor=\"#7DA7D8\"><b><span style=\"font-family: Liberation Serif;\">CUARTO A\u00d1O<\/span><\/b><\/td>\n<td align=\"center\" bgcolor=\"#7DA7D8\"><b><span style=\"font-family: Liberation Serif;\">ANUAL<\/span><\/b><\/td>\n<td align=\"center\" bgcolor=\"#7DA7D8\"><b><span style=\"font-family: Liberation Serif;\">1\u00b0 CUAT.<\/span><\/b><\/td>\n<td align=\"center\" bgcolor=\"#7DA7D8\"><b><span style=\"font-family: Liberation Serif;\">2\u00b0 CUAT.<\/span><\/b><\/td>\n<\/tr>\n<tr>\n<td align=\"center\" bgcolor=\"#FFFFFF\" height=\"17\"><span style=\"font-family: Liberation Serif;\">4.28<\/span><\/td>\n<td align=\"center\" bgcolor=\"#FFFFFF\"><span style=\"font-family: Liberation Serif;\">Formaci\u00f3n \u00c9tica y Ciudadana<\/span><\/td>\n<td align=\"center\" bgcolor=\"#FFFFFF\"><span style=\"font-family: Liberation Serif;\">\u00a0<\/span><\/td>\n<td align=\"center\" bgcolor=\"#FFFFFF\"><span style=\"font-family: Liberation Serif;\">3<\/span><\/td>\n<td align=\"center\" bgcolor=\"#FFFFFF\"><span style=\"font-family: Liberation Serif;\">\u00a0<\/span><\/td>\n<\/tr>\n<tr>\n<td align=\"center\" bgcolor=\"#FFFFFF\" height=\"17\"><span style=\"font-family: Liberation Serif;\">4.29<\/span><\/td>\n<td align=\"center\" bgcolor=\"#FFFFFF\"><span style=\"font-family: Liberation Serif;\">Educaci\u00f3n Sexual Integral<\/span><\/td>\n<td align=\"center\" bgcolor=\"#FFFFFF\"><span style=\"font-family: Liberation Serif;\">3<\/span><\/td>\n<td align=\"center\" bgcolor=\"#FFFFFF\"><span style=\"font-family: Liberation Serif;\">\u00a0<\/span><\/td>\n<td align=\"center\" bgcolor=\"#FFFFFF\"><span style=\"font-family: Liberation Serif;\">\u00a0<\/span><\/td>\n<\/tr>\n<tr>\n<td align=\"center\" bgcolor=\"#FFFFFF\" height=\"17\"><span style=\"font-family: Liberation Serif;\">4.30<\/span><\/td>\n<td align=\"center\" bgcolor=\"#FFFFFF\"><span style=\"font-family: Liberation Serif;\">Problem\u00e1ticas de la ense\u00f1anza de la Biolog\u00eda<\/span><\/td>\n<td align=\"center\" bgcolor=\"#FFFFFF\"><span style=\"font-family: Liberation Serif;\">4<\/span><\/td>\n<td align=\"center\" bgcolor=\"#FFFFFF\"><span style=\"font-family: Liberation Serif;\">\u00a0<\/span><\/td>\n<td align=\"center\" bgcolor=\"#FFFFFF\"><span style=\"font-family: Liberation Serif;\">\u00a0<\/span><\/td>\n<\/tr>\n<tr>\n<td align=\"center\" bgcolor=\"#FFFFFF\" height=\"17\"><span style=\"font-family: Liberation Serif;\">4.31<\/span><\/td>\n<td align=\"center\" bgcolor=\"#FFFFFF\"><span style=\"font-family: Liberation Serif;\">Evoluci\u00f3n<\/span><\/td>\n<td align=\"center\" bgcolor=\"#FFFFFF\"><span style=\"font-family: Liberation Serif;\">\u00a0<\/span><\/td>\n<td align=\"center\" bgcolor=\"#FFFFFF\"><span style=\"font-family: Liberation Serif;\">\u00a0<\/span><\/td>\n<td align=\"center\" bgcolor=\"#FFFFFF\"><span style=\"font-family: Liberation Serif;\">4<\/span><\/td>\n<\/tr>\n<tr>\n<td align=\"center\" bgcolor=\"#FFFFFF\" height=\"17\"><span style=\"font-family: Liberation Serif;\">4.32<\/span><\/td>\n<td align=\"center\" bgcolor=\"#FFFFFF\"><span style=\"font-family: Liberation Serif;\">Ecolog\u00eda y etolog\u00eda<\/span><\/td>\n<td align=\"center\" bgcolor=\"#FFFFFF\"><span style=\"font-family: Liberation Serif;\">\u00a0<\/span><\/td>\n<td align=\"center\" bgcolor=\"#FFFFFF\"><span style=\"font-family: Liberation Serif;\">\u00a0<\/span><\/td>\n<td align=\"center\" bgcolor=\"#FFFFFF\"><span style=\"font-family: Liberation Serif;\">4<\/span><\/td>\n<\/tr>\n<tr>\n<td align=\"center\" bgcolor=\"#FFFFFF\" height=\"17\"><span style=\"font-family: Liberation Serif;\">4.33<\/span><\/td>\n<td align=\"center\" bgcolor=\"#FFFFFF\"><span style=\"font-family: Liberation Serif;\">Fisiolog\u00eda humana y animal<\/span><\/td>\n<td align=\"center\" bgcolor=\"#FFFFFF\"><span style=\"font-family: Liberation Serif;\">\u00a0<\/span><\/td>\n<td align=\"center\" bgcolor=\"#FFFFFF\"><span style=\"font-family: Liberation Serif;\">\u00a0<\/span><\/td>\n<td align=\"center\" bgcolor=\"#FFFFFF\"><span style=\"font-family: Liberation Serif;\">5<\/span><\/td>\n<\/tr>\n<tr>\n<td align=\"center\" bgcolor=\"#FFFFFF\" height=\"17\"><span style=\"font-family: Liberation Serif;\">4.34<\/span><\/td>\n<td align=\"center\" bgcolor=\"#FFFFFF\"><span style=\"font-family: Liberation Serif;\">Educaci\u00f3n sanitaria y ambiental<\/span><\/td>\n<td align=\"center\" bgcolor=\"#FFFFFF\"><span style=\"font-family: Liberation Serif;\">4<\/span><\/td>\n<td align=\"center\" bgcolor=\"#FFFFFF\"><span style=\"font-family: Liberation Serif;\">\u00a0<\/span><\/td>\n<td align=\"center\" bgcolor=\"#FFFFFF\"><span style=\"font-family: Liberation Serif;\">\u00a0<\/span><\/td>\n<\/tr>\n<tr>\n<td align=\"center\" bgcolor=\"#FFFFFF\" height=\"17\"><span style=\"font-family: Liberation Serif;\">4.35<\/span><\/td>\n<td align=\"center\" bgcolor=\"#FFFFFF\"><span style=\"font-family: Liberation Serif;\">Investigaci\u00f3n cient\u00edfica en el contexto escolar<\/span><\/td>\n<td align=\"center\" bgcolor=\"#FFFFFF\"><span style=\"font-family: Liberation Serif;\">\u00a0<\/span><\/td>\n<td align=\"center\" bgcolor=\"#FFFFFF\"><span style=\"font-family: Liberation Serif;\">4<\/span><\/td>\n<td align=\"center\" bgcolor=\"#FFFFFF\"><span style=\"font-family: Liberation Serif;\">\u00a0<\/span><\/td>\n<\/tr>\n<tr>\n<td align=\"center\" bgcolor=\"#FFFFFF\" height=\"32\"><span style=\"font-family: Liberation Serif;\">4.36<\/span><\/td>\n<td align=\"center\" bgcolor=\"#FFFFFF\"><span style=\"font-family: Liberation Serif;\">Epistemolog\u00eda de las Ciencias Naturales e historia de la Biolog\u00eda<\/span><\/td>\n<td align=\"center\" bgcolor=\"#FFFFFF\"><span style=\"font-family: Liberation Serif;\">\u00a0<\/span><\/td>\n<td align=\"center\" bgcolor=\"#FFFFFF\"><span style=\"font-family: Liberation Serif;\">4<\/span><\/td>\n<td align=\"center\" bgcolor=\"#FFFFFF\"><span style=\"font-family: Liberation Serif;\">\u00a0<\/span><\/td>\n<\/tr>\n<tr>\n<td align=\"center\" bgcolor=\"#FFFFFF\" height=\"17\"><span style=\"font-family: Liberation Serif;\">4.37<\/span><\/td>\n<td align=\"center\"><span style=\"font-family: Liberation Serif;\">Pr\u00e1ctica Docente IV: Residencia<\/span><\/td>\n<td align=\"left\"><\/td>\n<td align=\"left\"><\/td>\n<td align=\"center\">8<\/td>\n<\/tr>\n<\/tbody>\n<\/table>\n","protected":false},"excerpt":{"rendered":"<p>Estructura Curricular Descargar:\u00a0Resoluci\u00f3n 510\/14 y Res. 4132\/14 Fuente: Direcci\u00f3n General de Educaci\u00f3n Superior Salta Profesorado de Educaci\u00f3n Secundaria en Biolog\u00eda (Resoluci\u00f3n 510\/14 y Res. 4132\/14 modificatoria al sistema de correltividades) # PRIMER A\u00d1O ANUAL 1\u00b0 CUAT. 2\u00b0 CUAT. 1.1 Pedagog\u00eda 6 \u00a0 \u00a0 1.2 Did\u00e1ctica General \u00a0 \u00a0 3 1.3 Psicolog\u00eda Educacional \u00a0 3 \u00a0 &#8230; <a title=\"Plan de estudios PB\" class=\"read-more\" href=\"https:\/\/isfd6015-sal.infd.edu.ar\/sitio\/plan-de-estudios-pesb\/\" aria-label=\"More on Plan de estudios PB\">[+]<\/a><\/p>\n","protected":false},"author":9,"featured_media":0,"parent":0,"menu_order":0,"comment_status":"closed","ping_status":"closed","template":"","meta":[],"acf":[],"_links":{"self":[{"href":"https:\/\/isfd6015-sal.infd.edu.ar\/sitio\/wp-json\/wp\/v2\/pages\/1375"}],"collection":[{"href":"https:\/\/isfd6015-sal.infd.edu.ar\/sitio\/wp-json\/wp\/v2\/pages"}],"about":[{"href":"https:\/\/isfd6015-sal.infd.edu.ar\/sitio\/wp-json\/wp\/v2\/types\/page"}],"author":[{"embeddable":true,"href":"https:\/\/isfd6015-sal.infd.edu.ar\/sitio\/wp-json\/wp\/v2\/users\/9"}],"replies":[{"embeddable":true,"href":"https:\/\/isfd6015-sal.infd.edu.ar\/sitio\/wp-json\/wp\/v2\/comments?post=1375"}],"version-history":[{"count":15,"href":"https:\/\/isfd6015-sal.infd.edu.ar\/sitio\/wp-json\/wp\/v2\/pages\/1375\/revisions"}],"predecessor-version":[{"id":1395,"href":"https:\/\/isfd6015-sal.infd.edu.ar\/sitio\/wp-json\/wp\/v2\/pages\/1375\/revisions\/1395"}],"wp:attachment":[{"href":"https:\/\/isfd6015-sal.infd.edu.ar\/sitio\/wp-json\/wp\/v2\/media?parent=1375"}],"curies":[{"name":"wp","href":"https:\/\/api.w.org\/{rel}","templated":true}]}}