{"id":1179,"date":"2018-12-10T13:14:48","date_gmt":"2018-12-10T16:14:48","guid":{"rendered":"https:\/\/isfd6015-sal.infd.edu.ar\/sitio\/?page_id=1179"},"modified":"2019-11-28T11:58:38","modified_gmt":"2019-11-28T14:58:38","slug":"carrera-tecnicatura-superior-en-gestion-de-recursos-humanos","status":"publish","type":"page","link":"https:\/\/isfd6015-sal.infd.edu.ar\/sitio\/carrera-tecnicatura-superior-en-gestion-de-recursos-humanos\/","title":{"rendered":"Tecnicatura Superior en Gesti\u00f3n de Recursos Humanos"},"content":{"rendered":"<p><span style=\"font-size: 12pt;\"><strong>Titulo que otorga:<\/strong>\u00a0Tecnicatura Superior en Gesti\u00f3n de Recursos Humanos<\/span><\/p>\n<p><span style=\"font-size: 12pt;\"><span data-mce-mark=\"1\"><strong>Duracion de la Carrera:<\/strong><\/span> 3 A\u00f1os<\/span><\/p>\n<p><span style=\"font-size: 12pt;\"><strong>Modalidad:<\/strong> Presencial<\/span><span style=\"font-size: 12pt;\" data-mce-mark=\"1\"><strong><br \/>\n<\/strong><\/span><\/p>\n<p><span style=\"font-size: 12pt;\"><strong style=\"font-size: 12pt;\">Objetivo de la carrera:<\/strong><\/span><span style=\"font-size: 12pt;\">\u00a0La tecnicatura pretende formar profesionales que sean emprendedores \u00a0con capacidad de transformaci\u00f3n, con valores, creatividad e innovaci\u00f3n con capacidad especiales que permita el trabajo asociado, cooperativo \u00a0y especialmente organizacional<\/span><\/p>\n<p><span style=\"font-size: 12pt;\">El t\u00e9cnico se desempe\u00f1ara colaborando en la resoluci\u00f3n de situaciones de las organizaciones y la gesti\u00f3n de las personas, asistiendo a diversos procesos, como la planificaron, la selecci\u00f3n, el desarrollo y la capacitaci\u00f3n, involucr\u00e1ndose con los prop\u00f3sitos de la organizaci\u00f3n, dentro de los marcos legales que encuadran las pol\u00edticas laborales y en un marco democr\u00e1tico y participativo.\u00a0<\/span><\/p>\n<p><span style=\"font-size: 12pt;\">Objetivos generales:<br \/>\nDesarrollar los conocimientos y las competencias necesarias que permitan a los egresados desempa\u00f1arse adecuadamente en distintos tipos de organizaciones.<br \/>\nFacilitar la necesidad de espacio institucionales de reflexi\u00f3n en la cual participen los estudiantes, docentes y la propia comunidad con la finalidad de reflexionar sobre el estado de situaci\u00f3n de las relaciones laborales<br \/>\nMejorar la calidad y eficacia de la educaci\u00f3n en los institutos de educaci\u00f3n superior y contribuir a su modernizaci\u00f3n, superando los problemas cr\u00edticos del sector y tomando en cuenta la adecuaci\u00f3n de los recursos humanos a las demandas sociales, culturales, de capacitaci\u00f3n y econ\u00f3micas productivas de la comunidad<\/span><\/p>\n<p><span style=\"font-size: 12pt;\"><strong><a href=\"https:\/\/isfd6015-sal.infd.edu.ar\/sitio\/plan-de-estudios-tsgrh\/\">Plan de estudio de la carrera<\/a>\u00a0<a title=\"Plan de estudios\" href=\"https:\/\/isfd6015-sal.infd.edu.ar\/sitio\/plan-de-estudios-tsgrh\/\"><img decoding=\"async\" loading=\"lazy\" class=\"alignnone\" src=\"https:\/\/isfd6015-sal.infd.edu.ar\/sitio\/wp-content\/uploads\/2018\/08\/Clic_aqui.png\" alt=\"clic aqui\" width=\"78\" height=\"26\" border=\"0\" \/><\/a><\/strong><\/span><\/p>\n","protected":false},"excerpt":{"rendered":"<p>Titulo que otorga:\u00a0Tecnicatura Superior en Gesti\u00f3n de Recursos Humanos Duracion de la Carrera: 3 A\u00f1os Modalidad: Presencial Objetivo de la carrera:\u00a0La tecnicatura pretende formar profesionales que sean emprendedores \u00a0con capacidad de transformaci\u00f3n, con valores, creatividad e innovaci\u00f3n con capacidad especiales que permita el trabajo asociado, cooperativo \u00a0y especialmente organizacional El t\u00e9cnico se desempe\u00f1ara colaborando en &#8230; <a title=\"Tecnicatura Superior en Gesti\u00f3n de Recursos Humanos\" class=\"read-more\" href=\"https:\/\/isfd6015-sal.infd.edu.ar\/sitio\/carrera-tecnicatura-superior-en-gestion-de-recursos-humanos\/\" aria-label=\"More on Tecnicatura Superior en Gesti\u00f3n de Recursos Humanos\">[+]<\/a><\/p>\n","protected":false},"author":9,"featured_media":0,"parent":0,"menu_order":0,"comment_status":"closed","ping_status":"closed","template":"","meta":[],"acf":[],"_links":{"self":[{"href":"https:\/\/isfd6015-sal.infd.edu.ar\/sitio\/wp-json\/wp\/v2\/pages\/1179"}],"collection":[{"href":"https:\/\/isfd6015-sal.infd.edu.ar\/sitio\/wp-json\/wp\/v2\/pages"}],"about":[{"href":"https:\/\/isfd6015-sal.infd.edu.ar\/sitio\/wp-json\/wp\/v2\/types\/page"}],"author":[{"embeddable":true,"href":"https:\/\/isfd6015-sal.infd.edu.ar\/sitio\/wp-json\/wp\/v2\/users\/9"}],"replies":[{"embeddable":true,"href":"https:\/\/isfd6015-sal.infd.edu.ar\/sitio\/wp-json\/wp\/v2\/comments?post=1179"}],"version-history":[{"count":5,"href":"https:\/\/isfd6015-sal.infd.edu.ar\/sitio\/wp-json\/wp\/v2\/pages\/1179\/revisions"}],"predecessor-version":[{"id":1417,"href":"https:\/\/isfd6015-sal.infd.edu.ar\/sitio\/wp-json\/wp\/v2\/pages\/1179\/revisions\/1417"}],"wp:attachment":[{"href":"https:\/\/isfd6015-sal.infd.edu.ar\/sitio\/wp-json\/wp\/v2\/media?parent=1179"}],"curies":[{"name":"wp","href":"https:\/\/api.w.org\/{rel}","templated":true}]}}