{"id":1175,"date":"2018-12-10T13:05:53","date_gmt":"2018-12-10T16:05:53","guid":{"rendered":"https:\/\/isfd6015-sal.infd.edu.ar\/sitio\/?page_id=1175"},"modified":"2020-08-20T18:44:08","modified_gmt":"2020-08-20T21:44:08","slug":"plan-de-estudios-tsgrh","status":"publish","type":"page","link":"https:\/\/isfd6015-sal.infd.edu.ar\/sitio\/plan-de-estudios-tsgrh\/","title":{"rendered":"Plan de estudios de la Tecnicatura Superior en Gesti\u00f3n de Recursos Humanos"},"content":{"rendered":"<p align=\"center\"><span style=\"font-family: Arial, sans-serif;\"><span style=\"font-size: medium;\"><strong><span style=\"font-size: x-large;\">Estructura Curricular<\/span><\/strong><\/span><\/span><\/p>\n<p><span style=\"font-family: Arial, sans-serif;\"><span style=\"font-size: medium;\"><strong>Descargar:\u00a0<a href=\"https:\/\/dges-sal.infd.edu.ar\/sitio\/wp-content\/uploads\/2018\/12\/Res-8966-18.pdf\">Resoluci\u00f3n 8966\/18<\/a><\/strong><\/span><\/span><\/p>\n<p><span style=\"font-family: Arial, sans-serif;\"><span style=\"font-size: medium;\">Fuente: <a href=\"https:\/\/dges-sal.infd.edu.ar\/sitio\/disenos-curriculares\/\" target=\"_blank\" rel=\"noopener\">Direcci\u00f3n General de Educaci\u00f3n Superior Salta<\/a><\/span><\/span><\/p>\n<p><a href=\"https:\/\/isfd6015-sal.infd.edu.ar\/aula\/acceso.cgi?wIdSeccion=82&amp;id_curso=166&amp;query=id_curso%3D166\">Ingresar a la plataforma educativa para descargar los programas de las materias clic aqui<\/a><\/p>\n<table style=\"height: 1984px;\" border=\"0\" width=\"829\" cellspacing=\"0\">\n<colgroup width=\"23\"><\/colgroup>\n<colgroup width=\"361\"><\/colgroup>\n<colgroup width=\"62\"><\/colgroup>\n<colgroup width=\"64\"><\/colgroup>\n<colgroup width=\"69\"><\/colgroup>\n<tbody>\n<tr>\n<td style=\"text-align: center;\" colspan=\"5\" align=\"center\" valign=\"middle\" height=\"20\"><strong><span style=\"font-family: Arial; font-size: medium;\">Tecnicatura Superior en Gesti\u00f3n de Recursos Humanos<\/span><\/strong><\/td>\n<\/tr>\n<tr>\n<td style=\"text-align: center;\" align=\"center\" height=\"17\"><span style=\"font-family: Arial;\">#<\/span><\/td>\n<td style=\"text-align: center;\" align=\"center\"><b><span style=\"font-family: Arial;\">PRIMER A\u00d1O<\/span><\/b><\/td>\n<td style=\"text-align: center;\" align=\"center\"><b><span style=\"font-family: Arial;\">ANUAL<\/span><\/b><\/td>\n<td style=\"text-align: center;\" align=\"center\"><b><span style=\"font-family: Arial;\">1\u00b0 CUAT.<\/span><\/b><\/td>\n<td style=\"text-align: center;\" align=\"center\"><b><span style=\"font-family: Arial;\">2\u00b0 CUAT.<\/span><\/b><\/td>\n<\/tr>\n<tr>\n<td align=\"center\" height=\"17\"><span style=\"font-family: Arial;\">1<\/span><\/td>\n<td align=\"left\"><span style=\"font-family: Arial;\">Taller: Tecnolog\u00eda de la informaci\u00f3n y la Comunicaci\u00f3n<\/span><\/td>\n<td align=\"center\"><span style=\"font-family: Arial;\">\u00a0<\/span><\/td>\n<td align=\"center\"><span style=\"font-family: Arial;\">*<\/span><\/td>\n<td align=\"center\"><span style=\"font-family: Arial;\">\u00a0<\/span><\/td>\n<\/tr>\n<tr>\n<td align=\"center\" height=\"17\"><span style=\"font-family: Arial;\">2<\/span><\/td>\n<td align=\"left\"><span style=\"font-family: Arial;\">Taller: Producci\u00f3n y Comprensi\u00f3n de Textos<\/span><\/td>\n<td align=\"center\"><span style=\"font-family: Arial;\">\u00a0<\/span><\/td>\n<td align=\"center\"><span style=\"font-family: Arial;\">*<\/span><\/td>\n<td align=\"center\"><span style=\"font-family: Arial;\">\u00a0<\/span><\/td>\n<\/tr>\n<tr>\n<td align=\"center\" height=\"17\"><span style=\"font-family: Arial;\">3<\/span><\/td>\n<td align=\"left\"><span style=\"font-family: Arial;\">Estado, Sociedad y Trabajo<\/span><\/td>\n<td align=\"center\"><span style=\"font-family: Arial;\">\u00a0<\/span><\/td>\n<td align=\"center\"><span style=\"font-family: Arial;\">*<\/span><\/td>\n<td align=\"center\"><span style=\"font-family: Arial;\">\u00a0<\/span><\/td>\n<\/tr>\n<tr>\n<td align=\"center\" height=\"17\"><span style=\"font-family: Arial;\">4<\/span><\/td>\n<td align=\"left\"><span style=\"font-family: Arial;\">Historia Social y Econ\u00f3mica<\/span><\/td>\n<td align=\"center\"><span style=\"font-family: Arial;\">\u00a0<\/span><\/td>\n<td align=\"center\"><span style=\"font-family: Arial;\">\u00a0<\/span><\/td>\n<td align=\"center\"><span style=\"font-family: Arial;\">*<\/span><\/td>\n<\/tr>\n<tr>\n<td align=\"center\" height=\"17\"><span style=\"font-family: Arial;\">5<\/span><\/td>\n<td align=\"left\"><span style=\"font-family: Arial;\">Pol\u00edticas de Empleo <\/span><\/td>\n<td align=\"center\"><span style=\"font-family: Arial;\">\u00a0<\/span><\/td>\n<td align=\"center\"><span style=\"font-family: Arial;\">\u00a0<\/span><\/td>\n<td align=\"center\"><span style=\"font-family: Arial;\">*<\/span><\/td>\n<\/tr>\n<tr>\n<td align=\"center\" height=\"17\"><span style=\"font-family: Arial;\">6<\/span><\/td>\n<td align=\"left\"><span style=\"font-family: Arial;\">Instituciones del Derecho<\/span><\/td>\n<td align=\"center\"><span style=\"font-family: Arial;\">\u00a0<\/span><\/td>\n<td align=\"center\"><span style=\"font-family: Arial;\">\u00a0<\/span><\/td>\n<td align=\"center\"><span style=\"font-family: Arial;\">*<\/span><\/td>\n<\/tr>\n<tr>\n<td align=\"center\" height=\"17\"><span style=\"font-family: Arial;\">7<\/span><\/td>\n<td align=\"left\"><span style=\"font-family: Arial;\">introducci\u00f3n a los Recursos Humanos<\/span><\/td>\n<td align=\"center\"><span style=\"font-family: Arial;\">*<\/span><\/td>\n<td align=\"center\"><span style=\"font-family: Arial;\">\u00a0<\/span><\/td>\n<td align=\"center\"><span style=\"font-family: Arial;\">\u00a0<\/span><\/td>\n<\/tr>\n<tr>\n<td align=\"center\" height=\"17\"><span style=\"font-family: Arial;\">8<\/span><\/td>\n<td align=\"left\"><span style=\"font-family: Arial;\">Teor\u00edas del Desarrollo de las Organizaciones<\/span><\/td>\n<td align=\"center\"><span style=\"font-family: Arial;\">*<\/span><\/td>\n<td align=\"center\"><span style=\"font-family: Arial;\">\u00a0<\/span><\/td>\n<td align=\"center\"><span style=\"font-family: Arial;\">\u00a0<\/span><\/td>\n<\/tr>\n<tr>\n<td align=\"center\" height=\"17\"><span style=\"font-family: Arial;\">9<\/span><\/td>\n<td align=\"left\"><span style=\"font-family: Arial;\">introducci\u00f3n a la Administraci\u00f3n Estrat\u00e9gica <\/span><\/td>\n<td align=\"center\"><span style=\"font-family: Arial;\">\u00a0<\/span><\/td>\n<td align=\"center\"><span style=\"font-family: Arial;\">*<\/span><\/td>\n<td align=\"center\"><span style=\"font-family: Arial;\">\u00a0<\/span><\/td>\n<\/tr>\n<tr>\n<td align=\"center\" height=\"17\"><span style=\"font-family: Arial;\">10<\/span><\/td>\n<td align=\"left\"><span style=\"font-family: Arial;\">Contabilidad B\u00e1sica <\/span><\/td>\n<td align=\"center\"><span style=\"font-family: Arial;\">\u00a0<\/span><\/td>\n<td align=\"center\"><span style=\"font-family: Arial;\">\u00a0<\/span><\/td>\n<td align=\"center\"><span style=\"font-family: Arial;\">*<\/span><\/td>\n<\/tr>\n<tr>\n<td align=\"center\" height=\"17\"><span style=\"font-family: Arial;\">11<\/span><\/td>\n<td align=\"left\"><span style=\"font-family: Arial;\">Practica Profesional I: Gesti\u00f3n por Competencias<\/span><\/td>\n<td align=\"center\"><span style=\"font-family: Arial;\">*<\/span><\/td>\n<td align=\"center\"><span style=\"font-family: Arial;\">\u00a0<\/span><\/td>\n<td align=\"center\"><span style=\"font-family: Arial;\">\u00a0<\/span><\/td>\n<\/tr>\n<tr>\n<td style=\"text-align: center;\" align=\"center\" height=\"17\"><span style=\"font-family: Arial;\">#<\/span><\/td>\n<td style=\"text-align: center;\" align=\"center\"><b><span style=\"font-family: Arial;\">SEGUNDO A\u00d1O<\/span><\/b><\/td>\n<td style=\"text-align: center;\" align=\"center\"><b><span style=\"font-family: Arial;\">ANUAL<\/span><\/b><\/td>\n<td style=\"text-align: center;\" align=\"center\"><b><span style=\"font-family: Arial;\">1\u00b0 CUAT.<\/span><\/b><\/td>\n<td style=\"text-align: center;\" align=\"center\"><b><span style=\"font-family: Arial;\">2\u00b0 CUAT.<\/span><\/b><\/td>\n<\/tr>\n<tr>\n<td align=\"center\" height=\"17\"><span style=\"font-family: Arial;\">12<\/span><\/td>\n<td align=\"left\"><span style=\"font-family: Arial;\">Relaciones Publicas<\/span><\/td>\n<td align=\"center\"><span style=\"font-family: Arial;\">\u00a0<\/span><\/td>\n<td align=\"center\"><span style=\"font-family: Arial;\">*<\/span><\/td>\n<td align=\"center\"><span style=\"font-family: Arial;\">\u00a0<\/span><\/td>\n<\/tr>\n<tr>\n<td align=\"center\" height=\"17\"><span style=\"font-family: Arial;\">13<\/span><\/td>\n<td align=\"left\"><span style=\"font-family: Arial;\">Taller de Metodolog\u00eda de la investigaci\u00f3n<\/span><\/td>\n<td align=\"center\"><span style=\"font-family: Arial;\">\u00a0<\/span><\/td>\n<td align=\"center\"><span style=\"font-family: Arial;\">\u00a0<\/span><\/td>\n<td align=\"center\"><span style=\"font-family: Arial;\">*<\/span><\/td>\n<\/tr>\n<tr>\n<td align=\"center\" height=\"17\"><span style=\"font-family: Arial;\">14<\/span><\/td>\n<td align=\"left\"><span style=\"font-family: Arial;\">Psicolog\u00eda Social<\/span><\/td>\n<td align=\"center\"><span style=\"font-family: Arial;\">\u00a0<\/span><\/td>\n<td align=\"center\"><span style=\"font-family: Arial;\">*<\/span><\/td>\n<td align=\"center\"><span style=\"font-family: Arial;\">\u00a0<\/span><\/td>\n<\/tr>\n<tr>\n<td align=\"center\" height=\"17\"><span style=\"font-family: Arial;\">15<\/span><\/td>\n<td align=\"left\"><span style=\"font-family: Arial;\">Derecho Laboral<\/span><\/td>\n<td align=\"center\"><span style=\"font-family: Arial;\">\u00a0<\/span><\/td>\n<td align=\"center\"><span style=\"font-family: Arial;\">*<\/span><\/td>\n<td align=\"center\"><span style=\"font-family: Arial;\">\u00a0<\/span><\/td>\n<\/tr>\n<tr>\n<td align=\"center\" height=\"17\"><span style=\"font-family: Arial;\">16<\/span><\/td>\n<td align=\"left\"><span style=\"font-family: Arial;\">Seguridad Social<\/span><\/td>\n<td align=\"center\"><span style=\"font-family: Arial;\">\u00a0<\/span><\/td>\n<td align=\"center\"><span style=\"font-family: Arial;\">\u00a0<\/span><\/td>\n<td align=\"center\"><span style=\"font-family: Arial;\">*<\/span><\/td>\n<\/tr>\n<tr>\n<td align=\"center\" height=\"17\"><span style=\"font-family: Arial;\">17<\/span><\/td>\n<td align=\"left\"><span style=\"font-family: Arial;\">Psicolog\u00eda Laboral <\/span><\/td>\n<td align=\"center\"><span style=\"font-family: Arial;\">\u00a0<\/span><\/td>\n<td align=\"center\"><span style=\"font-family: Arial;\">\u00a0<\/span><\/td>\n<td align=\"center\"><span style=\"font-family: Arial;\">*<\/span><\/td>\n<\/tr>\n<tr>\n<td align=\"center\" height=\"17\"><span style=\"font-family: Arial;\">18<\/span><\/td>\n<td align=\"left\"><span style=\"font-family: Arial;\">Taller: Liquidaci\u00f3n de Sueldos y Beneficios Sociales<\/span><\/td>\n<td align=\"center\"><span style=\"font-family: Arial;\">*<\/span><\/td>\n<td align=\"center\"><span style=\"font-family: Arial;\">\u00a0<\/span><\/td>\n<td align=\"center\"><span style=\"font-family: Arial;\">\u00a0<\/span><\/td>\n<\/tr>\n<tr>\n<td align=\"center\" height=\"17\"><span style=\"font-family: Arial;\">19<\/span><\/td>\n<td align=\"left\"><span style=\"font-family: Arial;\">Administraci\u00f3n de las Organizaciones<\/span><\/td>\n<td align=\"center\"><span style=\"font-family: Arial;\">\u00a0<\/span><\/td>\n<td align=\"center\"><span style=\"font-family: Arial;\">\u00a0<\/span><\/td>\n<td align=\"center\"><span style=\"font-family: Arial;\">*<\/span><\/td>\n<\/tr>\n<tr>\n<td align=\"center\" height=\"17\"><span style=\"font-family: Arial;\">20<\/span><\/td>\n<td align=\"left\"><span style=\"font-family: Arial;\">Estad\u00edstica Aplicada <\/span><\/td>\n<td align=\"center\"><span style=\"font-family: Arial;\">\u00a0<\/span><\/td>\n<td align=\"center\"><span style=\"font-family: Arial;\">*<\/span><\/td>\n<td align=\"center\"><span style=\"font-family: Arial;\">\u00a0<\/span><\/td>\n<\/tr>\n<tr>\n<td align=\"center\" height=\"17\"><span style=\"font-family: Arial;\">21<\/span><\/td>\n<td align=\"left\"><span style=\"font-family: Arial;\">Reclutamiento y Selecci\u00f3n<\/span><\/td>\n<td align=\"center\"><span style=\"font-family: Arial;\">*<\/span><\/td>\n<td align=\"center\"><span style=\"font-family: Arial;\">\u00a0<\/span><\/td>\n<td align=\"center\"><span style=\"font-family: Arial;\">\u00a0<\/span><\/td>\n<\/tr>\n<tr>\n<td align=\"center\" height=\"17\"><span style=\"font-family: Arial;\">22<\/span><\/td>\n<td align=\"left\"><span style=\"font-family: Arial;\">Practica Profesional ll: Reclutamiento y Selecci\u00f3n<\/span><\/td>\n<td align=\"center\"><span style=\"font-family: Arial;\">*<\/span><\/td>\n<td align=\"center\"><span style=\"font-family: Arial;\">\u00a0<\/span><\/td>\n<td align=\"center\"><span style=\"font-family: Arial;\">\u00a0<\/span><\/td>\n<\/tr>\n<tr>\n<td style=\"text-align: center;\" align=\"center\" height=\"17\"><span style=\"font-family: Arial;\">#<\/span><\/td>\n<td style=\"text-align: center;\" align=\"center\"><b><span style=\"font-family: Arial;\">TERCER A\u00d1O<\/span><\/b><\/td>\n<td style=\"text-align: center;\" align=\"center\"><b><span style=\"font-family: Arial;\">ANUAL<\/span><\/b><\/td>\n<td style=\"text-align: center;\" align=\"center\"><b><span style=\"font-family: Arial;\">1\u00b0 CUAT.<\/span><\/b><\/td>\n<td style=\"text-align: center;\" align=\"center\"><b><span style=\"font-family: Arial;\">2\u00b0 CUAT.<\/span><\/b><\/td>\n<\/tr>\n<tr>\n<td align=\"center\" height=\"17\"><span style=\"font-family: Arial;\">23<\/span><\/td>\n<td align=\"left\"><span style=\"font-family: Arial;\">\u00c9tica y Responsabilidad Social <\/span><\/td>\n<td align=\"center\"><span style=\"font-family: Arial;\">\u00a0<\/span><\/td>\n<td align=\"center\"><span style=\"font-family: Arial;\">*<\/span><\/td>\n<td align=\"center\"><span style=\"font-family: Arial;\">\u00a0<\/span><\/td>\n<\/tr>\n<tr>\n<td align=\"center\" height=\"17\"><span style=\"font-family: Arial;\">24<\/span><\/td>\n<td align=\"left\"><span style=\"font-family: Arial;\">Ingl\u00e9s<\/span><\/td>\n<td align=\"center\"><span style=\"font-family: Arial;\">*<\/span><\/td>\n<td align=\"center\"><span style=\"font-family: Arial;\">\u00a0<\/span><\/td>\n<td align=\"center\"><span style=\"font-family: Arial;\">\u00a0<\/span><\/td>\n<\/tr>\n<tr>\n<td align=\"center\" height=\"17\"><span style=\"font-family: Arial;\">25<\/span><\/td>\n<td align=\"left\"><span style=\"font-family: Arial;\">Higiene y Seguridad Laboral <\/span><\/td>\n<td align=\"center\"><span style=\"font-family: Arial;\">\u00a0<\/span><\/td>\n<td align=\"center\"><span style=\"font-family: Arial;\">\u00a0<\/span><\/td>\n<td align=\"center\"><span style=\"font-family: Arial;\">*<\/span><\/td>\n<\/tr>\n<tr>\n<td align=\"center\" height=\"17\"><span style=\"font-family: Arial;\">26<\/span><\/td>\n<td align=\"left\"><span style=\"font-family: Arial;\">Negociaci\u00f3n y Resoluci\u00f3n de Conflictos<\/span><\/td>\n<td align=\"center\"><span style=\"font-family: Arial;\">\u00a0<\/span><\/td>\n<td align=\"center\"><span style=\"font-family: Arial;\">*<\/span><\/td>\n<td align=\"center\"><span style=\"font-family: Arial;\">\u00a0<\/span><\/td>\n<\/tr>\n<tr>\n<td align=\"center\" height=\"17\"><span style=\"font-family: Arial;\">27<\/span><\/td>\n<td align=\"left\"><span style=\"font-family: Arial;\">Comunicaci\u00f3n Organizacional <\/span><\/td>\n<td align=\"center\"><span style=\"font-family: Arial;\">\u00a0<\/span><\/td>\n<td align=\"center\"><span style=\"font-family: Arial;\">\u00a0<\/span><\/td>\n<td align=\"center\"><span style=\"font-family: Arial;\">*<\/span><\/td>\n<\/tr>\n<tr>\n<td align=\"center\" height=\"17\"><span style=\"font-family: Arial;\">28<\/span><\/td>\n<td align=\"left\"><span style=\"font-family: Arial;\">Taller: Emprendedurismo y Formulaci\u00f3n de Proyectos<\/span><\/td>\n<td align=\"center\"><span style=\"font-family: Arial;\">*<\/span><\/td>\n<td align=\"center\"><span style=\"font-family: Arial;\">\u00a0<\/span><\/td>\n<td align=\"center\"><span style=\"font-family: Arial;\">\u00a0<\/span><\/td>\n<\/tr>\n<tr>\n<td align=\"center\" height=\"17\"><span style=\"font-family: Arial;\">29<\/span><\/td>\n<td align=\"left\"><span style=\"font-family: Arial;\">Capacitaci\u00f3n y Desarrollo<\/span><\/td>\n<td align=\"center\"><span style=\"font-family: Arial;\">*<\/span><\/td>\n<td align=\"center\"><span style=\"font-family: Arial;\">\u00a0<\/span><\/td>\n<td align=\"center\"><span style=\"font-family: Arial;\">\u00a0<\/span><\/td>\n<\/tr>\n<tr>\n<td align=\"center\" height=\"17\"><span style=\"font-family: Arial;\">30<\/span><\/td>\n<td align=\"left\"><span style=\"font-family: Arial;\">Social \u2014 Media y Recursos Humanos<\/span><\/td>\n<td align=\"center\"><span style=\"font-family: Arial;\">\u00a0<\/span><\/td>\n<td align=\"center\"><span style=\"font-family: Arial;\">*<\/span><\/td>\n<td align=\"center\"><span style=\"font-family: Arial;\">\u00a0<\/span><\/td>\n<\/tr>\n<tr>\n<td align=\"center\" height=\"17\"><span style=\"font-family: Arial;\">31<\/span><\/td>\n<td align=\"left\"><span style=\"font-family: Arial;\">Practica Profesional III: Capacitaci\u00f3n y Desarrollo<\/span><\/td>\n<td align=\"center\"><span style=\"font-family: Arial;\">*<\/span><\/td>\n<td align=\"center\"><span style=\"font-family: Arial;\">\u00a0<\/span><\/td>\n<td align=\"center\"><\/td>\n<\/tr>\n<\/tbody>\n<\/table>\n","protected":false},"excerpt":{"rendered":"<p>Estructura Curricular Descargar:\u00a0Resoluci\u00f3n 8966\/18 Fuente: Direcci\u00f3n General de Educaci\u00f3n Superior Salta Ingresar a la plataforma educativa para descargar los programas de las materias clic aqui Tecnicatura Superior en Gesti\u00f3n de Recursos Humanos # PRIMER A\u00d1O ANUAL 1\u00b0 CUAT. 2\u00b0 CUAT. 1 Taller: Tecnolog\u00eda de la informaci\u00f3n y la Comunicaci\u00f3n \u00a0 * \u00a0 2 Taller: Producci\u00f3n &#8230; <a title=\"Plan de estudios de la Tecnicatura Superior en Gesti\u00f3n de Recursos Humanos\" class=\"read-more\" href=\"https:\/\/isfd6015-sal.infd.edu.ar\/sitio\/plan-de-estudios-tsgrh\/\" aria-label=\"More on Plan de estudios de la Tecnicatura Superior en Gesti\u00f3n de Recursos Humanos\">[+]<\/a><\/p>\n","protected":false},"author":9,"featured_media":0,"parent":0,"menu_order":0,"comment_status":"closed","ping_status":"closed","template":"","meta":[],"acf":[],"_links":{"self":[{"href":"https:\/\/isfd6015-sal.infd.edu.ar\/sitio\/wp-json\/wp\/v2\/pages\/1175"}],"collection":[{"href":"https:\/\/isfd6015-sal.infd.edu.ar\/sitio\/wp-json\/wp\/v2\/pages"}],"about":[{"href":"https:\/\/isfd6015-sal.infd.edu.ar\/sitio\/wp-json\/wp\/v2\/types\/page"}],"author":[{"embeddable":true,"href":"https:\/\/isfd6015-sal.infd.edu.ar\/sitio\/wp-json\/wp\/v2\/users\/9"}],"replies":[{"embeddable":true,"href":"https:\/\/isfd6015-sal.infd.edu.ar\/sitio\/wp-json\/wp\/v2\/comments?post=1175"}],"version-history":[{"count":12,"href":"https:\/\/isfd6015-sal.infd.edu.ar\/sitio\/wp-json\/wp\/v2\/pages\/1175\/revisions"}],"predecessor-version":[{"id":1719,"href":"https:\/\/isfd6015-sal.infd.edu.ar\/sitio\/wp-json\/wp\/v2\/pages\/1175\/revisions\/1719"}],"wp:attachment":[{"href":"https:\/\/isfd6015-sal.infd.edu.ar\/sitio\/wp-json\/wp\/v2\/media?parent=1175"}],"curies":[{"name":"wp","href":"https:\/\/api.w.org\/{rel}","templated":true}]}}