{"id":1153,"date":"2018-12-05T13:02:02","date_gmt":"2018-12-05T16:02:02","guid":{"rendered":"https:\/\/isfd6015-sal.infd.edu.ar\/sitio\/?page_id=1153"},"modified":"2024-07-13T18:09:04","modified_gmt":"2024-07-13T21:09:04","slug":"correo-electronico-de-titulos","status":"publish","type":"page","link":"https:\/\/isfd6015-sal.infd.edu.ar\/sitio\/correo-electronico-de-titulos\/","title":{"rendered":"Declaraci\u00f3n jurada de correo electr\u00f3nico para recibir el titulo"},"content":{"rendered":"<p>El alumno Egresado deben completar el siguiente formulario para iniciar los tramites de solicitud de titulo:<\/p>\n<div class=\"x11i5rnm xat24cr x1mh8g0r x1vvkbs xtlvy1s x126k92a\">\n<div dir=\"auto\">Por la resoluci\u00f3n CFE N\u00b0 440\/23, a partir del 1ro. de noviembre de 2023 los t\u00edtulos y certificados de educaci\u00f3n secundaria y de educaci\u00f3n superior se emitir\u00e1n en formato digital, abandonando definitivamente el formato f\u00edsico sobre papel moneda.<\/div>\n<\/div>\n<div class=\"x11i5rnm xat24cr x1mh8g0r x1vvkbs xtlvy1s x126k92a\">\n<div dir=\"auto\">Por este motivo los alumnos egresados deber\u00e1n completar el siguiente formulario para presentar en la secretaria en el cual se realizar\u00e1 la declaraci\u00f3n de un domicilio electr\u00f3nico en el cual va a recibir el titulo digital a trav\u00e9s de la plataforma ReFe (registro federal de egresados).<\/p>\n<\/div>\n<\/div>\n<div class=\"x11i5rnm xat24cr x1mh8g0r x1vvkbs xtlvy1s x126k92a\">\n<div dir=\"auto\">Este nuevo correo electr\u00f3nico debe estar compuesto por el nombre y apellido de los egresados, tener nombres significativos y relacionado al alumno egresado, no se aceptan nombres ficticios o apodos.<\/p>\n<\/div>\n<\/div>\n<div class=\"x11i5rnm xat24cr x1mh8g0r x1vvkbs xtlvy1s x126k92a\">\n<div dir=\"auto\">No se aceptar\u00e1n correos electr\u00f3nicos compuestos de la siguiente forma:<\/div>\n<p>pitufina132@gmail.com o messi2022@hotmail.com<br \/>\nJAS1994@yahoo.com o m4rcel0.ri0s@outlook.com<br \/>\nmai.fer.gonzalez@yahoo.com<br \/>\nmarce-santi-lopez@gmail.com<\/p>\n<\/div>\n<div class=\"x11i5rnm xat24cr x1mh8g0r x1vvkbs xtlvy1s x126k92a\">\n<div dir=\"auto\">El nombre del correo electr\u00f3nico debe contener los nombres y apellidos del alumno egresado y estar compuesto de la siguiente forma:<\/div>\n<\/div>\n<div class=\"x11i5rnm xat24cr x1mh8g0r x1vvkbs xtlvy1s x126k92a\">\n<div dir=\"auto\">nombreapellido@gmail.com (nombre y apellidos todos juntos)<\/p>\n<\/div>\n<div dir=\"auto\">nombre1nombre2apellido@gmail.com (2 nombres y 1 apellido todos juntos)<br \/>\nnombre1apellido1apellido2@yahoo.com (1 nombre y 2apellidos todos juntos)<br \/>\nnombre.apellido@yahoo.com (nombres y apellidos separados por un punto<br \/>\nnombreapellido####@outlook.com (nombres y apellidos m\u00e1s n\u00fameros)<\/div>\n<div dir=\"auto\">nombre.apellido.####@outlook.com (nombres y apellidos m\u00e1s n\u00fameros separado por puntos)<\/div>\n<\/div>\n<div class=\"x11i5rnm xat24cr x1mh8g0r x1vvkbs xtlvy1s x126k92a\">\n<div dir=\"auto\">\nPreferentemente crear el correo electr\u00f3nico usando el servicio de correo de GMAIL se aceptan tambien correos de Yahoo, Outlook, Live y hotmail.<\/p>\n<\/div>\n<\/div>\n<div class=\"x11i5rnm xat24cr x1mh8g0r x1vvkbs xtlvy1s x126k92a\">\n<div dir=\"auto\">Tambi\u00e9n a partir del 2024 se deben enviar en formato digital escaneado la siguiente documentaci\u00f3n al correo ies6015.titulo@gmail.com con el asunto del correo que diga:<\/div>\n<div dir=\"auto\">\u201cDocumentaci\u00f3n para t\u00edtulo nombre y apellido\u201d.<\/p>\n<\/div>\n<\/div>\n<div class=\"x11i5rnm xat24cr x1mh8g0r x1vvkbs xtlvy1s x126k92a\">\n<div dir=\"auto\">Documentaci\u00f3n para adjuntar en el correo:<\/p>\n<\/div>\n<div dir=\"auto\">Escaneo en formato PDF de DNI<\/div>\n<div dir=\"auto\">Escaneo en formato PDF del titulo secundario<\/div>\n<div dir=\"auto\">Escaneo en formato PDF de la partida de nacimiento<\/p>\n<\/div>\n<\/div>\n<div class=\"x11i5rnm xat24cr x1mh8g0r x1vvkbs xtlvy1s x126k92a\">\n<div dir=\"auto\">Puede escanear con alguna aplicaci\u00f3n de celular como camescanner o esc\u00e1ner de google que aplican filtro de estilo como fotocopia. En caso de no contar con celular o esc\u00e1ner acercar al instituto fotocopia para que se realice el escaneo.<\/p>\n<\/div>\n<div dir=\"auto\">El alumno egresado es responsable de mantener esta cuenta de correo electr\u00f3nico habilitada, y en uso exclusivamente para recibir el titulo o enviar documentaci\u00f3n o recibir notificaciones relacionadas al mismo.<\/div>\n<\/div>\n<div class=\"x11i5rnm xat24cr x1mh8g0r x1vvkbs xtlvy1s x126k92a\">\n<div dir=\"auto\">Formulario declaraci\u00f3n jurada de domicilio electr\u00f3nico:<\/p>\n<div class=\"mceTemp\">\n<figure id=\"attachment_2699\" aria-describedby=\"caption-attachment-2699\" style=\"width: 286px\" class=\"wp-caption aligncenter\"><a href=\"https:\/\/docs.google.com\/forms\/d\/e\/1FAIpQLScsEqJsRgHjFB9ZScDUO1YkiFBtKoZXpUWYluld762HivJnrg\/viewform\" target=\"_blank\" rel=\"noopener\"><img decoding=\"async\" loading=\"lazy\" class=\"size-full wp-image-2699\" src=\"https:\/\/isfd6015-sal.infd.edu.ar\/sitio\/wp-content\/uploads\/2024\/04\/Captura-de-pantalla-2024-04-29-162332-1.png\" alt=\"formulario\" width=\"296\" height=\"109\" \/><\/a><figcaption id=\"caption-attachment-2699\" class=\"wp-caption-text\">completar formulario<\/figcaption><\/figure>\n<\/div>\n<\/div>\n","protected":false},"excerpt":{"rendered":"<p>El alumno Egresado deben completar el siguiente formulario para iniciar los tramites de solicitud de titulo: Por la resoluci\u00f3n CFE N\u00b0 440\/23, a partir del 1ro. de noviembre de 2023 los t\u00edtulos y certificados de educaci\u00f3n secundaria y de educaci\u00f3n superior se emitir\u00e1n en formato digital, abandonando definitivamente el formato f\u00edsico sobre papel moneda. Por &#8230; <a title=\"Declaraci\u00f3n jurada de correo electr\u00f3nico para recibir el titulo\" class=\"read-more\" href=\"https:\/\/isfd6015-sal.infd.edu.ar\/sitio\/correo-electronico-de-titulos\/\" aria-label=\"More on Declaraci\u00f3n jurada de correo electr\u00f3nico para recibir el titulo\">[+]<\/a><\/p>\n","protected":false},"author":9,"featured_media":0,"parent":0,"menu_order":0,"comment_status":"closed","ping_status":"closed","template":"","meta":[],"acf":[],"_links":{"self":[{"href":"https:\/\/isfd6015-sal.infd.edu.ar\/sitio\/wp-json\/wp\/v2\/pages\/1153"}],"collection":[{"href":"https:\/\/isfd6015-sal.infd.edu.ar\/sitio\/wp-json\/wp\/v2\/pages"}],"about":[{"href":"https:\/\/isfd6015-sal.infd.edu.ar\/sitio\/wp-json\/wp\/v2\/types\/page"}],"author":[{"embeddable":true,"href":"https:\/\/isfd6015-sal.infd.edu.ar\/sitio\/wp-json\/wp\/v2\/users\/9"}],"replies":[{"embeddable":true,"href":"https:\/\/isfd6015-sal.infd.edu.ar\/sitio\/wp-json\/wp\/v2\/comments?post=1153"}],"version-history":[{"count":3,"href":"https:\/\/isfd6015-sal.infd.edu.ar\/sitio\/wp-json\/wp\/v2\/pages\/1153\/revisions"}],"predecessor-version":[{"id":2725,"href":"https:\/\/isfd6015-sal.infd.edu.ar\/sitio\/wp-json\/wp\/v2\/pages\/1153\/revisions\/2725"}],"wp:attachment":[{"href":"https:\/\/isfd6015-sal.infd.edu.ar\/sitio\/wp-json\/wp\/v2\/media?parent=1153"}],"curies":[{"name":"wp","href":"https:\/\/api.w.org\/{rel}","templated":true}]}}